{"id":1252,"date":"2023-08-30T07:12:15","date_gmt":"2023-08-30T07:12:15","guid":{"rendered":"https:\/\/www.discoveregypt.org\/?page_id=1252"},"modified":"2026-04-12T16:41:57","modified_gmt":"2026-04-12T16:41:57","slug":"giza-pyramids","status":"publish","type":"page","link":"https:\/\/www.discoveregypt.org\/de\/giza-pyramids\/","title":{"rendered":"Giza Pyramids"},"content":{"rendered":"<div data-elementor-type=\"wp-page\" data-elementor-id=\"1252\" class=\"elementor elementor-1252\">\n\t\t\t\t\t\t<section class=\"elementor-section elementor-top-section elementor-element elementor-element-1b0a5d33 elementor-section-boxed elementor-section-height-default elementor-section-height-default\" data-id=\"1b0a5d33\" data-element_type=\"section\" data-e-type=\"section\" data-settings=\"{&quot;background_background&quot;:&quot;classic&quot;}\">\n\t\t\t\t\t\t\t<div class=\"elementor-background-overlay\"><\/div>\n\t\t\t\t\t\t\t<div class=\"elementor-container elementor-column-gap-default\">\n\t\t\t\t\t<div class=\"elementor-column elementor-col-50 elementor-top-column elementor-element elementor-element-1f841ba\" data-id=\"1f841ba\" data-element_type=\"column\" data-e-type=\"column\">\n\t\t\t<div class=\"elementor-widget-wrap elementor-element-populated\">\n\t\t\t\t\t\t<div class=\"elementor-element elementor-element-365ba0bd elementor-widget elementor-widget-heading\" data-id=\"365ba0bd\" data-element_type=\"widget\" data-e-type=\"widget\" data-widget_type=\"heading.default\">\n\t\t\t\t<div class=\"elementor-widget-container\">\n\t\t\t\t\t<h1 class=\"elementor-heading-title elementor-size-default\">Die Pyramiden von Gizeh \u2013 bei Tag und bei Nacht  <img decoding=\"async\" role=\"img\" class=\"emoji\" alt=\"\ud83d\udc2a\" src=\"https:\/\/s.w.org\/images\/core\/emoji\/15.0.3\/svg\/1f42a.svg\"><\/h1>\t\t\t\t<\/div>\n\t\t\t\t<\/div>\n\t\t\t\t<div class=\"elementor-element elementor-element-4eba0ba elementor-widget elementor-widget-text-editor\" data-id=\"4eba0ba\" data-element_type=\"widget\" data-e-type=\"widget\" data-widget_type=\"text-editor.default\">\n\t\t\t\t<div class=\"elementor-widget-container\">\n\t\t\t\t\t\t\t\t\t<ul class=\"ul1\"><li>Besuch des Giza-Plateaus mit besonderer Foto-Session vor diesem Weltwunder der Antike\u00a0<\/li><li>Optionale Entdeckung \u201egeheimer\u201c, nicht f\u00fcr alle Touristen zug\u00e4nglicher Orte<\/li><li>Rundgang und\/oder Kutschfahrt durch das alte Giza<\/li><li>\"Kostenfreie\u201c Teilnahme an der abendlichen Sound &amp; Light Show bei einem a la Carte Dinner vom Dach eines Hotels<\/li><li>Optional sind Ausritte in die W\u00fcste zum Sonnenauf- oder untergang m\u00f6glich<\/li><\/ul>\t\t\t\t\t\t\t\t<\/div>\n\t\t\t\t<\/div>\n\t\t\t\t\t<\/div>\n\t\t<\/div>\n\t\t\t\t<div class=\"elementor-column elementor-col-50 elementor-top-column elementor-element elementor-element-c7d1829\" data-id=\"c7d1829\" data-element_type=\"column\" data-e-type=\"column\" data-settings=\"{&quot;background_background&quot;:&quot;classic&quot;}\">\n\t\t\t<div class=\"elementor-widget-wrap elementor-element-populated\">\n\t\t\t\t\t<div class=\"elementor-background-overlay\"><\/div>\n\t\t\t\t\t\t<div class=\"elementor-element elementor-element-960d4ff elementor-widget elementor-widget-text-editor\" data-id=\"960d4ff\" data-element_type=\"widget\" data-e-type=\"widget\" data-widget_type=\"text-editor.default\">\n\t\t\t\t<div class=\"elementor-widget-container\">\n\t\t\t\t\t\t\t\t\t<p>Darf ich vorstellen...<\/p>\t\t\t\t\t\t\t\t<\/div>\n\t\t\t\t<\/div>\n\t\t\t\t<div class=\"elementor-element elementor-element-dee131c elementor-widget elementor-widget-image\" data-id=\"dee131c\" data-element_type=\"widget\" data-e-type=\"widget\" data-widget_type=\"image.default\">\n\t\t\t\t<div class=\"elementor-widget-container\">\n\t\t\t\t\t\t\t\t\t\t\t\t\t\t\t<img fetchpriority=\"high\" decoding=\"async\" width=\"600\" height=\"600\" src=\"https:\/\/www.discoveregypt.org\/wp-content\/uploads\/2023\/08\/Kimo.png\" class=\"attachment-full size-full wp-image-996\" alt=\"My Giza guide Kimo\" srcset=\"https:\/\/www.discoveregypt.org\/wp-content\/uploads\/2023\/08\/Kimo.png 600w, https:\/\/www.discoveregypt.org\/wp-content\/uploads\/2023\/08\/Kimo-300x300.png 300w, https:\/\/www.discoveregypt.org\/wp-content\/uploads\/2023\/08\/elementor\/thumbs\/Kimo-qbvfkjdd6l5ziz0rtnf7y3s6vw7atvrq71o1hoqee4.png 150w, https:\/\/www.discoveregypt.org\/wp-content\/uploads\/2023\/08\/Kimo-12x12.png 12w, https:\/\/www.discoveregypt.org\/wp-content\/uploads\/2023\/08\/elementor\/thumbs\/Kimo-qbvfkjddsik7bz3n13ut057dekb45rdl4xymkdz0eo.png 200w, https:\/\/www.discoveregypt.org\/wp-content\/uploads\/2023\/08\/elementor\/thumbs\/Kimo-qbvfkjdbyqdjwyv1eqk1u0xtujzo64k0b92vca96d0.png 50w\" sizes=\"(max-width: 600px) 100vw, 600px\" \/>\t\t\t\t\t\t\t\t\t\t\t\t\t\t\t<\/div>\n\t\t\t\t<\/div>\n\t\t\t\t<div class=\"elementor-element elementor-element-0093cca elementor-widget elementor-widget-text-editor\" data-id=\"0093cca\" data-element_type=\"widget\" data-e-type=\"widget\" data-widget_type=\"text-editor.default\">\n\t\t\t\t<div class=\"elementor-widget-container\">\n\t\t\t\t\t\t\t\t\t<ul class=\"ul1\"><li>Kimo, 39 Jahre alt, Halb-Beduine aber 100 % \u00c4gypter<\/li><li>Hervorragend vernetzter Guide, der auch besondere W\u00fcnsche erf\u00fcllen kann<\/li><li>Gro\u00dfer Pferdeliebhaber und sehr guter Backgammon-Spieler<\/li><li>Flie\u00dfende Englisch-Kenntnisse<\/li><li>\u201eMit allen Wassern gewaschen\u201c<\/li><\/ul>\t\t\t\t\t\t\t\t<\/div>\n\t\t\t\t<\/div>\n\t\t\t\t\t<\/div>\n\t\t<\/div>\n\t\t\t\t\t<\/div>\n\t\t<\/section>\n\t\t\t\t<section class=\"elementor-section elementor-top-section elementor-element elementor-element-05e947d elementor-section-boxed elementor-section-height-default elementor-section-height-default\" data-id=\"05e947d\" data-element_type=\"section\" data-e-type=\"section\" data-settings=\"{&quot;background_background&quot;:&quot;classic&quot;}\">\n\t\t\t\t\t\t\t<div class=\"elementor-background-overlay\"><\/div>\n\t\t\t\t\t\t\t<div class=\"elementor-container elementor-column-gap-default\">\n\t\t\t\t\t<div class=\"elementor-column elementor-col-50 elementor-top-column elementor-element elementor-element-b46641a\" data-id=\"b46641a\" data-element_type=\"column\" data-e-type=\"column\">\n\t\t\t<div class=\"elementor-widget-wrap elementor-element-populated\">\n\t\t\t\t\t\t<div class=\"elementor-element elementor-element-57dfccb elementor-widget elementor-widget-heading\" data-id=\"57dfccb\" data-element_type=\"widget\" data-e-type=\"widget\" data-widget_type=\"heading.default\">\n\t\t\t\t<div class=\"elementor-widget-container\">\n\t\t\t\t\t<h2 class=\"elementor-heading-title elementor-size-default\">Eine Tour zu den Pyramiden mit Kimo <img decoding=\"async\" role=\"img\" class=\"emoji\" alt=\"\ud83d\uded5 \" src=\"https:\/\/s.w.org\/images\/core\/emoji\/15.0.3\/svg\/1f6d5.svg\"><\/h2>\t\t\t\t<\/div>\n\t\t\t\t<\/div>\n\t\t\t\t<div class=\"elementor-element elementor-element-89e0633 elementor-widget elementor-widget-text-editor\" data-id=\"89e0633\" data-element_type=\"widget\" data-e-type=\"widget\" id=\"main-text\" data-widget_type=\"text-editor.default\">\n\t\t\t\t<div class=\"elementor-widget-container\">\n\t\t\t\t\t\t\t\t\t<p>Wenn Ihr Euch die eingestellten Bilder anschaut, wisst Ihr, dass auch tausend Worte nicht ausreichen, diesen unglaublichen und weltber\u00fchmten Ort mit dieser mystischen Atmosph\u00e4re treffend zu beschreiben.<\/p><p class=\"translation-block\">Um die wahre Mystik dieses Ortes zu erleben, ist ein geeigneter Reisef\u00fchrer unverzichtbar. Hierf\u00fcr kann ich Kimo nur w\u00e4rmstens empfehlen. Er hat es mir auch erm\u00f6glicht, einmal der \u201ePrinz auf dem wei\u00dfen Pferd\u201c zu sein. Mehr dazu erfahrt ihr <a href=\"\/\/www.discoveregypt.org\/de\/prince-on-a-white-horse\/\" target=\"_self\">hier<\/a>.<\/p><p class=\"translation-block\">Den Kontakt zu Kimo oder meine Hotelempfehlungen stelle ich euch sehr gerne zur Verf\u00fcgung, bitte besucht dazu einfach meine <a href=\"https:\/\/www.discoveregypt.org\/de\/contact\/\" target=\"_self\">Kontaktseite<\/a>.<\/p><p class=\"translation-block\">P.S. Noch ein letzter Tipp: Das brandneue Grand Egyptian Museum liegt direkt am Rande der Pyramiden. Ein Besuch im gr\u00f6\u00dften Museum der n\u00f6rdlichen Hemisph\u00e4re ist ein absolutes Muss!<\/p>\t\t\t\t\t\t\t\t<\/div>\n\t\t\t\t<\/div>\n\t\t\t\t\t<\/div>\n\t\t<\/div>\n\t\t\t\t<div class=\"elementor-column elementor-col-50 elementor-top-column elementor-element elementor-element-f99b5c7\" data-id=\"f99b5c7\" data-element_type=\"column\" data-e-type=\"column\">\n\t\t\t<div class=\"elementor-widget-wrap elementor-element-populated\">\n\t\t\t\t\t\t<div class=\"elementor-element elementor-element-2977886 elementor-pagination-position-outside elementor-widget elementor-widget-image-carousel\" data-id=\"2977886\" data-element_type=\"widget\" data-e-type=\"widget\" data-settings=\"{&quot;slides_to_show&quot;:&quot;1&quot;,&quot;navigation&quot;:&quot;dots&quot;,&quot;autoplay&quot;:&quot;yes&quot;,&quot;pause_on_hover&quot;:&quot;yes&quot;,&quot;pause_on_interaction&quot;:&quot;yes&quot;,&quot;autoplay_speed&quot;:5000,&quot;infinite&quot;:&quot;yes&quot;,&quot;effect&quot;:&quot;slide&quot;,&quot;speed&quot;:500}\" data-widget_type=\"image-carousel.default\">\n\t\t\t\t<div class=\"elementor-widget-container\">\n\t\t\t\t\t            <div class=\"elementor-image-carousel-wrapper swiper\" role=\"region\" aria-roledescription=\"carousel\" aria-label=\"Image Carousel\" dir=\"ltr\">\n                <div class=\"elementor-image-carousel swiper-wrapper swiper-image-stretch\" aria-live=\"off\">\n\t\t\t\t\t\t\t\t\t\t<div class=\"swiper-slide\"><a data-elementor-open-lightbox=\"yes\" data-elementor-lightbox-slideshow=\"2977886\" data-elementor-lightbox-title=\"Breakfast with the Sphinx\" data-elementor-lightbox-description=\"Morning time at the Giza Pyramids\" data-e-action-hash=\"#elementor-action%3Aaction%3Dlightbox%26settings%3DeyJpZCI6NTIwLCJ1cmwiOiJodHRwczpcL1wvd3d3LmRpc2NvdmVyZWd5cHQub3JnXC93cC1jb250ZW50XC91cGxvYWRzXC8yMDIzXC8wOFwvMjAyMjA0MDRfMDgxMzE2LXNjYWxlZC5qcGciLCJzbGlkZXNob3ciOiIyOTc3ODg2In0%3D\" href=\"https:\/\/www.discoveregypt.org\/wp-content\/uploads\/2023\/08\/20220404_081316-scaled.jpg\"><figure class=\"swiper-slide-inner\"><img decoding=\"async\" class=\"swiper-slide-image\" src=\"https:\/\/www.discoveregypt.org\/wp-content\/uploads\/2023\/08\/20220404_081316-scaled.jpg\" alt=\"Breakfast with the Sphinx\" \/><figcaption class=\"elementor-image-carousel-caption\">Breakfast with the Sphinx<\/figcaption><\/figure><\/a><\/div><div class=\"swiper-slide\"><a data-elementor-open-lightbox=\"yes\" data-elementor-lightbox-slideshow=\"2977886\" data-elementor-lightbox-title=\"The Sphinx is watching you\" data-elementor-lightbox-description=\"... and this without a nose\" data-e-action-hash=\"#elementor-action%3Aaction%3Dlightbox%26settings%3DeyJpZCI6MTc4MywidXJsIjoiaHR0cHM6XC9cL3d3dy5kaXNjb3ZlcmVneXB0Lm9yZ1wvd3AtY29udGVudFwvdXBsb2Fkc1wvMjAyM1wvMDlcL1NwaGlueC1hbmQtR3JlYXQtUHlyYW1pZC5qcGciLCJzbGlkZXNob3ciOiIyOTc3ODg2In0%3D\" href=\"https:\/\/www.discoveregypt.org\/wp-content\/uploads\/2023\/09\/Sphinx-and-Great-Pyramid.jpg\"><figure class=\"swiper-slide-inner\"><img decoding=\"async\" class=\"swiper-slide-image\" src=\"https:\/\/www.discoveregypt.org\/wp-content\/uploads\/2023\/09\/Sphinx-and-Great-Pyramid.jpg\" alt=\"The Sphinx is watching you\" \/><figcaption class=\"elementor-image-carousel-caption\">Die Sphinx beobachtet dich<\/figcaption><\/figure><\/a><\/div><div class=\"swiper-slide\"><a data-elementor-open-lightbox=\"yes\" data-elementor-lightbox-slideshow=\"2977886\" data-elementor-lightbox-title=\"Pyramids from South West\" data-elementor-lightbox-description=\"... in beautiful light\" data-e-action-hash=\"#elementor-action%3Aaction%3Dlightbox%26settings%3DeyJpZCI6MTc3OCwidXJsIjoiaHR0cHM6XC9cL3d3dy5kaXNjb3ZlcmVneXB0Lm9yZ1wvd3AtY29udGVudFwvdXBsb2Fkc1wvMjAyM1wvMDlcL0RyYW1hdGljLVB5YW1pZHMtU2NlbmUuanBnIiwic2xpZGVzaG93IjoiMjk3Nzg4NiJ9\" href=\"https:\/\/www.discoveregypt.org\/wp-content\/uploads\/2023\/09\/Dramatic-Pyamids-Scene.jpg\"><figure class=\"swiper-slide-inner\"><img decoding=\"async\" class=\"swiper-slide-image\" src=\"https:\/\/www.discoveregypt.org\/wp-content\/uploads\/2023\/09\/Dramatic-Pyamids-Scene.jpg\" alt=\"Pyramids from South West\" \/><figcaption class=\"elementor-image-carousel-caption\">Pyramiden von S\u00fcd-West<\/figcaption><\/figure><\/a><\/div><div class=\"swiper-slide\"><a data-elementor-open-lightbox=\"yes\" data-elementor-lightbox-slideshow=\"2977886\" data-elementor-lightbox-title=\"Being a guide at Giza Pyramids\" data-elementor-lightbox-description=\"... a new experience\" data-e-action-hash=\"#elementor-action%3Aaction%3Dlightbox%26settings%3DeyJpZCI6MTc4MCwidXJsIjoiaHR0cHM6XC9cL3d3dy5kaXNjb3ZlcmVneXB0Lm9yZ1wvd3AtY29udGVudFwvdXBsb2Fkc1wvMjAyM1wvMDlcL0pvZXJnLWluLUdpemEuanBnIiwic2xpZGVzaG93IjoiMjk3Nzg4NiJ9\" href=\"https:\/\/www.discoveregypt.org\/wp-content\/uploads\/2023\/09\/Joerg-in-Giza.jpg\"><figure class=\"swiper-slide-inner\"><img decoding=\"async\" class=\"swiper-slide-image\" src=\"https:\/\/www.discoveregypt.org\/wp-content\/uploads\/2023\/09\/Joerg-in-Giza.jpg\" alt=\"Being a guide at Giza Pyramids\" \/><figcaption class=\"elementor-image-carousel-caption\">Als Reisef\u00fchrer in Giza<\/figcaption><\/figure><\/a><\/div><div class=\"swiper-slide\"><a data-elementor-open-lightbox=\"yes\" data-elementor-lightbox-slideshow=\"2977886\" data-elementor-lightbox-title=\"Camel in the wall\" data-elementor-lightbox-description=\"... at Giza Pyramids\" data-e-action-hash=\"#elementor-action%3Aaction%3Dlightbox%26settings%3DeyJpZCI6MTc3NywidXJsIjoiaHR0cHM6XC9cL3d3dy5kaXNjb3ZlcmVneXB0Lm9yZ1wvd3AtY29udGVudFwvdXBsb2Fkc1wvMjAyM1wvMDlcL0NhbWVsLWluLUdpemEuanBnIiwic2xpZGVzaG93IjoiMjk3Nzg4NiJ9\" href=\"https:\/\/www.discoveregypt.org\/wp-content\/uploads\/2023\/09\/Camel-in-Giza.jpg\"><figure class=\"swiper-slide-inner\"><img decoding=\"async\" class=\"swiper-slide-image\" src=\"https:\/\/www.discoveregypt.org\/wp-content\/uploads\/2023\/09\/Camel-in-Giza.jpg\" alt=\"Camel in the wall\" \/><figcaption class=\"elementor-image-carousel-caption\">Kamel in der Wand<\/figcaption><\/figure><\/a><\/div><div class=\"swiper-slide\"><a data-elementor-open-lightbox=\"yes\" data-elementor-lightbox-slideshow=\"2977886\" data-elementor-lightbox-title=\"Pyramids from South West\" data-elementor-lightbox-description=\"... the only still exisiting of the 7 antique world wonders\" data-e-action-hash=\"#elementor-action%3Aaction%3Dlightbox%26settings%3DeyJpZCI6MTc4MiwidXJsIjoiaHR0cHM6XC9cL3d3dy5kaXNjb3ZlcmVneXB0Lm9yZ1wvd3AtY29udGVudFwvdXBsb2Fkc1wvMjAyM1wvMDlcL1B5cmFtaWRzLXdpdGgtQ2Fpcm8tQmFja2dyb3VuZC5qcGciLCJzbGlkZXNob3ciOiIyOTc3ODg2In0%3D\" href=\"https:\/\/www.discoveregypt.org\/wp-content\/uploads\/2023\/09\/Pyramids-with-Cairo-Background.jpg\"><figure class=\"swiper-slide-inner\"><img decoding=\"async\" class=\"swiper-slide-image\" src=\"https:\/\/www.discoveregypt.org\/wp-content\/uploads\/2023\/09\/Pyramids-with-Cairo-Background.jpg\" alt=\"Pyramids at Giza plateau from South West\" \/><figcaption class=\"elementor-image-carousel-caption\">Pyramiden von S\u00fcd-West<\/figcaption><\/figure><\/a><\/div><div class=\"swiper-slide\"><a data-elementor-open-lightbox=\"yes\" data-elementor-lightbox-slideshow=\"2977886\" data-elementor-lightbox-title=\"Sunset at Giza Pyramids\" data-elementor-lightbox-description=\"... always a really special moment \" data-e-action-hash=\"#elementor-action%3Aaction%3Dlightbox%26settings%3DeyJpZCI6MTc4NCwidXJsIjoiaHR0cHM6XC9cL3d3dy5kaXNjb3ZlcmVneXB0Lm9yZ1wvd3AtY29udGVudFwvdXBsb2Fkc1wvMjAyM1wvMDlcL1N1bnNldC1hdC1QeXJhbWlkcy5qcGciLCJzbGlkZXNob3ciOiIyOTc3ODg2In0%3D\" href=\"https:\/\/www.discoveregypt.org\/wp-content\/uploads\/2023\/09\/Sunset-at-Pyramids.jpg\"><figure class=\"swiper-slide-inner\"><img decoding=\"async\" class=\"swiper-slide-image\" src=\"https:\/\/www.discoveregypt.org\/wp-content\/uploads\/2023\/09\/Sunset-at-Pyramids.jpg\" alt=\"Sunset at Giza Pyramids\" \/><figcaption class=\"elementor-image-carousel-caption\">Abend an den Pyramiden<\/figcaption><\/figure><\/a><\/div><div class=\"swiper-slide\"><a data-elementor-open-lightbox=\"yes\" data-elementor-lightbox-slideshow=\"2977886\" data-elementor-lightbox-title=\"Spectacular Sound &amp; Light Show\" data-elementor-lightbox-description=\"... starting every evening at 9pm\" data-e-action-hash=\"#elementor-action%3Aaction%3Dlightbox%26settings%3DeyJpZCI6MTc4MSwidXJsIjoiaHR0cHM6XC9cL3d3dy5kaXNjb3ZlcmVneXB0Lm9yZ1wvd3AtY29udGVudFwvdXBsb2Fkc1wvMjAyM1wvMDlcL0xpZ2h0LVNob3ctYXQtR2l6YS1QeXJhbWlkcy5qcGciLCJzbGlkZXNob3ciOiIyOTc3ODg2In0%3D\" href=\"https:\/\/www.discoveregypt.org\/wp-content\/uploads\/2023\/09\/Light-Show-at-Giza-Pyramids.jpg\"><figure class=\"swiper-slide-inner\"><img decoding=\"async\" class=\"swiper-slide-image\" src=\"https:\/\/www.discoveregypt.org\/wp-content\/uploads\/2023\/09\/Light-Show-at-Giza-Pyramids.jpg\" alt=\"The spectacular Sound &amp; Light Show at the Giza Pyramids, starting every evening at 9pm\" \/><figcaption class=\"elementor-image-carousel-caption\">Spektakul\u00e4re Sound &amp; Light Show<\/figcaption><\/figure><\/a><\/div>                <\/div>\n\t\t\t\t\t\t\t\t\t                        <div class=\"swiper-pagination\"><\/div>\n\t\t\t\t\t\t\t\t\t\t\t\t\t\t            <\/div>\n\t\t\t\t\t\t\t<\/div>\n\t\t\t\t<\/div>\n\t\t\t\t<div class=\"elementor-element elementor-element-cd5a815 elementor-widget elementor-widget-heading\" data-id=\"cd5a815\" data-element_type=\"widget\" data-e-type=\"widget\" data-widget_type=\"heading.default\">\n\t\t\t\t<div class=\"elementor-widget-container\">\n\t\t\t\t\t<h2 class=\"elementor-heading-title elementor-size-default\">Mehr Touren mit Kimo<\/h2>\t\t\t\t<\/div>\n\t\t\t\t<\/div>\n\t\t\t\t<div class=\"elementor-element elementor-element-890f00f elementor-widget elementor-widget-text-editor\" data-id=\"890f00f\" data-element_type=\"widget\" data-e-type=\"widget\" id=\"main-text\" data-widget_type=\"text-editor.default\">\n\t\t\t\t<div class=\"elementor-widget-container\">\n\t\t\t\t\t\t\t\t\t<p><a href=\"https:\/\/www.discoveregypt.org\/de\/prince-on-a-white-horse\/\">Sei der Prinz (oder die Prinzessin) auf dem wei\u00dfen Pferd<\/a> \ud83e\udd84<\/p>\t\t\t\t\t\t\t\t<\/div>\n\t\t\t\t<\/div>\n\t\t\t\t\t<\/div>\n\t\t<\/div>\n\t\t\t\t\t<\/div>\n\t\t<\/section>\n\t\t\t\t<\/div>","protected":false},"excerpt":{"rendered":"<p>The Pyramids of Giza \u2013 by day and by night Visit to the Giza plateau with a special photo session in front of this ancient wonder of the world\u00a0 Optional &#8216;discovery&#8217; of &#8216;secret&#8217; places that are usually not accessible by tourists Walking tour and\/or carriage ride through old Giza &#8216;Free&#8217; participation in the evening sound [&hellip;]<\/p>\n","protected":false},"author":2,"featured_media":0,"parent":0,"menu_order":0,"comment_status":"closed","ping_status":"closed","template":"elementor_header_footer","meta":{"site-sidebar-layout":"no-sidebar","site-content-layout":"page-builder","ast-site-content-layout":"full-width-container","site-content-style":"unboxed","site-sidebar-style":"unboxed","ast-global-header-display":"","ast-banner-title-visibility":"","ast-main-header-display":"","ast-hfb-above-header-display":"","ast-hfb-below-header-display":"","ast-hfb-mobile-header-display":"","site-post-title":"disabled","ast-breadcrumbs-content":"","ast-featured-img":"","footer-sml-layout":"","ast-disable-related-posts":"","theme-transparent-header-meta":"enabled","adv-header-id-meta":"","stick-header-meta":"","header-above-stick-meta":"","header-main-stick-meta":"","header-below-stick-meta":"","astra-migrate-meta-layouts":"set","ast-page-background-enabled":"default","ast-page-background-meta":{"desktop":{"background-color":"","background-image":"","background-repeat":"repeat","background-position":"center center","background-size":"auto","background-attachment":"scroll","background-type":"","background-media":"","overlay-type":"","overlay-color":"","overlay-opacity":"","overlay-gradient":""},"tablet":{"background-color":"","background-image":"","background-repeat":"repeat","background-position":"center center","background-size":"auto","background-attachment":"scroll","background-type":"","background-media":"","overlay-type":"","overlay-color":"","overlay-opacity":"","overlay-gradient":""},"mobile":{"background-color":"","background-image":"","background-repeat":"repeat","background-position":"center center","background-size":"auto","background-attachment":"scroll","background-type":"","background-media":"","overlay-type":"","overlay-color":"","overlay-opacity":"","overlay-gradient":""}},"ast-content-background-meta":{"desktop":{"background-color":"var(--ast-global-color-5)","background-image":"","background-repeat":"repeat","background-position":"center center","background-size":"auto","background-attachment":"scroll","background-type":"","background-media":"","overlay-type":"","overlay-color":"","overlay-opacity":"","overlay-gradient":""},"tablet":{"background-color":"var(--ast-global-color-5)","background-image":"","background-repeat":"repeat","background-position":"center center","background-size":"auto","background-attachment":"scroll","background-type":"","background-media":"","overlay-type":"","overlay-color":"","overlay-opacity":"","overlay-gradient":""},"mobile":{"background-color":"var(--ast-global-color-5)","background-image":"","background-repeat":"repeat","background-position":"center center","background-size":"auto","background-attachment":"scroll","background-type":"","background-media":"","overlay-type":"","overlay-color":"","overlay-opacity":"","overlay-gradient":""}},"footnotes":""},"class_list":["post-1252","page","type-page","status-publish","hentry"],"jetpack_sharing_enabled":true,"_links":{"self":[{"href":"https:\/\/www.discoveregypt.org\/de\/wp-json\/wp\/v2\/pages\/1252","targetHints":{"allow":["GET"]}}],"collection":[{"href":"https:\/\/www.discoveregypt.org\/de\/wp-json\/wp\/v2\/pages"}],"about":[{"href":"https:\/\/www.discoveregypt.org\/de\/wp-json\/wp\/v2\/types\/page"}],"author":[{"embeddable":true,"href":"https:\/\/www.discoveregypt.org\/de\/wp-json\/wp\/v2\/users\/2"}],"replies":[{"embeddable":true,"href":"https:\/\/www.discoveregypt.org\/de\/wp-json\/wp\/v2\/comments?post=1252"}],"version-history":[{"count":439,"href":"https:\/\/www.discoveregypt.org\/de\/wp-json\/wp\/v2\/pages\/1252\/revisions"}],"predecessor-version":[{"id":7858,"href":"https:\/\/www.discoveregypt.org\/de\/wp-json\/wp\/v2\/pages\/1252\/revisions\/7858"}],"wp:attachment":[{"href":"https:\/\/www.discoveregypt.org\/de\/wp-json\/wp\/v2\/media?parent=1252"}],"curies":[{"name":"wp","href":"https:\/\/api.w.org\/{rel}","templated":true}]}}