{"id":3084,"date":"2023-09-16T15:53:01","date_gmt":"2023-09-16T15:53:01","guid":{"rendered":"https:\/\/www.discoveregypt.org\/?page_id=3084"},"modified":"2026-04-12T16:20:05","modified_gmt":"2026-04-12T16:20:05","slug":"cairos-craziest-taxi-driver","status":"publish","type":"page","link":"https:\/\/www.discoveregypt.org\/de\/cairos-craziest-taxi-driver\/","title":{"rendered":"Cairo&#8217;s craziest Taxi Driver"},"content":{"rendered":"<div data-elementor-type=\"wp-page\" data-elementor-id=\"3084\" class=\"elementor elementor-3084\">\n\t\t\t\t\t\t<section class=\"elementor-section elementor-top-section elementor-element elementor-element-1b0a5d33 elementor-section-boxed elementor-section-height-default elementor-section-height-default\" data-id=\"1b0a5d33\" data-element_type=\"section\" data-e-type=\"section\" data-settings=\"{&quot;background_background&quot;:&quot;classic&quot;}\">\n\t\t\t\t\t\t\t<div class=\"elementor-background-overlay\"><\/div>\n\t\t\t\t\t\t\t<div class=\"elementor-container elementor-column-gap-default\">\n\t\t\t\t\t<div class=\"elementor-column elementor-col-50 elementor-top-column elementor-element elementor-element-1f841ba\" data-id=\"1f841ba\" data-element_type=\"column\" data-e-type=\"column\">\n\t\t\t<div class=\"elementor-widget-wrap elementor-element-populated\">\n\t\t\t\t\t\t<div class=\"elementor-element elementor-element-365ba0bd elementor-widget elementor-widget-heading\" data-id=\"365ba0bd\" data-element_type=\"widget\" data-e-type=\"widget\" data-widget_type=\"heading.default\">\n\t\t\t\t<div class=\"elementor-widget-container\">\n\t\t\t\t\t<h1 class=\"elementor-heading-title elementor-size-default\">Kairos verr\u00fccktester Taxifahrer <img decoding=\"async\" role=\"img\" class=\"emoji\" alt=\"\ud83d\ude95\" src=\"https:\/\/s.w.org\/images\/core\/emoji\/15.0.3\/svg\/1f695.svg\"><\/h1>\t\t\t\t<\/div>\n\t\t\t\t<\/div>\n\t\t\t\t<div class=\"elementor-element elementor-element-4eba0ba elementor-widget elementor-widget-text-editor\" data-id=\"4eba0ba\" data-element_type=\"widget\" data-e-type=\"widget\" data-widget_type=\"text-editor.default\">\n\t\t\t\t<div class=\"elementor-widget-container\">\n\t\t\t\t\t\t\t\t\t<ul class=\"ul1\"><li>Taxifahrt teilweise \"off the road\" vom Flughafen zu den Pyramiden von Gizeh<\/li><li>Stopp zum Tee in Kairos ber\u00fchmtesten Basar Chan el-Chalili mit Fahrt durch die verwinkelten Gassen<\/li><li>Besuch der Zitadelle mit M\u00f6glichkeit zur Besichtigung der Anlage und Blick \u00fcber die D\u00e4cher der gr\u00f6\u00dften Metropole Afrikas<\/li><li>\u00dcberquerung der Br\u00fccke des 6. Oktober nach Gizeh<\/li><li>Spektakul\u00e4re Fahrt von Gizeh's Innenstadt zu den Pyramiden<\/li><\/ul>\t\t\t\t\t\t\t\t<\/div>\n\t\t\t\t<\/div>\n\t\t\t\t\t<\/div>\n\t\t<\/div>\n\t\t\t\t<div class=\"elementor-column elementor-col-50 elementor-top-column elementor-element elementor-element-c7d1829\" data-id=\"c7d1829\" data-element_type=\"column\" data-e-type=\"column\" data-settings=\"{&quot;background_background&quot;:&quot;classic&quot;}\">\n\t\t\t<div class=\"elementor-widget-wrap elementor-element-populated\">\n\t\t\t\t\t<div class=\"elementor-background-overlay\"><\/div>\n\t\t\t\t\t\t<div class=\"elementor-element elementor-element-960d4ff elementor-widget elementor-widget-text-editor\" data-id=\"960d4ff\" data-element_type=\"widget\" data-e-type=\"widget\" data-widget_type=\"text-editor.default\">\n\t\t\t\t<div class=\"elementor-widget-container\">\n\t\t\t\t\t\t\t\t\t<p>Darf ich vorstellen...<\/p>\t\t\t\t\t\t\t\t<\/div>\n\t\t\t\t<\/div>\n\t\t\t\t<div class=\"elementor-element elementor-element-dee131c elementor-widget elementor-widget-image\" data-id=\"dee131c\" data-element_type=\"widget\" data-e-type=\"widget\" data-widget_type=\"image.default\">\n\t\t\t\t<div class=\"elementor-widget-container\">\n\t\t\t\t\t\t\t\t\t\t\t\t\t\t\t<img fetchpriority=\"high\" decoding=\"async\" width=\"600\" height=\"600\" src=\"https:\/\/www.discoveregypt.org\/wp-content\/uploads\/2023\/09\/Khaled.png\" class=\"attachment-full size-full wp-image-1388\" alt=\"Taxi driver Khaled in Cairo\" srcset=\"https:\/\/www.discoveregypt.org\/wp-content\/uploads\/2023\/09\/Khaled.png 600w, https:\/\/www.discoveregypt.org\/wp-content\/uploads\/2023\/09\/Khaled-300x300.png 300w, https:\/\/www.discoveregypt.org\/wp-content\/uploads\/2023\/09\/elementor\/thumbs\/Khaled-qbvfkifizr4p7d24z50ldm0qaibxm6nzux0k0erskc.png 150w, https:\/\/www.discoveregypt.org\/wp-content\/uploads\/2023\/09\/Khaled-12x12.png 12w, https:\/\/www.discoveregypt.org\/wp-content\/uploads\/2023\/09\/elementor\/thumbs\/Khaled-qbvfkifjloix0d506lg6fnfwt6fqy29ustb5340ekw.png 200w, https:\/\/www.discoveregypt.org\/wp-content\/uploads\/2023\/09\/elementor\/thumbs\/Khaled-qbvfkifhrwc9lcwek85f9j6d964ayfg9z4fdv0akj8.png 50w\" sizes=\"(max-width: 600px) 100vw, 600px\" \/>\t\t\t\t\t\t\t\t\t\t\t\t\t\t\t<\/div>\n\t\t\t\t<\/div>\n\t\t\t\t<div class=\"elementor-element elementor-element-0093cca elementor-widget elementor-widget-text-editor\" data-id=\"0093cca\" data-element_type=\"widget\" data-e-type=\"widget\" data-widget_type=\"text-editor.default\">\n\t\t\t\t<div class=\"elementor-widget-container\">\n\t\t\t\t\t\t\t\t\t<ul class=\"ul1\"><li>Khaled, seit \u00fcber 20 Jahren Taxifahrer in Kairo<\/li><li>Beherbergt ein kleines \u00e4gyptisches Museum in seinem Auto<\/li><li>Bestens vernetzt und dadurch mit Zugang zu Orten, die anderen Fahrern verwehrt bleiben<\/li><li>Geb\u00fcrtig aus Assuan, Ober\u00e4gypten<\/li><li>Kennengelernt 2019 an der Zitadelle von Saladin<\/li><li>Wie fast jeder \"einfache\" \u00c4gypter starker Raucher<\/li><li>Passables aber verst\u00e4ndliches Englisch<\/li><\/ul>\t\t\t\t\t\t\t\t<\/div>\n\t\t\t\t<\/div>\n\t\t\t\t\t<\/div>\n\t\t<\/div>\n\t\t\t\t\t<\/div>\n\t\t<\/section>\n\t\t\t\t<section class=\"elementor-section elementor-top-section elementor-element elementor-element-05e947d elementor-section-boxed elementor-section-height-default elementor-section-height-default\" data-id=\"05e947d\" data-element_type=\"section\" data-e-type=\"section\" data-settings=\"{&quot;background_background&quot;:&quot;classic&quot;}\">\n\t\t\t\t\t\t\t<div class=\"elementor-background-overlay\"><\/div>\n\t\t\t\t\t\t\t<div class=\"elementor-container elementor-column-gap-default\">\n\t\t\t\t\t<div class=\"elementor-column elementor-col-50 elementor-top-column elementor-element elementor-element-b46641a\" data-id=\"b46641a\" data-element_type=\"column\" data-e-type=\"column\">\n\t\t\t<div class=\"elementor-widget-wrap elementor-element-populated\">\n\t\t\t\t\t\t<div class=\"elementor-element elementor-element-57dfccb elementor-widget elementor-widget-heading\" data-id=\"57dfccb\" data-element_type=\"widget\" data-e-type=\"widget\" data-widget_type=\"heading.default\">\n\t\t\t\t<div class=\"elementor-widget-container\">\n\t\t\t\t\t<h2 class=\"elementor-heading-title elementor-size-default\">Ein Tag mit Khaled in Kairo <img decoding=\"async\" role=\"img\" class=\"emoji\" alt=\"\ud83d\ude96\" src=\"https:\/\/s.w.org\/images\/core\/emoji\/15.0.3\/svg\/1f696.svg\"><\/h2>\t\t\t\t<\/div>\n\t\t\t\t<\/div>\n\t\t\t\t<div class=\"elementor-element elementor-element-89e0633 elementor-widget elementor-widget-text-editor\" data-id=\"89e0633\" data-element_type=\"widget\" data-e-type=\"widget\" id=\"main-text\" data-widget_type=\"text-editor.default\">\n\t\t\t\t<div class=\"elementor-widget-container\">\n\t\t\t\t\t\t\t\t\t<p>So richtig erlebt habe ich Kairo und Gizeh erst bei meinen Fahrten mit Kahled, dem verr\u00fccktesten Taxifahrer der Stadt. Sein klassisch altmodisches Taxi sieht aus wie das \u00c4gyptische Museum in klein.<\/p><p>Aber viel spektakul\u00e4rer ist es, mit ihm in besondere Winkel dieser Stadt zu fahren. Dies ist zwar nicht immer leicht aufzunehmen, aber so habe ich auch einmal in sicherer Begleitung beide Seiten des Lebens in Afrikas gr\u00f6\u00dfter Stadt gesehen.<\/p><p class=\"translation-block\">Selbstverst\u00e4ndlich hat Khaled mir auch Kairos sch\u00f6nste Seiten gezeigt. Von der Zitadelle etwa hat man einen \u00fcberw\u00e4ltigenden Ausblick auf das H\u00e4usermeer dieser inzwischen \u00fcber 22 Millionen Einwohner z\u00e4hlenden Stadt. Und durch die verwinkelten Gassen des <a href=\"https:\/\/de.wikipedia.org\/wiki\/Chan_el-Chalili\" target=\"_blank\" rel=\"noopener\">Chan el-Challili<\/a> zu fahren, bleibt f\u00fcr mich ein unvergessliches Erlebnis.<\/p><p>F\u00fcr eine solche Fahrt mit Kahled vom Flughafen zu den Pyramiden sind ca. 6 Stunden einzuplanen.<\/p><p class=\"translation-block\">Wenn Du auch einmal auf Spritztour mit diesem schillerenden Taxifahrer gehen willst, dann <a href=\"https:\/\/www.discoveregypt.org\/de\/contact\/\" target=\"_self\">melde<\/a> Dich enfach bei mir. Kahled bietet noch weitere Trips an, die ich aber bisher noch nicht gemacht habe.<\/p>\t\t\t\t\t\t\t\t<\/div>\n\t\t\t\t<\/div>\n\t\t\t\t\t<\/div>\n\t\t<\/div>\n\t\t\t\t<div class=\"elementor-column elementor-col-50 elementor-top-column elementor-element elementor-element-f99b5c7\" data-id=\"f99b5c7\" data-element_type=\"column\" data-e-type=\"column\">\n\t\t\t<div class=\"elementor-widget-wrap elementor-element-populated\">\n\t\t\t\t\t\t<div class=\"elementor-element elementor-element-2977886 elementor-pagination-position-outside elementor-widget elementor-widget-image-carousel\" data-id=\"2977886\" data-element_type=\"widget\" data-e-type=\"widget\" data-settings=\"{&quot;slides_to_show&quot;:&quot;1&quot;,&quot;navigation&quot;:&quot;dots&quot;,&quot;autoplay&quot;:&quot;yes&quot;,&quot;pause_on_hover&quot;:&quot;yes&quot;,&quot;pause_on_interaction&quot;:&quot;yes&quot;,&quot;autoplay_speed&quot;:5000,&quot;infinite&quot;:&quot;yes&quot;,&quot;effect&quot;:&quot;slide&quot;,&quot;speed&quot;:500}\" data-widget_type=\"image-carousel.default\">\n\t\t\t\t<div class=\"elementor-widget-container\">\n\t\t\t\t\t            <div class=\"elementor-image-carousel-wrapper swiper\" role=\"region\" aria-roledescription=\"carousel\" aria-label=\"Image Carousel\" dir=\"ltr\">\n                <div class=\"elementor-image-carousel swiper-wrapper swiper-image-stretch\" aria-live=\"off\">\n\t\t\t\t\t\t\t\t\t\t<div class=\"swiper-slide\"><a data-elementor-open-lightbox=\"yes\" data-elementor-lightbox-slideshow=\"2977886\" data-elementor-lightbox-title=\"View of Cairo Tower\" data-elementor-lightbox-description=\"Still the largest building in Africa \" data-e-action-hash=\"#elementor-action%3Aaction%3Dlightbox%26settings%3DeyJpZCI6MTc0OCwidXJsIjoiaHR0cHM6XC9cL3d3dy5kaXNjb3ZlcmVneXB0Lm9yZ1wvd3AtY29udGVudFwvdXBsb2Fkc1wvMjAyM1wvMDlcL0NhcmlvLU5pbGUtUGFub3JhbWEuanBnIiwic2xpZGVzaG93IjoiMjk3Nzg4NiJ9\" href=\"https:\/\/www.discoveregypt.org\/wp-content\/uploads\/2023\/09\/Cario-Nile-Panorama.jpg\"><figure class=\"swiper-slide-inner\"><img decoding=\"async\" class=\"swiper-slide-image\" src=\"https:\/\/www.discoveregypt.org\/wp-content\/uploads\/2023\/09\/Cario-Nile-Panorama.jpg\" alt=\"View of Cairo Tower\" \/><figcaption class=\"elementor-image-carousel-caption\">Blick auf den Cairo Tower<\/figcaption><\/figure><\/a><\/div><div class=\"swiper-slide\"><a data-elementor-open-lightbox=\"yes\" data-elementor-lightbox-slideshow=\"2977886\" data-elementor-lightbox-title=\"Taxi dashboard of Khaled\" data-elementor-lightbox-description=\"The &#039;Egyptian Museum&#039; in Khaled&#039;s taxi\" data-e-action-hash=\"#elementor-action%3Aaction%3Dlightbox%26settings%3DeyJpZCI6MTc3MSwidXJsIjoiaHR0cHM6XC9cL3d3dy5kaXNjb3ZlcmVneXB0Lm9yZ1wvd3AtY29udGVudFwvdXBsb2Fkc1wvMjAyM1wvMDlcL0toYWxlZC1EYXNoYm9hcmQuanBnIiwic2xpZGVzaG93IjoiMjk3Nzg4NiJ9\" href=\"https:\/\/www.discoveregypt.org\/wp-content\/uploads\/2023\/09\/Khaled-Dashboard.jpg\"><figure class=\"swiper-slide-inner\"><img decoding=\"async\" class=\"swiper-slide-image\" src=\"https:\/\/www.discoveregypt.org\/wp-content\/uploads\/2023\/09\/Khaled-Dashboard.jpg\" alt=\"Taxi dashboard of Khaled in Cairo\" \/><figcaption class=\"elementor-image-carousel-caption\">Taxi dashboard of Khaled<\/figcaption><\/figure><\/a><\/div><div class=\"swiper-slide\"><a data-elementor-open-lightbox=\"yes\" data-elementor-lightbox-slideshow=\"2977886\" data-elementor-lightbox-title=\"Nile Bridge\" data-elementor-lightbox-description=\"View of Cairo and the Nile river at rush hour\" data-e-action-hash=\"#elementor-action%3Aaction%3Dlightbox%26settings%3DeyJpZCI6MTc0NywidXJsIjoiaHR0cHM6XC9cL3d3dy5kaXNjb3ZlcmVneXB0Lm9yZ1wvd3AtY29udGVudFwvdXBsb2Fkc1wvMjAyM1wvMDlcL0NhaXJvLU5pbGUtQnJpZGdlLmpwZyIsInNsaWRlc2hvdyI6IjI5Nzc4ODYifQ%3D%3D\" href=\"https:\/\/www.discoveregypt.org\/wp-content\/uploads\/2023\/09\/Cairo-Nile-Bridge.jpg\"><figure class=\"swiper-slide-inner\"><img decoding=\"async\" class=\"swiper-slide-image\" src=\"https:\/\/www.discoveregypt.org\/wp-content\/uploads\/2023\/09\/Cairo-Nile-Bridge.jpg\" alt=\"Nile bridge in Cairo\" \/><figcaption class=\"elementor-image-carousel-caption\">Nil-Br\u00fccke<\/figcaption><\/figure><\/a><\/div><div class=\"swiper-slide\"><a data-elementor-open-lightbox=\"yes\" data-elementor-lightbox-slideshow=\"2977886\" data-elementor-lightbox-title=\"Inside Chan el-Chalili bazaar\" data-elementor-lightbox-description=\"Inside the most famous bazaar in Cairo\" data-e-action-hash=\"#elementor-action%3Aaction%3Dlightbox%26settings%3DeyJpZCI6MTc0NCwidXJsIjoiaHR0cHM6XC9cL3d3dy5kaXNjb3ZlcmVneXB0Lm9yZ1wvd3AtY29udGVudFwvdXBsb2Fkc1wvMjAyM1wvMDlcL0NhaXJvLUJhemFyLmpwZyIsInNsaWRlc2hvdyI6IjI5Nzc4ODYifQ%3D%3D\" href=\"https:\/\/www.discoveregypt.org\/wp-content\/uploads\/2023\/09\/Cairo-Bazar.jpg\"><figure class=\"swiper-slide-inner\"><img decoding=\"async\" class=\"swiper-slide-image\" src=\"https:\/\/www.discoveregypt.org\/wp-content\/uploads\/2023\/09\/Cairo-Bazar.jpg\" alt=\"Chan el-Chalili bazaar in Cairo\" \/><figcaption class=\"elementor-image-carousel-caption\">Inside Chan el-Chalili bazaar<\/figcaption><\/figure><\/a><\/div><div class=\"swiper-slide\"><a data-elementor-open-lightbox=\"yes\" data-elementor-lightbox-slideshow=\"2977886\" data-elementor-lightbox-title=\"Mosque of Sultan Hasan\" data-elementor-lightbox-description=\"Beautiful view of Cairo from the walls of Citadel\" data-e-action-hash=\"#elementor-action%3Aaction%3Dlightbox%26settings%3DeyJpZCI6MTc0NiwidXJsIjoiaHR0cHM6XC9cL3d3dy5kaXNjb3ZlcmVneXB0Lm9yZ1wvd3AtY29udGVudFwvdXBsb2Fkc1wvMjAyM1wvMDlcL0NhaXJvLU1vc3F1ZS1NYWRyYXNhLmpwZyIsInNsaWRlc2hvdyI6IjI5Nzc4ODYifQ%3D%3D\" href=\"https:\/\/www.discoveregypt.org\/wp-content\/uploads\/2023\/09\/Cairo-Mosque-Madrasa.jpg\"><figure class=\"swiper-slide-inner\"><img decoding=\"async\" class=\"swiper-slide-image\" src=\"https:\/\/www.discoveregypt.org\/wp-content\/uploads\/2023\/09\/Cairo-Mosque-Madrasa.jpg\" alt=\"Beautiful view of Cairo from the walls of Citadel, Mosque of Sultan Hasan and Al-Rifa&#039;i Mosque\" \/><figcaption class=\"elementor-image-carousel-caption\">Moschee von Sultan Hasan<\/figcaption><\/figure><\/a><\/div><div class=\"swiper-slide\"><a data-elementor-open-lightbox=\"yes\" data-elementor-lightbox-slideshow=\"2977886\" data-elementor-lightbox-title=\"View from the Citadel\" data-elementor-lightbox-description=\"Nice view of Cairo from the walls of the Citadel\" data-e-action-hash=\"#elementor-action%3Aaction%3Dlightbox%26settings%3DeyJpZCI6MTc0NSwidXJsIjoiaHR0cHM6XC9cL3d3dy5kaXNjb3ZlcmVneXB0Lm9yZ1wvd3AtY29udGVudFwvdXBsb2Fkc1wvMjAyM1wvMDlcL0NhaXJvLUpvZXJnLmpwZyIsInNsaWRlc2hvdyI6IjI5Nzc4ODYifQ%3D%3D\" href=\"https:\/\/www.discoveregypt.org\/wp-content\/uploads\/2023\/09\/Cairo-Joerg.jpg\"><figure class=\"swiper-slide-inner\"><img decoding=\"async\" class=\"swiper-slide-image\" src=\"https:\/\/www.discoveregypt.org\/wp-content\/uploads\/2023\/09\/Cairo-Joerg.jpg\" alt=\"View of Cairo from the walls of the Citadel in Cairo\" \/><figcaption class=\"elementor-image-carousel-caption\">Blick von der Zitadelle<\/figcaption><\/figure><\/a><\/div>                <\/div>\n\t\t\t\t\t\t\t\t\t                        <div class=\"swiper-pagination\"><\/div>\n\t\t\t\t\t\t\t\t\t\t\t\t\t\t            <\/div>\n\t\t\t\t\t\t\t<\/div>\n\t\t\t\t<\/div>\n\t\t\t\t\t<\/div>\n\t\t<\/div>\n\t\t\t\t\t<\/div>\n\t\t<\/section>\n\t\t\t\t<\/div>","protected":false},"excerpt":{"rendered":"<p>Cairo&#8217;s craziest taxi driver Taxi ride partly off-road from the airport to the pyramids of Giza Stop for tea in Cairo&#8217;s most famous bazaar Chan el-Chalili with a drive through the winding streets Visit the citadel and enjoy a rooftop view of Africa&#8217;s largest metropolis Cross the 6th of October bridge to Giza Spectacular drive [&hellip;]<\/p>\n","protected":false},"author":2,"featured_media":0,"parent":0,"menu_order":0,"comment_status":"closed","ping_status":"closed","template":"elementor_header_footer","meta":{"site-sidebar-layout":"no-sidebar","site-content-layout":"page-builder","ast-site-content-layout":"full-width-container","site-content-style":"unboxed","site-sidebar-style":"unboxed","ast-global-header-display":"","ast-banner-title-visibility":"","ast-main-header-display":"","ast-hfb-above-header-display":"","ast-hfb-below-header-display":"","ast-hfb-mobile-header-display":"","site-post-title":"disabled","ast-breadcrumbs-content":"","ast-featured-img":"","footer-sml-layout":"","ast-disable-related-posts":"","theme-transparent-header-meta":"enabled","adv-header-id-meta":"","stick-header-meta":"","header-above-stick-meta":"","header-main-stick-meta":"","header-below-stick-meta":"","astra-migrate-meta-layouts":"set","ast-page-background-enabled":"default","ast-page-background-meta":{"desktop":{"background-color":"","background-image":"","background-repeat":"repeat","background-position":"center center","background-size":"auto","background-attachment":"scroll","background-type":"","background-media":"","overlay-type":"","overlay-color":"","overlay-opacity":"","overlay-gradient":""},"tablet":{"background-color":"","background-image":"","background-repeat":"repeat","background-position":"center center","background-size":"auto","background-attachment":"scroll","background-type":"","background-media":"","overlay-type":"","overlay-color":"","overlay-opacity":"","overlay-gradient":""},"mobile":{"background-color":"","background-image":"","background-repeat":"repeat","background-position":"center center","background-size":"auto","background-attachment":"scroll","background-type":"","background-media":"","overlay-type":"","overlay-color":"","overlay-opacity":"","overlay-gradient":""}},"ast-content-background-meta":{"desktop":{"background-color":"var(--ast-global-color-5)","background-image":"","background-repeat":"repeat","background-position":"center center","background-size":"auto","background-attachment":"scroll","background-type":"","background-media":"","overlay-type":"","overlay-color":"","overlay-opacity":"","overlay-gradient":""},"tablet":{"background-color":"var(--ast-global-color-5)","background-image":"","background-repeat":"repeat","background-position":"center center","background-size":"auto","background-attachment":"scroll","background-type":"","background-media":"","overlay-type":"","overlay-color":"","overlay-opacity":"","overlay-gradient":""},"mobile":{"background-color":"var(--ast-global-color-5)","background-image":"","background-repeat":"repeat","background-position":"center center","background-size":"auto","background-attachment":"scroll","background-type":"","background-media":"","overlay-type":"","overlay-color":"","overlay-opacity":"","overlay-gradient":""}},"footnotes":""},"class_list":["post-3084","page","type-page","status-publish","hentry"],"jetpack_sharing_enabled":true,"_links":{"self":[{"href":"https:\/\/www.discoveregypt.org\/de\/wp-json\/wp\/v2\/pages\/3084","targetHints":{"allow":["GET"]}}],"collection":[{"href":"https:\/\/www.discoveregypt.org\/de\/wp-json\/wp\/v2\/pages"}],"about":[{"href":"https:\/\/www.discoveregypt.org\/de\/wp-json\/wp\/v2\/types\/page"}],"author":[{"embeddable":true,"href":"https:\/\/www.discoveregypt.org\/de\/wp-json\/wp\/v2\/users\/2"}],"replies":[{"embeddable":true,"href":"https:\/\/www.discoveregypt.org\/de\/wp-json\/wp\/v2\/comments?post=3084"}],"version-history":[{"count":92,"href":"https:\/\/www.discoveregypt.org\/de\/wp-json\/wp\/v2\/pages\/3084\/revisions"}],"predecessor-version":[{"id":7828,"href":"https:\/\/www.discoveregypt.org\/de\/wp-json\/wp\/v2\/pages\/3084\/revisions\/7828"}],"wp:attachment":[{"href":"https:\/\/www.discoveregypt.org\/de\/wp-json\/wp\/v2\/media?parent=3084"}],"curies":[{"name":"wp","href":"https:\/\/api.w.org\/{rel}","templated":true}]}}