{"id":3145,"date":"2023-09-16T16:42:17","date_gmt":"2023-09-16T16:42:17","guid":{"rendered":"https:\/\/www.discoveregypt.org\/?page_id=3145"},"modified":"2026-04-12T17:43:40","modified_gmt":"2026-04-12T17:43:40","slug":"walk-like-an-egyptian","status":"publish","type":"page","link":"https:\/\/www.discoveregypt.org\/de\/walk-like-an-egyptian\/","title":{"rendered":"Walk like an Egyptian"},"content":{"rendered":"<div data-elementor-type=\"wp-page\" data-elementor-id=\"3145\" class=\"elementor elementor-3145\">\n\t\t\t\t\t\t<section class=\"elementor-section elementor-top-section elementor-element elementor-element-1b0a5d33 elementor-section-boxed elementor-section-height-default elementor-section-height-default\" data-id=\"1b0a5d33\" data-element_type=\"section\" data-e-type=\"section\" data-settings=\"{&quot;background_background&quot;:&quot;classic&quot;}\">\n\t\t\t\t\t\t\t<div class=\"elementor-background-overlay\"><\/div>\n\t\t\t\t\t\t\t<div class=\"elementor-container elementor-column-gap-default\">\n\t\t\t\t\t<div class=\"elementor-column elementor-col-50 elementor-top-column elementor-element elementor-element-1f841ba\" data-id=\"1f841ba\" data-element_type=\"column\" data-e-type=\"column\">\n\t\t\t<div class=\"elementor-widget-wrap elementor-element-populated\">\n\t\t\t\t\t\t<div class=\"elementor-element elementor-element-365ba0bd elementor-widget elementor-widget-heading\" data-id=\"365ba0bd\" data-element_type=\"widget\" data-e-type=\"widget\" data-widget_type=\"heading.default\">\n\t\t\t\t<div class=\"elementor-widget-container\">\n\t\t\t\t\t<h2 class=\"elementor-heading-title elementor-size-default\">Walk like an Egyptian <img decoding=\"async\" role=\"img\" class=\"emoji\" alt=\"\ud83d\udc73\u200d\u2642\ufe0f\" src=\"https:\/\/s.w.org\/images\/core\/emoji\/15.0.3\/svg\/1f473.svg\">\u200b<\/h2>\t\t\t\t<\/div>\n\t\t\t\t<\/div>\n\t\t\t\t<div class=\"elementor-element elementor-element-4eba0ba elementor-widget elementor-widget-text-editor\" data-id=\"4eba0ba\" data-element_type=\"widget\" data-e-type=\"widget\" data-widget_type=\"text-editor.default\">\n\t\t\t\t<div class=\"elementor-widget-container\">\n\t\t\t\t\t\t\t\t\t<ul class=\"ul1\"><li>Tauche ein in die lebendige Abend- und Nachtatmosph\u00e4re rund um den Tahrir-Platz im Herzen von Kairo<\/li><li>Entdecke die historischen und modernen Geb\u00e4ude rund um diesen weltber\u00fchmten Platz<\/li><li>Erlerne auf abenteuerliche Weise, wie \u00c4gypter sicher die megabelebten Stra\u00dfen von Tahrir \u00fcberqueren<\/li><li>Bewundere den Sonnenuntergang am Nil<\/li><li>Probiere die beste Falafel und ein traditionelles Koshary in den ber\u00fchmtesten lokalen Restaurants der Hauptstadt<\/li><\/ul>\t\t\t\t\t\t\t\t<\/div>\n\t\t\t\t<\/div>\n\t\t\t\t\t<\/div>\n\t\t<\/div>\n\t\t\t\t<div class=\"elementor-column elementor-col-50 elementor-top-column elementor-element elementor-element-c7d1829\" data-id=\"c7d1829\" data-element_type=\"column\" data-e-type=\"column\" data-settings=\"{&quot;background_background&quot;:&quot;classic&quot;}\">\n\t\t\t<div class=\"elementor-widget-wrap elementor-element-populated\">\n\t\t\t\t\t<div class=\"elementor-background-overlay\"><\/div>\n\t\t\t\t\t\t<div class=\"elementor-element elementor-element-960d4ff elementor-widget elementor-widget-text-editor\" data-id=\"960d4ff\" data-element_type=\"widget\" data-e-type=\"widget\" data-widget_type=\"text-editor.default\">\n\t\t\t\t<div class=\"elementor-widget-container\">\n\t\t\t\t\t\t\t\t\t<p>Darf ich vorstellen...<\/p>\t\t\t\t\t\t\t\t<\/div>\n\t\t\t\t<\/div>\n\t\t\t\t<div class=\"elementor-element elementor-element-dee131c elementor-widget elementor-widget-image\" data-id=\"dee131c\" data-element_type=\"widget\" data-e-type=\"widget\" data-widget_type=\"image.default\">\n\t\t\t\t<div class=\"elementor-widget-container\">\n\t\t\t\t\t\t\t\t\t\t\t\t\t\t\t<img fetchpriority=\"high\" decoding=\"async\" width=\"600\" height=\"600\" src=\"https:\/\/www.discoveregypt.org\/wp-content\/uploads\/2023\/08\/George.png\" class=\"attachment-full size-full wp-image-839\" alt=\"George Attya from Cairo\" srcset=\"https:\/\/www.discoveregypt.org\/wp-content\/uploads\/2023\/08\/George.png 600w, https:\/\/www.discoveregypt.org\/wp-content\/uploads\/2023\/08\/George-300x300.png 300w, https:\/\/www.discoveregypt.org\/wp-content\/uploads\/2023\/08\/elementor\/thumbs\/George-qbvfkn4pxxb4tevb7p1q82u19foroo6njk9zesktp8.png 150w, https:\/\/www.discoveregypt.org\/wp-content\/uploads\/2023\/08\/elementor\/thumbs\/George-qbvfkn4qjupcmey6f5hba497s3sl0jsihgkkhhtfps.png 200w, https:\/\/www.discoveregypt.org\/wp-content\/uploads\/2023\/08\/elementor\/thumbs\/George-qbvfkn4oq2ip7epkss6k3zzo83h50wyxnrot9e3lo4.png 50w\" sizes=\"(max-width: 600px) 100vw, 600px\" \/>\t\t\t\t\t\t\t\t\t\t\t\t\t\t\t<\/div>\n\t\t\t\t<\/div>\n\t\t\t\t<div class=\"elementor-element elementor-element-0093cca elementor-widget elementor-widget-text-editor\" data-id=\"0093cca\" data-element_type=\"widget\" data-e-type=\"widget\" data-widget_type=\"text-editor.default\">\n\t\t\t\t<div class=\"elementor-widget-container\">\n\t\t\t\t\t\t\t\t\t<ul class=\"ul1\"><li>George Attya aus Kairo, 55 Jahre alter \u00c4gypter<\/li><li>Nebenberuflicher Reiseleiter mit Herz und Leidenschaft<\/li><li>F\u00fcrsorglicher Familienvater und gl\u00e4ubiger Christ (griechisch-orthodox)<\/li><li>Wie alle \u00c4gypter gro\u00dfer Fu\u00dfballfan<\/li><li>Ausgezeichnete Englisch-Kenntnisse, u.a. durch mehrere Aufenthalte in den USA<\/li><\/ul>\t\t\t\t\t\t\t\t<\/div>\n\t\t\t\t<\/div>\n\t\t\t\t\t<\/div>\n\t\t<\/div>\n\t\t\t\t\t<\/div>\n\t\t<\/section>\n\t\t\t\t<section class=\"elementor-section elementor-top-section elementor-element elementor-element-05e947d elementor-section-boxed elementor-section-height-default elementor-section-height-default\" data-id=\"05e947d\" data-element_type=\"section\" data-e-type=\"section\" data-settings=\"{&quot;background_background&quot;:&quot;classic&quot;}\">\n\t\t\t\t\t\t\t<div class=\"elementor-background-overlay\"><\/div>\n\t\t\t\t\t\t\t<div class=\"elementor-container elementor-column-gap-default\">\n\t\t\t\t\t<div class=\"elementor-column elementor-col-50 elementor-top-column elementor-element elementor-element-b46641a\" data-id=\"b46641a\" data-element_type=\"column\" data-e-type=\"column\">\n\t\t\t<div class=\"elementor-widget-wrap elementor-element-populated\">\n\t\t\t\t\t\t<div class=\"elementor-element elementor-element-57dfccb elementor-widget elementor-widget-heading\" data-id=\"57dfccb\" data-element_type=\"widget\" data-e-type=\"widget\" data-widget_type=\"heading.default\">\n\t\t\t\t<div class=\"elementor-widget-container\">\n\t\t\t\t\t<h2 class=\"elementor-heading-title elementor-size-default\">Erlebe Kairo mit George <img decoding=\"async\" role=\"img\" class=\"emoji\" alt=\"\ud83c\udffa\" src=\"https:\/\/s.w.org\/images\/core\/emoji\/15.0.3\/svg\/1f3fa.svg\"><\/h2>\t\t\t\t<\/div>\n\t\t\t\t<\/div>\n\t\t\t\t<div class=\"elementor-element elementor-element-89e0633 elementor-widget elementor-widget-text-editor\" data-id=\"89e0633\" data-element_type=\"widget\" data-e-type=\"widget\" id=\"main-text\" data-widget_type=\"text-editor.default\">\n\t\t\t\t<div class=\"elementor-widget-container\">\n\t\t\t\t\t\t\t\t\t<p>F\u00fcr alle die \u201eWalk like an Egyptian\u201c lernen und Downtown Kairo kennenlernen wollen, ist der\nbeste \u201eLehrer\" und Guide mein Freund George, ein echter \u00e4gyptischer Pfundskerl, der sein Herz\nam rechten Fleck tr\u00e4gt und leidenschaftlich seine Stadt in vorz\u00fcglichem Englisch pr\u00e4sentiert.<\/p><p class=\"translation-block\">Den Tahrirplatz, das pulsierende Herz Kairos, (neu) zu entdecken oder (wieder) zu erleben, ist ein\nMuss f\u00fcr mich bei jedem Besuch der \u00e4gyptischen Hauptstadt. Allein das \u00dcberqueren der Stra\u00dfen ist ein echtes Abenteuer, und das am besten mit <a href=\"https:\/\/www.youtube.com\/watch?v=Cv6tuzHUuuk\" target=\"_blank\" rel=\"noopener\">Walk like an Egyptian<\/a> von den\nBangles im Ohr.<\/p><p class=\"translation-block\">Am und um den Tahrir erlebt Ihr das pure Lebensgef\u00fchl der \u00c4gypter, die in den Seitenstra\u00dfen am Abend ihren Tee trinken und den Feierabend genie\u00dfen. Auf jeden Fall solltet Ihr auch einmal Koshari, das Nationalgericht \u00c4gyptens, probieren. Und das am besten in dem daf\u00fcr in Kairo bekanntesten Restaurant, dass sich versteckt in der N\u00e4he des Tahrir befindet. Ein tolles Rezept\nvon Koshari findet ihr  <a href=\"https:\/\/www.kochbar.de\/rezept\/550135\/AEgyptisches-Koshari.html\" target=\"_blank\" rel=\"noopener\">hier<\/a>.<\/p><p>Es empfiehlt sich, eine Unterkunft am Tahrir zu suchen. Meine erste Wahl ist das\nCleopatra Hotel, das ideal daf\u00fcr gelegen ist, Downtown Cairo zu Fu\u00df zu entdecken. Ihr\nwerdet \u00fcberrascht sein, wie westlich gepr\u00e4gt hier \u00c4gypten ist.<\/p><p class=\"translation-block\">Wenn ich den Kontakt zu George herstellen soll oder wenn Ihr weitere Infos ben\u00f6tigt, dieses Erlebnis selbst zu erfahren, <a href=\"https:\/\/www.discoveregypt.org\/de\/contact\/\" target=\"_self\">sprecht oder schreibt<\/a> mich einfach an.<\/p>\t\t\t\t\t\t\t\t<\/div>\n\t\t\t\t<\/div>\n\t\t\t\t<div class=\"elementor-element elementor-element-cd5a815 elementor-widget elementor-widget-heading\" data-id=\"cd5a815\" data-element_type=\"widget\" data-e-type=\"widget\" data-widget_type=\"heading.default\">\n\t\t\t\t<div class=\"elementor-widget-container\">\n\t\t\t\t\t<h2 class=\"elementor-heading-title elementor-size-default\">Mehr Touren mit George<\/h2>\t\t\t\t<\/div>\n\t\t\t\t<\/div>\n\t\t\t\t<div class=\"elementor-element elementor-element-890f00f elementor-widget elementor-widget-text-editor\" data-id=\"890f00f\" data-element_type=\"widget\" data-e-type=\"widget\" id=\"main-text\" data-widget_type=\"text-editor.default\">\n\t\t\t\t<div class=\"elementor-widget-container\">\n\t\t\t\t\t\t\t\t\t<p>Stroll through historic <a href=\"https:\/\/www.discoveregypt.org\/de\/coptic-quarter\/\">Coptic Quarter<\/a>\u00a0with its impressive churches and famous religious sites, and experience history first-hand!<\/p>\t\t\t\t\t\t\t\t<\/div>\n\t\t\t\t<\/div>\n\t\t\t\t\t<\/div>\n\t\t<\/div>\n\t\t\t\t<div class=\"elementor-column elementor-col-50 elementor-top-column elementor-element elementor-element-f99b5c7\" data-id=\"f99b5c7\" data-element_type=\"column\" data-e-type=\"column\">\n\t\t\t<div class=\"elementor-widget-wrap elementor-element-populated\">\n\t\t\t\t\t\t<div class=\"elementor-element elementor-element-2977886 elementor-pagination-position-outside elementor-widget elementor-widget-image-carousel\" data-id=\"2977886\" data-element_type=\"widget\" data-e-type=\"widget\" data-settings=\"{&quot;slides_to_show&quot;:&quot;1&quot;,&quot;navigation&quot;:&quot;dots&quot;,&quot;autoplay&quot;:&quot;yes&quot;,&quot;pause_on_hover&quot;:&quot;yes&quot;,&quot;pause_on_interaction&quot;:&quot;yes&quot;,&quot;autoplay_speed&quot;:5000,&quot;infinite&quot;:&quot;yes&quot;,&quot;effect&quot;:&quot;slide&quot;,&quot;speed&quot;:500}\" data-widget_type=\"image-carousel.default\">\n\t\t\t\t<div class=\"elementor-widget-container\">\n\t\t\t\t\t            <div class=\"elementor-image-carousel-wrapper swiper\" role=\"region\" aria-roledescription=\"carousel\" aria-label=\"Image Carousel\" dir=\"ltr\">\n                <div class=\"elementor-image-carousel swiper-wrapper swiper-image-stretch\" aria-live=\"off\">\n\t\t\t\t\t\t\t\t\t\t<div class=\"swiper-slide\"><a data-elementor-open-lightbox=\"yes\" data-elementor-lightbox-slideshow=\"2977886\" data-elementor-lightbox-title=\"Felucca on the Nile\" data-elementor-lightbox-description=\"Felucca on the Nile river\" data-e-action-hash=\"#elementor-action%3Aaction%3Dlightbox%26settings%3DeyJpZCI6NzUyMSwidXJsIjoiaHR0cHM6XC9cL3d3dy5kaXNjb3ZlcmVneXB0Lm9yZ1wvd3AtY29udGVudFwvdXBsb2Fkc1wvMjAyNlwvMDRcL0ZlbHVjY2Etb24tdGhlLU5pbGUtc2NhbGVkLmpwZyIsInNsaWRlc2hvdyI6IjI5Nzc4ODYifQ%3D%3D\" href=\"https:\/\/www.discoveregypt.org\/wp-content\/uploads\/2026\/04\/Felucca-on-the-Nile-scaled.jpg\"><figure class=\"swiper-slide-inner\"><img decoding=\"async\" class=\"swiper-slide-image\" src=\"https:\/\/www.discoveregypt.org\/wp-content\/uploads\/2026\/04\/Felucca-on-the-Nile-scaled.jpg\" alt=\"Felucca on the Nile river\" \/><figcaption class=\"elementor-image-carousel-caption\">Feluke auf dem Nil<\/figcaption><\/figure><\/a><\/div><div class=\"swiper-slide\"><a data-elementor-open-lightbox=\"yes\" data-elementor-lightbox-slideshow=\"2977886\" data-elementor-lightbox-title=\"Obelisk centering Tahrir Square\" data-elementor-lightbox-description=\"Obelisk centering Tahrir Square\" data-e-action-hash=\"#elementor-action%3Aaction%3Dlightbox%26settings%3DeyJpZCI6NzUyMiwidXJsIjoiaHR0cHM6XC9cL3d3dy5kaXNjb3ZlcmVneXB0Lm9yZ1wvd3AtY29udGVudFwvdXBsb2Fkc1wvMjAyNlwvMDRcL09iZWxpc2staW4tVGFocmlyLVNxdWFyZS1zY2FsZWQuanBnIiwic2xpZGVzaG93IjoiMjk3Nzg4NiJ9\" href=\"https:\/\/www.discoveregypt.org\/wp-content\/uploads\/2026\/04\/Obelisk-in-Tahrir-Square-scaled.jpg\"><figure class=\"swiper-slide-inner\"><img decoding=\"async\" class=\"swiper-slide-image\" src=\"https:\/\/www.discoveregypt.org\/wp-content\/uploads\/2026\/04\/Obelisk-in-Tahrir-Square-scaled.jpg\" alt=\"Obelisk centering Tahrir Square\" \/><figcaption class=\"elementor-image-carousel-caption\">Der Obelisk in der Mitte des Tahrir-Platzes<\/figcaption><\/figure><\/a><\/div><div class=\"swiper-slide\"><a data-elementor-open-lightbox=\"yes\" data-elementor-lightbox-slideshow=\"2977886\" data-elementor-lightbox-title=\"Sunset over the Nile river\" data-elementor-lightbox-description=\"View towards Cairo Tower\" data-e-action-hash=\"#elementor-action%3Aaction%3Dlightbox%26settings%3DeyJpZCI6MjM5MywidXJsIjoiaHR0cHM6XC9cL3d3dy5kaXNjb3ZlcmVneXB0Lm9yZ1wvd3AtY29udGVudFwvdXBsb2Fkc1wvMjAyM1wvMDlcL05pbGUtUml2ZXIuanBnIiwic2xpZGVzaG93IjoiMjk3Nzg4NiJ9\" href=\"https:\/\/www.discoveregypt.org\/wp-content\/uploads\/2023\/09\/Nile-River.jpg\"><figure class=\"swiper-slide-inner\"><img decoding=\"async\" class=\"swiper-slide-image\" src=\"https:\/\/www.discoveregypt.org\/wp-content\/uploads\/2023\/09\/Nile-River.jpg\" alt=\"Sunset over the Nile river in Cairo, view towards Cairo Tower\" \/><figcaption class=\"elementor-image-carousel-caption\">Sonnenuntergang \u00fcber dem Nil<\/figcaption><\/figure><\/a><\/div><div class=\"swiper-slide\"><a data-elementor-open-lightbox=\"yes\" data-elementor-lightbox-slideshow=\"2977886\" data-elementor-lightbox-title=\"Talaat Harb Square in downtown Cairo\" data-elementor-lightbox-description=\"... in downtown Cairo\" data-e-action-hash=\"#elementor-action%3Aaction%3Dlightbox%26settings%3DeyJpZCI6MjM4OSwidXJsIjoiaHR0cHM6XC9cL3d3dy5kaXNjb3ZlcmVneXB0Lm9yZ1wvd3AtY29udGVudFwvdXBsb2Fkc1wvMjAyM1wvMDlcL0NhaXJvLWJ5LU5pZ2h0LmpwZyIsInNsaWRlc2hvdyI6IjI5Nzc4ODYifQ%3D%3D\" href=\"https:\/\/www.discoveregypt.org\/wp-content\/uploads\/2023\/09\/Cairo-by-Night.jpg\"><figure class=\"swiper-slide-inner\"><img decoding=\"async\" class=\"swiper-slide-image\" src=\"https:\/\/www.discoveregypt.org\/wp-content\/uploads\/2023\/09\/Cairo-by-Night.jpg\" alt=\"Talaat Harb Square in downtown Cairo\" \/><figcaption class=\"elementor-image-carousel-caption\">Talaat Harb Square in downtown Cairo<\/figcaption><\/figure><\/a><\/div><div class=\"swiper-slide\"><a data-elementor-open-lightbox=\"yes\" data-elementor-lightbox-slideshow=\"2977886\" data-elementor-lightbox-title=\"Sunset by the Nile Bridge\" data-elementor-lightbox-description=\"Sunset by the Nile Bridge\" data-e-action-hash=\"#elementor-action%3Aaction%3Dlightbox%26settings%3DeyJpZCI6NzUyMywidXJsIjoiaHR0cHM6XC9cL3d3dy5kaXNjb3ZlcmVneXB0Lm9yZ1wvd3AtY29udGVudFwvdXBsb2Fkc1wvMjAyNlwvMDRcL1N1bnNldC1ieS10aGUtTmlsZS1CcmlkZ2Utc2NhbGVkLmpwZyIsInNsaWRlc2hvdyI6IjI5Nzc4ODYifQ%3D%3D\" href=\"https:\/\/www.discoveregypt.org\/wp-content\/uploads\/2026\/04\/Sunset-by-the-Nile-Bridge-scaled.jpg\"><figure class=\"swiper-slide-inner\"><img decoding=\"async\" class=\"swiper-slide-image\" src=\"https:\/\/www.discoveregypt.org\/wp-content\/uploads\/2026\/04\/Sunset-by-the-Nile-Bridge-scaled.jpg\" alt=\"Sunset by the Nile Bridge\" \/><figcaption class=\"elementor-image-carousel-caption\">Sonnenuntergang an der Nilbr\u00fccke<\/figcaption><\/figure><\/a><\/div><div class=\"swiper-slide\"><a data-elementor-open-lightbox=\"yes\" data-elementor-lightbox-slideshow=\"2977886\" data-elementor-lightbox-title=\"Muizz Street at night\" data-elementor-lightbox-description=\"... in downtown Cairo\" data-e-action-hash=\"#elementor-action%3Aaction%3Dlightbox%26settings%3DeyJpZCI6MjM5MCwidXJsIjoiaHR0cHM6XC9cL3d3dy5kaXNjb3ZlcmVneXB0Lm9yZ1wvd3AtY29udGVudFwvdXBsb2Fkc1wvMjAyM1wvMDlcL0NhaXJvLWJ5LU5pZ2h0LTIuanBnIiwic2xpZGVzaG93IjoiMjk3Nzg4NiJ9\" href=\"https:\/\/www.discoveregypt.org\/wp-content\/uploads\/2023\/09\/Cairo-by-Night-2.jpg\"><figure class=\"swiper-slide-inner\"><img decoding=\"async\" class=\"swiper-slide-image\" src=\"https:\/\/www.discoveregypt.org\/wp-content\/uploads\/2023\/09\/Cairo-by-Night-2.jpg\" alt=\"Muizz Street at night in downtown Cairo\" \/><figcaption class=\"elementor-image-carousel-caption\">Muizz Street bei Nacht<\/figcaption><\/figure><\/a><\/div><div class=\"swiper-slide\"><a data-elementor-open-lightbox=\"yes\" data-elementor-lightbox-slideshow=\"2977886\" data-elementor-lightbox-title=\"Felfela in Downtown Cairo\" data-elementor-lightbox-description=\"The &#039;Egyptian McDonalds&#039;\" data-e-action-hash=\"#elementor-action%3Aaction%3Dlightbox%26settings%3DeyJpZCI6MjM5MSwidXJsIjoiaHR0cHM6XC9cL3d3dy5kaXNjb3ZlcmVneXB0Lm9yZ1wvd3AtY29udGVudFwvdXBsb2Fkc1wvMjAyM1wvMDlcL0ZlbGZlbGEuanBnIiwic2xpZGVzaG93IjoiMjk3Nzg4NiJ9\" href=\"https:\/\/www.discoveregypt.org\/wp-content\/uploads\/2023\/09\/Felfela.jpg\"><figure class=\"swiper-slide-inner\"><img decoding=\"async\" class=\"swiper-slide-image\" src=\"https:\/\/www.discoveregypt.org\/wp-content\/uploads\/2023\/09\/Felfela.jpg\" alt=\"Felfela in Downtown Cairo\" \/><figcaption class=\"elementor-image-carousel-caption\">Felfela in Kairo's Innenstadt<\/figcaption><\/figure><\/a><\/div><div class=\"swiper-slide\"><a data-elementor-open-lightbox=\"yes\" data-elementor-lightbox-slideshow=\"2977886\" data-elementor-lightbox-title=\"Falafel restaurant near Tahrir Square\" data-elementor-lightbox-description=\"... served by an old Egyptain cook\" data-e-action-hash=\"#elementor-action%3Aaction%3Dlightbox%26settings%3DeyJpZCI6MjQwMywidXJsIjoiaHR0cHM6XC9cL3d3dy5kaXNjb3ZlcmVneXB0Lm9yZ1wvd3AtY29udGVudFwvdXBsb2Fkc1wvMjAyM1wvMDlcL0Zvb2QuanBnIiwic2xpZGVzaG93IjoiMjk3Nzg4NiJ9\" href=\"https:\/\/www.discoveregypt.org\/wp-content\/uploads\/2023\/09\/Food.jpg\"><figure class=\"swiper-slide-inner\"><img decoding=\"async\" class=\"swiper-slide-image\" src=\"https:\/\/www.discoveregypt.org\/wp-content\/uploads\/2023\/09\/Food.jpg\" alt=\"Falafel restaurant near Tahrir Square\" \/><figcaption class=\"elementor-image-carousel-caption\">Falafel-Restaurant in der N\u00e4he des Tahrir-Platzes<\/figcaption><\/figure><\/a><\/div>                <\/div>\n\t\t\t\t\t\t\t\t\t                        <div class=\"swiper-pagination\"><\/div>\n\t\t\t\t\t\t\t\t\t\t\t\t\t\t            <\/div>\n\t\t\t\t\t\t\t<\/div>\n\t\t\t\t<\/div>\n\t\t\t\t<div class=\"elementor-element elementor-element-ebaf339 elementor-widget__width-initial elementor-widget elementor-widget-video\" data-id=\"ebaf339\" data-element_type=\"widget\" data-e-type=\"widget\" data-settings=\"{&quot;video_type&quot;:&quot;hosted&quot;,&quot;controls&quot;:&quot;yes&quot;}\" data-widget_type=\"video.default\">\n\t\t\t\t<div class=\"elementor-widget-container\">\n\t\t\t\t\t\t\t<div class=\"e-hosted-video elementor-wrapper elementor-open-inline\">\n\t\t\t\t\t<video class=\"elementor-video\" src=\"https:\/\/www.discoveregypt.org\/wp-content\/uploads\/2026\/04\/Traffic-at-Tahrir-Square.mp4\" controls=\"\" preload=\"metadata\" controlslist=\"nodownload\"><\/video>\n\t\t\t\t<\/div>\n\t\t\t\t\t\t<\/div>\n\t\t\t\t<\/div>\n\t\t\t\t<div class=\"elementor-element elementor-element-b8fc603 elementor-widget elementor-widget-text-editor\" data-id=\"b8fc603\" data-element_type=\"widget\" data-e-type=\"widget\" data-widget_type=\"text-editor.default\">\n\t\t\t\t<div class=\"elementor-widget-container\">\n\t\t\t\t\t\t\t\t\t<p style=\"text-align: center;\">Traffic at Tahrir Square<\/p>\t\t\t\t\t\t\t\t<\/div>\n\t\t\t\t<\/div>\n\t\t\t\t\t<\/div>\n\t\t<\/div>\n\t\t\t\t\t<\/div>\n\t\t<\/section>\n\t\t\t\t<\/div>","protected":false},"excerpt":{"rendered":"<p>Walk like an Egyptian \u200b Immerse yourself in the vibrant evening and nighttime atmosphere around Tahrir Square in the heart of Cairo Discover the historic and modern institutions surrounding this world-famous square Learn the adventurous way how Egyptians safely cross the mega-busy streets of Tahrir Admire the sunset at the Nile river Try the best [&hellip;]<\/p>\n","protected":false},"author":2,"featured_media":0,"parent":0,"menu_order":0,"comment_status":"closed","ping_status":"closed","template":"elementor_header_footer","meta":{"site-sidebar-layout":"no-sidebar","site-content-layout":"page-builder","ast-site-content-layout":"full-width-container","site-content-style":"unboxed","site-sidebar-style":"unboxed","ast-global-header-display":"","ast-banner-title-visibility":"","ast-main-header-display":"","ast-hfb-above-header-display":"","ast-hfb-below-header-display":"","ast-hfb-mobile-header-display":"","site-post-title":"disabled","ast-breadcrumbs-content":"","ast-featured-img":"","footer-sml-layout":"","ast-disable-related-posts":"","theme-transparent-header-meta":"enabled","adv-header-id-meta":"","stick-header-meta":"","header-above-stick-meta":"","header-main-stick-meta":"","header-below-stick-meta":"","astra-migrate-meta-layouts":"set","ast-page-background-enabled":"default","ast-page-background-meta":{"desktop":{"background-color":"","background-image":"","background-repeat":"repeat","background-position":"center center","background-size":"auto","background-attachment":"scroll","background-type":"","background-media":"","overlay-type":"","overlay-color":"","overlay-opacity":"","overlay-gradient":""},"tablet":{"background-color":"","background-image":"","background-repeat":"repeat","background-position":"center center","background-size":"auto","background-attachment":"scroll","background-type":"","background-media":"","overlay-type":"","overlay-color":"","overlay-opacity":"","overlay-gradient":""},"mobile":{"background-color":"","background-image":"","background-repeat":"repeat","background-position":"center center","background-size":"auto","background-attachment":"scroll","background-type":"","background-media":"","overlay-type":"","overlay-color":"","overlay-opacity":"","overlay-gradient":""}},"ast-content-background-meta":{"desktop":{"background-color":"var(--ast-global-color-5)","background-image":"","background-repeat":"repeat","background-position":"center center","background-size":"auto","background-attachment":"scroll","background-type":"","background-media":"","overlay-type":"","overlay-color":"","overlay-opacity":"","overlay-gradient":""},"tablet":{"background-color":"var(--ast-global-color-5)","background-image":"","background-repeat":"repeat","background-position":"center center","background-size":"auto","background-attachment":"scroll","background-type":"","background-media":"","overlay-type":"","overlay-color":"","overlay-opacity":"","overlay-gradient":""},"mobile":{"background-color":"var(--ast-global-color-5)","background-image":"","background-repeat":"repeat","background-position":"center center","background-size":"auto","background-attachment":"scroll","background-type":"","background-media":"","overlay-type":"","overlay-color":"","overlay-opacity":"","overlay-gradient":""}},"footnotes":""},"class_list":["post-3145","page","type-page","status-publish","hentry"],"jetpack_sharing_enabled":true,"_links":{"self":[{"href":"https:\/\/www.discoveregypt.org\/de\/wp-json\/wp\/v2\/pages\/3145","targetHints":{"allow":["GET"]}}],"collection":[{"href":"https:\/\/www.discoveregypt.org\/de\/wp-json\/wp\/v2\/pages"}],"about":[{"href":"https:\/\/www.discoveregypt.org\/de\/wp-json\/wp\/v2\/types\/page"}],"author":[{"embeddable":true,"href":"https:\/\/www.discoveregypt.org\/de\/wp-json\/wp\/v2\/users\/2"}],"replies":[{"embeddable":true,"href":"https:\/\/www.discoveregypt.org\/de\/wp-json\/wp\/v2\/comments?post=3145"}],"version-history":[{"count":151,"href":"https:\/\/www.discoveregypt.org\/de\/wp-json\/wp\/v2\/pages\/3145\/revisions"}],"predecessor-version":[{"id":7918,"href":"https:\/\/www.discoveregypt.org\/de\/wp-json\/wp\/v2\/pages\/3145\/revisions\/7918"}],"wp:attachment":[{"href":"https:\/\/www.discoveregypt.org\/de\/wp-json\/wp\/v2\/media?parent=3145"}],"curies":[{"name":"wp","href":"https:\/\/api.w.org\/{rel}","templated":true}]}}