{"id":3213,"date":"2023-09-17T09:54:00","date_gmt":"2023-09-17T09:54:00","guid":{"rendered":"https:\/\/www.discoveregypt.org\/?page_id=3213"},"modified":"2026-04-07T12:30:05","modified_gmt":"2026-04-07T12:30:05","slug":"about-me","status":"publish","type":"page","link":"https:\/\/www.discoveregypt.org\/de\/about-me\/","title":{"rendered":"\u00dcber mich"},"content":{"rendered":"<div data-elementor-type=\"wp-page\" data-elementor-id=\"3213\" class=\"elementor elementor-3213\">\n\t\t\t\t\t\t<section class=\"elementor-section elementor-top-section elementor-element elementor-element-1b0a5d33 elementor-section-boxed elementor-section-height-default elementor-section-height-default\" data-id=\"1b0a5d33\" data-element_type=\"section\" data-e-type=\"section\" data-settings=\"{&quot;background_background&quot;:&quot;classic&quot;}\">\n\t\t\t\t\t\t\t<div class=\"elementor-background-overlay\"><\/div>\n\t\t\t\t\t\t\t<div class=\"elementor-container elementor-column-gap-default\">\n\t\t\t\t\t<div class=\"elementor-column elementor-col-50 elementor-top-column elementor-element elementor-element-1f841ba\" data-id=\"1f841ba\" data-element_type=\"column\" data-e-type=\"column\">\n\t\t\t<div class=\"elementor-widget-wrap elementor-element-populated\">\n\t\t\t\t\t\t<div class=\"elementor-element elementor-element-365ba0bd elementor-widget elementor-widget-heading\" data-id=\"365ba0bd\" data-element_type=\"widget\" data-e-type=\"widget\" data-widget_type=\"heading.default\">\n\t\t\t\t<div class=\"elementor-widget-container\">\n\t\t\t\t\t<h1 class=\"elementor-heading-title elementor-size-default\">\u00c4gypten ist meine Reiseleidenschaft, weil... <img decoding=\"async\" role=\"img\" class=\"emoji\" alt=\"\u2708\ufe0f\" src=\"https:\/\/s.w.org\/images\/core\/emoji\/15.0.3\/svg\/2708.svg\"><\/h1>\t\t\t\t<\/div>\n\t\t\t\t<\/div>\n\t\t\t\t<div class=\"elementor-element elementor-element-4eba0ba elementor-widget elementor-widget-text-editor\" data-id=\"4eba0ba\" data-element_type=\"widget\" data-e-type=\"widget\" data-widget_type=\"text-editor.default\">\n\t\t\t\t<div class=\"elementor-widget-container\">\n\t\t\t\t\t\t\t\t\t<ul class=\"ul1\"><li>... die \u00c4gypter mich in ihr Herz geschlossen haben, und ich Sie auch<\/li><li>... die Gastfreundschaft und Hilfsbereitschaft mir gegen\u00fcber immer au\u00dfergew\u00f6hnlich war und ist<\/li><li>... das Land der Pharonen mit seiner Natur und Kultur eine besondere Fazination auf mich aus\u00fcbt<\/li><li>... \u00c4gypten auch als Individualtourist einfach, preiswert und sicher bereist bzw. entdeckt werden kann<\/li><\/ul>\t\t\t\t\t\t\t\t<\/div>\n\t\t\t\t<\/div>\n\t\t\t\t\t<\/div>\n\t\t<\/div>\n\t\t\t\t<div class=\"elementor-column elementor-col-50 elementor-top-column elementor-element elementor-element-c7d1829\" data-id=\"c7d1829\" data-element_type=\"column\" data-e-type=\"column\" data-settings=\"{&quot;background_background&quot;:&quot;classic&quot;}\">\n\t\t\t<div class=\"elementor-widget-wrap elementor-element-populated\">\n\t\t\t\t\t<div class=\"elementor-background-overlay\"><\/div>\n\t\t\t\t\t\t<div class=\"elementor-element elementor-element-960d4ff elementor-widget elementor-widget-text-editor\" data-id=\"960d4ff\" data-element_type=\"widget\" data-e-type=\"widget\" data-widget_type=\"text-editor.default\">\n\t\t\t\t<div class=\"elementor-widget-container\">\n\t\t\t\t\t\t\t\t\t<p>Darf ich vorstellen...<\/p>\t\t\t\t\t\t\t\t<\/div>\n\t\t\t\t<\/div>\n\t\t\t\t<div class=\"elementor-element elementor-element-dee131c elementor-widget elementor-widget-image\" data-id=\"dee131c\" data-element_type=\"widget\" data-e-type=\"widget\" data-widget_type=\"image.default\">\n\t\t\t\t<div class=\"elementor-widget-container\">\n\t\t\t\t\t\t\t\t\t\t\t\t\t\t\t\t<a href=\"https:\/\/www.discoveregypt.org\/wp-content\/uploads\/2023\/08\/Joerg-van-Bracht.png\" data-elementor-open-lightbox=\"yes\" data-elementor-lightbox-title=\"J\u00f6rg van Bracht\" data-elementor-lightbox-description=\"... at my favorite place in Egypt\" data-e-action-hash=\"#elementor-action%3Aaction%3Dlightbox%26settings%3DeyJpZCI6MTI5MSwidXJsIjoiaHR0cHM6XC9cL3d3dy5kaXNjb3ZlcmVneXB0Lm9yZ1wvd3AtY29udGVudFwvdXBsb2Fkc1wvMjAyM1wvMDhcL0pvZXJnLXZhbi1CcmFjaHQucG5nIn0%3D\">\n\t\t\t\t\t\t\t<img fetchpriority=\"high\" decoding=\"async\" width=\"600\" height=\"600\" src=\"https:\/\/www.discoveregypt.org\/wp-content\/uploads\/2023\/08\/Joerg-van-Bracht.png\" class=\"attachment-full size-full wp-image-1291\" alt=\"J\u00f6rg van Bracht\" srcset=\"https:\/\/www.discoveregypt.org\/wp-content\/uploads\/2023\/08\/Joerg-van-Bracht.png 600w, https:\/\/www.discoveregypt.org\/wp-content\/uploads\/2023\/08\/Joerg-van-Bracht-300x300.png 300w, https:\/\/www.discoveregypt.org\/wp-content\/uploads\/2023\/08\/Joerg-van-Bracht-150x150.png 150w, https:\/\/www.discoveregypt.org\/wp-content\/uploads\/2023\/08\/Joerg-van-Bracht-12x12.png 12w\" sizes=\"(max-width: 600px) 100vw, 600px\" \/>\t\t\t\t\t\t\t\t<\/a>\n\t\t\t\t\t\t\t\t\t\t\t\t\t\t\t<\/div>\n\t\t\t\t<\/div>\n\t\t\t\t<div class=\"elementor-element elementor-element-0093cca elementor-widget elementor-widget-text-editor\" data-id=\"0093cca\" data-element_type=\"widget\" data-e-type=\"widget\" data-widget_type=\"text-editor.default\">\n\t\t\t\t<div class=\"elementor-widget-container\">\n\t\t\t\t\t\t\t\t\t<ul class=\"ul1\"><li>J\u00f6rg Michael van Bracht, 60-j\u00e4hriger IHK-zertifizierter Tourismusmanager<\/li><li>Von manchen scherzhaft \u201eGeorge Michael aus Europa mit deutschem Reisepass\u201c genannt<\/li><li>Leidenschaftlicher Individualtourist, der bereits alle Kontinente bereist hat<\/li><li>Erster \u00c4gyptenbesuch im letzten Jahrtausend als \u201eklassisch pauschaler Nilkreuzfahrer\"<\/li><li>Seit 2017 mindestens 3-mal im Jahr im Land der Pharaonen individuell unterwegs<\/li><li>Zweite \u201eHeimat\u201c in Hurghada<\/li><li>Stolzer Vater eines 28-j\u00e4hrigen Sohnes<\/li><li>Aktuell als medizinischer Flugkurier weltweit im Einsatz<\/li><li>Flie\u00dfende Englisch-Kenntnisse mit ersten Basics des arabisch-\u00e4gyptischen Dialektes<\/li><\/ul>\t\t\t\t\t\t\t\t<\/div>\n\t\t\t\t<\/div>\n\t\t\t\t\t<\/div>\n\t\t<\/div>\n\t\t\t\t\t<\/div>\n\t\t<\/section>\n\t\t\t\t<section class=\"elementor-section elementor-top-section elementor-element elementor-element-05e947d elementor-section-boxed elementor-section-height-default elementor-section-height-default\" data-id=\"05e947d\" data-element_type=\"section\" data-e-type=\"section\" data-settings=\"{&quot;background_background&quot;:&quot;classic&quot;}\">\n\t\t\t\t\t\t\t<div class=\"elementor-background-overlay\"><\/div>\n\t\t\t\t\t\t\t<div class=\"elementor-container elementor-column-gap-default\">\n\t\t\t\t\t<div class=\"elementor-column elementor-col-50 elementor-top-column elementor-element elementor-element-b46641a\" data-id=\"b46641a\" data-element_type=\"column\" data-e-type=\"column\">\n\t\t\t<div class=\"elementor-widget-wrap elementor-element-populated\">\n\t\t\t\t\t\t<div class=\"elementor-element elementor-element-57dfccb elementor-widget elementor-widget-heading\" data-id=\"57dfccb\" data-element_type=\"widget\" data-e-type=\"widget\" data-widget_type=\"heading.default\">\n\t\t\t\t<div class=\"elementor-widget-container\">\n\t\t\t\t\t<h2 class=\"elementor-heading-title elementor-size-default\">Ahlan wa Sahlan! <img decoding=\"async\" role=\"img\" class=\"emoji\" alt=\"\ud83d\ude4f\ud83c\udffd\" src=\"https:\/\/s.w.org\/images\/core\/emoji\/15.0.3\/svg\/1f64f.svg\">\n \u0647\u0652\u0644\u064b\u0627 \u0648\u064e\u0633\u064e\u0647\u0652\u0644\u064b\u0627<\/h2>\t\t\t\t<\/div>\n\t\t\t\t<\/div>\n\t\t\t\t<div class=\"elementor-element elementor-element-89e0633 elementor-widget elementor-widget-text-editor\" data-id=\"89e0633\" data-element_type=\"widget\" data-e-type=\"widget\" id=\"main-text\" data-widget_type=\"text-editor.default\">\n\t\t\t\t<div class=\"elementor-widget-container\">\n\t\t\t\t\t\t\t\t\t<p>An dieser Stelle m\u00f6chte ich noch einmal Hallo sagen und danke daf\u00fcr, dass Du mir bis hierher gefolgt bist. Vielleicht ist es mir ja schon gelungen, Deinen Wunsch (wieder) zu erwecken, dieses beeindruckende Fleckchen Erde ebenso individuell und auf eigene Faust entdecken zu wollen wie ich das tun durfte.<\/p><p>Auf meiner Seite habe ich eine Sammlung einzigartiger Orte und vertrauensw\u00fcrdiger Reisef\u00fchrer zusammengestellt. Dazu Links zu anderen wertvollen Informationsquellen sowie eigene Tipps und Tricks, wie Du in \u00c4gypten das \u201eLernen auf die harte Tour\u201c vermeiden kanst.<\/p><p>Selbstverst\u00e4ndlich stehe ich Dir gerne auf den \u00fcblichen digitalen Wegen zur Verf\u00fcgung, um mit Dir in den Austausch zu kommen. Einfach und ganz unverbindlich Kontakt aufnehmen, dann ergibt sich mit Sicherheit das eine oder andere. Sofern Du bereits (Reise-)Erfahrungen in \u00c4gypten gesammelt hast, w\u00fcrde ich mich sehr freuen, wenn Du diese \u00fcber diese Plattform teilen m\u00f6chtest (Blog mit Kommentar-Features kommt in K\u00fcrze...).<\/p><p class=\"translation-block\">Ich schreibe mal \u201ebis bald\u201c und w\u00fcnsche Dir  weiterhin viel Spa\u00df auf <a href=\"https:\/\/www.discoveregypt.org\/de\/\" target=\"_self\">discoveregypt.org<\/a>, w\u00e4hrend ich Zug um Zug alle meine fr\u00fcheren &amp; zuk\u00fcnftigen \u00c4gypten-Reiseerlebnisse einstelle.<\/p><p>Greetings, J\u00f6rg Michael<\/p>\t\t\t\t\t\t\t\t<\/div>\n\t\t\t\t<\/div>\n\t\t\t\t\t<\/div>\n\t\t<\/div>\n\t\t\t\t<div class=\"elementor-column elementor-col-50 elementor-top-column elementor-element elementor-element-f99b5c7\" data-id=\"f99b5c7\" data-element_type=\"column\" data-e-type=\"column\">\n\t\t\t<div class=\"elementor-widget-wrap elementor-element-populated\">\n\t\t\t\t\t\t<div class=\"elementor-element elementor-element-2977886 elementor-pagination-position-outside elementor-widget elementor-widget-image-carousel\" data-id=\"2977886\" data-element_type=\"widget\" data-e-type=\"widget\" data-settings=\"{&quot;slides_to_show&quot;:&quot;1&quot;,&quot;navigation&quot;:&quot;dots&quot;,&quot;autoplay&quot;:&quot;yes&quot;,&quot;pause_on_hover&quot;:&quot;yes&quot;,&quot;pause_on_interaction&quot;:&quot;yes&quot;,&quot;autoplay_speed&quot;:5000,&quot;infinite&quot;:&quot;yes&quot;,&quot;effect&quot;:&quot;slide&quot;,&quot;speed&quot;:500}\" data-widget_type=\"image-carousel.default\">\n\t\t\t\t<div class=\"elementor-widget-container\">\n\t\t\t\t\t            <div class=\"elementor-image-carousel-wrapper swiper\" role=\"region\" aria-roledescription=\"carousel\" aria-label=\"Image Carousel\" dir=\"ltr\">\n                <div class=\"elementor-image-carousel swiper-wrapper swiper-image-stretch\" aria-live=\"off\">\n\t\t\t\t\t\t\t\t\t\t<div class=\"swiper-slide\"><a data-elementor-open-lightbox=\"yes\" data-elementor-lightbox-slideshow=\"2977886\" data-elementor-lightbox-title=\"With Alaa &amp; Basem\" data-elementor-lightbox-description=\"... at Sharm El Lole\" data-e-action-hash=\"#elementor-action%3Aaction%3Dlightbox%26settings%3DeyJpZCI6MTI4MywidXJsIjoiaHR0cHM6XC9cL3d3dy5kaXNjb3ZlcmVneXB0Lm9yZ1wvd3AtY29udGVudFwvdXBsb2Fkc1wvMjAyM1wvMDhcLzIwMjIwMjIzXzE2NDAzNC1zY2FsZWQuanBnIiwic2xpZGVzaG93IjoiMjk3Nzg4NiJ9\" href=\"https:\/\/www.discoveregypt.org\/wp-content\/uploads\/2023\/08\/20220223_164034-scaled.jpg\"><figure class=\"swiper-slide-inner\"><img decoding=\"async\" class=\"swiper-slide-image\" src=\"https:\/\/www.discoveregypt.org\/wp-content\/uploads\/2023\/08\/20220223_164034-scaled.jpg\" alt=\"With Alaa and Basem at Sharm El Lole\" \/><figcaption class=\"elementor-image-carousel-caption\">Mit Alaa &amp; Basem<\/figcaption><\/figure><\/a><\/div><div class=\"swiper-slide\"><a data-elementor-open-lightbox=\"yes\" data-elementor-lightbox-slideshow=\"2977886\" data-elementor-lightbox-title=\"With Mr. Tom in 2022\" data-elementor-lightbox-description=\"... on the way to Southern Egypt\" data-e-action-hash=\"#elementor-action%3Aaction%3Dlightbox%26settings%3DeyJpZCI6MTI4NCwidXJsIjoiaHR0cHM6XC9cL3d3dy5kaXNjb3ZlcmVneXB0Lm9yZ1wvd3AtY29udGVudFwvdXBsb2Fkc1wvMjAyM1wvMDhcLzIwMjIwNDEzXzEwMzQ1MS1zY2FsZWQuanBnIiwic2xpZGVzaG93IjoiMjk3Nzg4NiJ9\" href=\"https:\/\/www.discoveregypt.org\/wp-content\/uploads\/2023\/08\/20220413_103451-scaled.jpg\"><figure class=\"swiper-slide-inner\"><img decoding=\"async\" class=\"swiper-slide-image\" src=\"https:\/\/www.discoveregypt.org\/wp-content\/uploads\/2023\/08\/20220413_103451-scaled.jpg\" alt=\"With Mr. Tom on the way to Southern Egypt\" \/><figcaption class=\"elementor-image-carousel-caption\">Mit Mr. Tom in 2022<\/figcaption><\/figure><\/a><\/div><div class=\"swiper-slide\"><a data-elementor-open-lightbox=\"yes\" data-elementor-lightbox-slideshow=\"2977886\" data-elementor-lightbox-title=\"Diving with Mr. Tom in Sharm el Lole\" data-elementor-lightbox-description=\"Diving with Mr. Tom in Sharm el Lole\" data-e-action-hash=\"#elementor-action%3Aaction%3Dlightbox%26settings%3DeyJpZCI6MTI4NywidXJsIjoiaHR0cHM6XC9cL3d3dy5kaXNjb3ZlcmVneXB0Lm9yZ1wvd3AtY29udGVudFwvdXBsb2Fkc1wvMjAyM1wvMDhcL0lNRy0yMDIyMDIyNC1XQTAwMjItMS5qcGciLCJzbGlkZXNob3ciOiIyOTc3ODg2In0%3D\" href=\"https:\/\/www.discoveregypt.org\/wp-content\/uploads\/2023\/08\/IMG-20220224-WA0022-1.jpg\"><figure class=\"swiper-slide-inner\"><img decoding=\"async\" class=\"swiper-slide-image\" src=\"https:\/\/www.discoveregypt.org\/wp-content\/uploads\/2023\/08\/IMG-20220224-WA0022-1.jpg\" alt=\"Diving with Mr. Tom in Sharm el Lole\" \/><figcaption class=\"elementor-image-carousel-caption\">Tauchen mit Mr. Tom in Sharm el Lole<\/figcaption><\/figure><\/a><\/div><div class=\"swiper-slide\"><a data-elementor-open-lightbox=\"yes\" data-elementor-lightbox-slideshow=\"2977886\" data-elementor-lightbox-title=\"View from the Citadel\" data-elementor-lightbox-description=\"Nice view of Cairo from the walls of the Citadel\" data-e-action-hash=\"#elementor-action%3Aaction%3Dlightbox%26settings%3DeyJpZCI6MTc0NSwidXJsIjoiaHR0cHM6XC9cL3d3dy5kaXNjb3ZlcmVneXB0Lm9yZ1wvd3AtY29udGVudFwvdXBsb2Fkc1wvMjAyM1wvMDlcL0NhaXJvLUpvZXJnLmpwZyIsInNsaWRlc2hvdyI6IjI5Nzc4ODYifQ%3D%3D\" href=\"https:\/\/www.discoveregypt.org\/wp-content\/uploads\/2023\/09\/Cairo-Joerg.jpg\"><figure class=\"swiper-slide-inner\"><img decoding=\"async\" class=\"swiper-slide-image\" src=\"https:\/\/www.discoveregypt.org\/wp-content\/uploads\/2023\/09\/Cairo-Joerg.jpg\" alt=\"View of Cairo from the walls of the Citadel in Cairo\" \/><figcaption class=\"elementor-image-carousel-caption\">Blick von der Zitadelle<\/figcaption><\/figure><\/a><\/div><div class=\"swiper-slide\"><a data-elementor-open-lightbox=\"yes\" data-elementor-lightbox-slideshow=\"2977886\" data-elementor-lightbox-title=\"Introducing Little John &amp; Lady Marian\" data-elementor-lightbox-description=\"Introducing Little John &amp; Lady Marian\" data-e-action-hash=\"#elementor-action%3Aaction%3Dlightbox%26settings%3DeyJpZCI6MTc3OSwidXJsIjoiaHR0cHM6XC9cL3d3dy5kaXNjb3ZlcmVneXB0Lm9yZ1wvd3AtY29udGVudFwvdXBsb2Fkc1wvMjAyM1wvMDlcL0pvZXJnLWFuZC1Ib3JzZXMtc2NhbGVkLmpwZyIsInNsaWRlc2hvdyI6IjI5Nzc4ODYifQ%3D%3D\" href=\"https:\/\/www.discoveregypt.org\/wp-content\/uploads\/2023\/09\/Joerg-and-Horses-scaled.jpg\"><figure class=\"swiper-slide-inner\"><img decoding=\"async\" class=\"swiper-slide-image\" src=\"https:\/\/www.discoveregypt.org\/wp-content\/uploads\/2023\/09\/Joerg-and-Horses-scaled.jpg\" alt=\"Introducing Little John &amp; Lady Marian\" \/><figcaption class=\"elementor-image-carousel-caption\">Darf ich vorstellen: \u201eLittle John &amp; Lady Marian\u201c<\/figcaption><\/figure><\/a><\/div>                <\/div>\n\t\t\t\t\t\t\t\t\t                        <div class=\"swiper-pagination\"><\/div>\n\t\t\t\t\t\t\t\t\t\t\t\t\t\t            <\/div>\n\t\t\t\t\t\t\t<\/div>\n\t\t\t\t<\/div>\n\t\t\t\t\t<\/div>\n\t\t<\/div>\n\t\t\t\t\t<\/div>\n\t\t<\/section>\n\t\t\t\t<section class=\"elementor-section elementor-top-section elementor-element elementor-element-0956ece elementor-section-boxed elementor-section-height-default elementor-section-height-default\" data-id=\"0956ece\" data-element_type=\"section\" data-e-type=\"section\" data-settings=\"{&quot;background_background&quot;:&quot;classic&quot;}\">\n\t\t\t\t\t\t\t<div class=\"elementor-background-overlay\"><\/div>\n\t\t\t\t\t\t\t<div class=\"elementor-container elementor-column-gap-default\">\n\t\t\t\t\t<div class=\"elementor-column elementor-col-100 elementor-top-column elementor-element elementor-element-e31155f\" data-id=\"e31155f\" data-element_type=\"column\" data-e-type=\"column\">\n\t\t\t<div class=\"elementor-widget-wrap elementor-element-populated\">\n\t\t\t\t\t\t<div class=\"elementor-element elementor-element-9be51cf elementor-widget elementor-widget-heading\" data-id=\"9be51cf\" data-element_type=\"widget\" data-e-type=\"widget\" data-widget_type=\"heading.default\">\n\t\t\t\t<div class=\"elementor-widget-container\">\n\t\t\t\t\t<h2 class=\"elementor-heading-title elementor-size-default\">Willkommen in \u00c4gypten! \u0645\u0631\u062d\u0628\u0627 \u0628\u0643\u0645 \u0641\u0649 \u0645\u0635\u0631<\/h2>\t\t\t\t<\/div>\n\t\t\t\t<\/div>\n\t\t\t\t<div class=\"elementor-element elementor-element-054b86a elementor-widget elementor-widget-video\" data-id=\"054b86a\" data-element_type=\"widget\" data-e-type=\"widget\" data-settings=\"{&quot;video_type&quot;:&quot;hosted&quot;,&quot;controls&quot;:&quot;yes&quot;}\" data-widget_type=\"video.default\">\n\t\t\t\t<div class=\"elementor-widget-container\">\n\t\t\t\t\t\t\t<div class=\"e-hosted-video elementor-wrapper elementor-open-inline\">\n\t\t\t\t\t<video class=\"elementor-video\" src=\"https:\/\/www.discoveregypt.org\/wp-content\/uploads\/2023\/09\/Egypt-Intro-Video.mp4\" controls=\"\" preload=\"metadata\" controlslist=\"nodownload\"><\/video>\n\t\t\t\t<\/div>\n\t\t\t\t\t\t<\/div>\n\t\t\t\t<\/div>\n\t\t\t\t\t<\/div>\n\t\t<\/div>\n\t\t\t\t\t<\/div>\n\t\t<\/section>\n\t\t\t\t<\/div>","protected":false},"excerpt":{"rendered":"<p>Egypt is my travel passion, because&#8230; &#8230; the Egyptians took me to their hearts and I them, too &#8230; the hospitality and helpfulness towards me has always been extraordinary &#8230; the land of the pharaoes with its nature and culture has a special fascination for me &#8230; even as an individual tourist, Egypt can now [&hellip;]<\/p>\n","protected":false},"author":2,"featured_media":0,"parent":0,"menu_order":0,"comment_status":"closed","ping_status":"closed","template":"elementor_header_footer","meta":{"site-sidebar-layout":"no-sidebar","site-content-layout":"page-builder","ast-site-content-layout":"full-width-container","site-content-style":"unboxed","site-sidebar-style":"unboxed","ast-global-header-display":"","ast-banner-title-visibility":"","ast-main-header-display":"","ast-hfb-above-header-display":"","ast-hfb-below-header-display":"","ast-hfb-mobile-header-display":"","site-post-title":"disabled","ast-breadcrumbs-content":"","ast-featured-img":"","footer-sml-layout":"","ast-disable-related-posts":"","theme-transparent-header-meta":"enabled","adv-header-id-meta":"","stick-header-meta":"","header-above-stick-meta":"","header-main-stick-meta":"","header-below-stick-meta":"","astra-migrate-meta-layouts":"set","ast-page-background-enabled":"default","ast-page-background-meta":{"desktop":{"background-color":"","background-image":"","background-repeat":"repeat","background-position":"center center","background-size":"auto","background-attachment":"scroll","background-type":"","background-media":"","overlay-type":"","overlay-color":"","overlay-opacity":"","overlay-gradient":""},"tablet":{"background-color":"","background-image":"","background-repeat":"repeat","background-position":"center center","background-size":"auto","background-attachment":"scroll","background-type":"","background-media":"","overlay-type":"","overlay-color":"","overlay-opacity":"","overlay-gradient":""},"mobile":{"background-color":"","background-image":"","background-repeat":"repeat","background-position":"center center","background-size":"auto","background-attachment":"scroll","background-type":"","background-media":"","overlay-type":"","overlay-color":"","overlay-opacity":"","overlay-gradient":""}},"ast-content-background-meta":{"desktop":{"background-color":"var(--ast-global-color-5)","background-image":"","background-repeat":"repeat","background-position":"center center","background-size":"auto","background-attachment":"scroll","background-type":"","background-media":"","overlay-type":"","overlay-color":"","overlay-opacity":"","overlay-gradient":""},"tablet":{"background-color":"var(--ast-global-color-5)","background-image":"","background-repeat":"repeat","background-position":"center center","background-size":"auto","background-attachment":"scroll","background-type":"","background-media":"","overlay-type":"","overlay-color":"","overlay-opacity":"","overlay-gradient":""},"mobile":{"background-color":"var(--ast-global-color-5)","background-image":"","background-repeat":"repeat","background-position":"center center","background-size":"auto","background-attachment":"scroll","background-type":"","background-media":"","overlay-type":"","overlay-color":"","overlay-opacity":"","overlay-gradient":""}},"footnotes":""},"class_list":["post-3213","page","type-page","status-publish","hentry"],"jetpack_sharing_enabled":true,"_links":{"self":[{"href":"https:\/\/www.discoveregypt.org\/de\/wp-json\/wp\/v2\/pages\/3213","targetHints":{"allow":["GET"]}}],"collection":[{"href":"https:\/\/www.discoveregypt.org\/de\/wp-json\/wp\/v2\/pages"}],"about":[{"href":"https:\/\/www.discoveregypt.org\/de\/wp-json\/wp\/v2\/types\/page"}],"author":[{"embeddable":true,"href":"https:\/\/www.discoveregypt.org\/de\/wp-json\/wp\/v2\/users\/2"}],"replies":[{"embeddable":true,"href":"https:\/\/www.discoveregypt.org\/de\/wp-json\/wp\/v2\/comments?post=3213"}],"version-history":[{"count":92,"href":"https:\/\/www.discoveregypt.org\/de\/wp-json\/wp\/v2\/pages\/3213\/revisions"}],"predecessor-version":[{"id":7681,"href":"https:\/\/www.discoveregypt.org\/de\/wp-json\/wp\/v2\/pages\/3213\/revisions\/7681"}],"wp:attachment":[{"href":"https:\/\/www.discoveregypt.org\/de\/wp-json\/wp\/v2\/media?parent=3213"}],"curies":[{"name":"wp","href":"https:\/\/api.w.org\/{rel}","templated":true}]}}