{"id":3524,"date":"2023-09-19T07:49:20","date_gmt":"2023-09-19T07:49:20","guid":{"rendered":"https:\/\/www.discoveregypt.org\/?page_id=3524"},"modified":"2026-02-01T13:53:03","modified_gmt":"2026-02-01T13:53:03","slug":"privacy","status":"publish","type":"page","link":"https:\/\/www.discoveregypt.org\/de\/privacy\/","title":{"rendered":"Datenschutz"},"content":{"rendered":"<div data-elementor-type=\"wp-page\" data-elementor-id=\"3524\" class=\"elementor elementor-3524\">\n\t\t\t\t\t\t<section class=\"elementor-section elementor-top-section elementor-element elementor-element-5131a13e elementor-section-boxed elementor-section-height-default elementor-section-height-default\" data-id=\"5131a13e\" data-element_type=\"section\" data-e-type=\"section\" data-settings=\"{&quot;background_background&quot;:&quot;classic&quot;}\">\n\t\t\t\t\t\t<div class=\"elementor-container elementor-column-gap-default\">\n\t\t\t\t\t<div class=\"elementor-column elementor-col-100 elementor-top-column elementor-element elementor-element-1053ca7a\" data-id=\"1053ca7a\" data-element_type=\"column\" data-e-type=\"column\">\n\t\t\t<div class=\"elementor-widget-wrap elementor-element-populated\">\n\t\t\t\t\t\t<div class=\"elementor-element elementor-element-3d99e122 elementor-widget elementor-widget-heading\" data-id=\"3d99e122\" data-element_type=\"widget\" data-e-type=\"widget\" data-widget_type=\"heading.default\">\n\t\t\t\t<div class=\"elementor-widget-container\">\n\t\t\t\t\t<h1 class=\"elementor-heading-title elementor-size-default\">Datenschutz<\/h1>\t\t\t\t<\/div>\n\t\t\t\t<\/div>\n\t\t\t\t\t<\/div>\n\t\t<\/div>\n\t\t\t\t\t<\/div>\n\t\t<\/section>\n\t\t\t\t<section class=\"elementor-section elementor-top-section elementor-element elementor-element-40177ae0 elementor-section-boxed elementor-section-height-default elementor-section-height-default\" data-id=\"40177ae0\" data-element_type=\"section\" data-e-type=\"section\" data-settings=\"{&quot;background_background&quot;:&quot;classic&quot;}\">\n\t\t\t\t\t\t<div class=\"elementor-container elementor-column-gap-default\">\n\t\t\t\t\t<div class=\"elementor-column elementor-col-100 elementor-top-column elementor-element elementor-element-48096891\" data-id=\"48096891\" data-element_type=\"column\" data-e-type=\"column\">\n\t\t\t<div class=\"elementor-widget-wrap elementor-element-populated\">\n\t\t\t\t\t\t<div class=\"elementor-element elementor-element-44ce5982 elementor-widget__width-initial elementor-widget elementor-widget-text-editor\" data-id=\"44ce5982\" data-element_type=\"widget\" data-e-type=\"widget\" id=\"main-text\" data-widget_type=\"text-editor.default\">\n\t\t\t\t<div class=\"elementor-widget-container\">\n\t\t\t\t\t\t\t\t\t<p>Vielen Dank f\u00fcr Ihren Besuch auf dieser Website!<\/p><p>Diese Datenschutzrichtlinie hilft Ihnen zu verstehen, welche personenbezogenen Daten wir und Dritte im Rahmen unserer Kommunikation mit Ihnen sammeln und wie wir diese Informationen verwenden. Sie enthalten auch Informationen dar\u00fcber, welche Tools wir zum Schutz dieser Website verwenden und welche Informationen \u00fcber Sie von diesen Tools gespeichert werden.<\/p><p>Wir freuen uns \u00fcber Ihre Fragen und Kommentare zu dieser Datenschutzrichtlinie.<\/p><h2>1 \u2013 Pers\u00f6nliche Informationen<\/h2><p>Pers\u00f6nliche Daten, die Sie uns im Rahmen der Nutzung dieser Website mitteilen, werden von uns ausschlie\u00dflich zur Bearbeitung Ihrer Anfragen genutzt. Wir verkaufen oder geben Ihre pers\u00f6nlichen Daten nicht an Dritte weiter.<\/p><p>Wir ergreifen Sicherheitsma\u00dfnahmen, um die Sicherheit aller personenbezogenen Daten zu gew\u00e4hrleisten, die Sie uns zur Verf\u00fcgung stellen. Wir nutzen oder speichern keine Informationen \u00fcber Ihre Nutzung dieser Website dauerhaft auf unseren Computern.<\/p><p>Einzelheiten zur Verwendung von Cookies, die zum Schutz dieser Website vor betr\u00fcgerischer Nutzung und zu in diese Website integrierten Diensten eingesetzt werden, werden in den n\u00e4chsten Abschnitten beschrieben.<\/p><h2>2 \u2013 Cookies<\/h2><p>Wenn Sie diese Website zum ersten Mal besuchen, zeigen wir Ihnen ein Pop-up mit einer Erkl\u00e4rung zur Verwendung von Cookies auf dieser Website.<\/p><p>Ein Cookie ist eine einfache kleine Datei, die mit den Seiten einer Internetadresse geteilt und vom Webbrowser auf Ihrem PC oder einem anderen Ger\u00e4t gespeichert wird. Die darin gespeicherten Informationen k\u00f6nnen bei sp\u00e4teren Besuchen unserer Website genutzt werden. Cookies k\u00f6nnen auch an relevante Server Dritter gesendet werden.<\/p><p>Einige Cookies stellen sicher, dass Teile unserer Website ordnungsgem\u00e4\u00df funktionieren und dass Ihre Benutzereinstellungen protokolliert werden. Durch die Platzierung dieser funktionalen Cookies verbessern wir Ihr Benutzererlebnis beim Besuch unserer Website. Wir verwenden diese Cookies ohne Ihre Zustimmung.<\/p><p>Wir verwenden dar\u00fcberhinaus optionale analytische Cookies, die uns Einblicke in die Nutzung unserer Website geben. Wir bitten Sie um Ihre Erlaubnis, analytische Cookies zu setzen.<\/p><p>Sobald Sie auf \u201eAnnehmen\u201c klicken, erteilen Sie uns Ihr Einverst\u00e4ndnis zur Verwendung aller in dieser Cookie-Erkl\u00e4rung beschriebenen Cookies und Plugins. Wenn Sie auf \u201eAblehnen\u201c klicken, werden nur diejenigen Cookies gespeichert, die f\u00fcr den legitimen Zweck der Bereitstellung der von Ihnen auf dieser Website angeforderten Dienste unbedingt erforderlich sind.<\/p><p>Sie k\u00f6nnen die Verwendung von Analyse-Cookies \u00fcber Ihren Browser deaktivieren, indem Sie auf \u201e\u00c4ndern\u201c klicken. Sie k\u00f6nnen auch festlegen, ob bestimmte Cookies nicht gesetzt werden sollen, indem Sie Ihren Internetbrowser so einstellen, dass Sie jedes Mal benachrichtigt werden, wenn ein Cookie gesetzt wird.<\/p><p>Weitere Informationen zu diesen Optionen finden Sie in den Anweisungen im Hilfebereich Ihres Browsers. Bitte beachten Sie, dass unsere Website m\u00f6glicherweise nicht ordnungsgem\u00e4\u00df funktioniert, wenn alle optionalen Cookies deaktiviert sind. Wenn Sie die Cookies in Ihrem Browser l\u00f6schen, werden diese bei einem erneuten Besuch unserer Website erneut gesetzt.<\/p><h2>3 \u2013 Google reCAPTCHA<\/h2><p>Wir nutzen \u201eGoogle Invisible reCAPTCHA\u201c (nachfolgend \u201ereCAPTCHA\u201c), um diese Website vor Missbrauch und Spam zu sch\u00fctzen. Anbieter dieses Dienstes ist Google Inc., 1600 Amphitheatre Parkway, Mountain View, CA 94043, USA (\u201eGoogle\u201c).<\/p><p>reCAPTCHA pr\u00fcft, ob die Eingabe im Kontaktformular durch einen Menschen oder durch ein automatisiertes Programm erfolgt. Hierzu analysiert reCAPTCHA das Verhalten des Websitebesuchers anhand verschiedener Merkmale. Diese Analyse beginnt automatisch, sobald der Websitebesucher die Website betritt. Zur Analyse wertet reCAPTCHA verschiedene Informationen aus (z. B. IP-Adresse, Verweildauer des Websitebesuchers auf der Website oder vom Nutzer get\u00e4tigte Mausbewegungen). Die bei der Analyse erhobenen Daten werden an Google weitergeleitet.<\/p><p>Die reCAPTCHA-Analysen laufen komplett im Hintergrund ab. Besucher der Website werden nicht dar\u00fcber informiert, dass eine solche Analyse stattfindet. Die Datenverarbeitung erfolgt auf Grundlage von Art. Art. 6 Abs. 1 lit. f DSGVO. Der Websitebetreiber hat ein berechtigtes Interesse daran, seine Webangebote vor missbr\u00e4uchlicher automatisierter Aussp\u00e4hung und vor Spam zu sch\u00fctzen.<\/p><p class=\"translation-block\">Weitere Informationen zu reCAPTCHA und den Datenschutzbestimmungen von Google finden Sie auf den <a href=\"https:\/\/www.google.com\/recaptcha\/about\/\" target=\"_self\">reCAPTCHA<\/a> und <a href=\"https:\/\/www.google.com\/intl\/de\/policies\/privacy\" target=\"_self\">Datenschutzseiten<\/a> von Google.<\/p><h2>4 \u2013 Jetpack Protect<\/h2><p>Um m\u00f6gliche betr\u00fcgerische Zugriffsversuche auf die Admin-Oberfl\u00e4che unserer Website zu blockieren, werden die folgenden Informationen mit Jetpack-Servern synchronisiert:<\/p><p>IP-Adresse, E-Mail-Adresse und Benutzername des Benutzers (d. h. gem\u00e4\u00df der Eingaben, die w\u00e4hrend des Anmeldevorgangs verwendet wurden) und alle IP-bezogenen HTTP-Header, die an den Benutzer gesendet wurden.<\/p><p class=\"translation-block\">Jetpack verfolgt fehlgeschlagene Anmeldeversuche, einschlie\u00dflich IP-Adresse und Benutzeragent. Au\u00dferdem wird ein Cookie f\u00fcr einen Tag (jpp_math_pass) gesetzt, um zu speichern, ob\/wann ein Benutzer ein Rechen-Captcha erfolgreich abgeschlossen hat, um zu beweisen, dass er ein echter Mensch ist. Weitere Informationen zu den Cookies von Jetpack finden Sie unter <a href=\"https:\/\/jetpack.com\/support\/cookies\/\" target=\"_self\">diesem Link<\/a>.<\/p><p class=\"translation-block\">Mit Jetpack-Servern synchronisierte Daten werden gem\u00e4\u00df den Bedingungen der <a href=\"https:\/\/automattic.com\/privacy\/\" target=\"_self\">Datenschutzrichtlinie<\/a> von Jetpack behandelt.<\/p><h2>5 \u2013 Informationen zu dieser Website<\/h2><p>Built with WordPress 6.9, using Astra Pro theme.<\/p><p class=\"translation-block\">Bei Fragen zu dieser Website oder ihren Inhalten wenden Sie sich bitte an den verantwortlichen <a href=\"https:\/\/www.discoveregypt.org\/de\/contact\/\" target=\"_self\">Inhaber<\/a> oder <a href=\"mailto:andreas.fasbender@web-und-mediendesign.de\" target=\"_self\">Webeditor<\/a>.<\/p>\t\t\t\t\t\t\t\t<\/div>\n\t\t\t\t<\/div>\n\t\t\t\t\t<\/div>\n\t\t<\/div>\n\t\t\t\t\t<\/div>\n\t\t<\/section>\n\t\t\t\t<\/div>","protected":false},"excerpt":{"rendered":"<p>Privacy policy Thank you for visiting this website! This privacy policy will help you understand what personal information we and third parties collect during our communications with you and how we use that information. They also contain information about the tools we use to protect this website and what information about you is stored by [&hellip;]<\/p>\n","protected":false},"author":2,"featured_media":0,"parent":0,"menu_order":0,"comment_status":"closed","ping_status":"closed","template":"","meta":{"site-sidebar-layout":"no-sidebar","site-content-layout":"page-builder","ast-site-content-layout":"full-width-container","site-content-style":"unboxed","site-sidebar-style":"unboxed","ast-global-header-display":"","ast-banner-title-visibility":"","ast-main-header-display":"","ast-hfb-above-header-display":"","ast-hfb-below-header-display":"","ast-hfb-mobile-header-display":"","site-post-title":"disabled","ast-breadcrumbs-content":"","ast-featured-img":"","footer-sml-layout":"","ast-disable-related-posts":"","theme-transparent-header-meta":"enabled","adv-header-id-meta":"","stick-header-meta":"","header-above-stick-meta":"","header-main-stick-meta":"","header-below-stick-meta":"","astra-migrate-meta-layouts":"set","ast-page-background-enabled":"default","ast-page-background-meta":{"desktop":{"background-color":"","background-image":"","background-repeat":"repeat","background-position":"center center","background-size":"auto","background-attachment":"scroll","background-type":"","background-media":"","overlay-type":"","overlay-color":"","overlay-opacity":"","overlay-gradient":""},"tablet":{"background-color":"","background-image":"","background-repeat":"repeat","background-position":"center center","background-size":"auto","background-attachment":"scroll","background-type":"","background-media":"","overlay-type":"","overlay-color":"","overlay-opacity":"","overlay-gradient":""},"mobile":{"background-color":"","background-image":"","background-repeat":"repeat","background-position":"center center","background-size":"auto","background-attachment":"scroll","background-type":"","background-media":"","overlay-type":"","overlay-color":"","overlay-opacity":"","overlay-gradient":""}},"ast-content-background-meta":{"desktop":{"background-color":"var(--ast-global-color-5)","background-image":"","background-repeat":"repeat","background-position":"center center","background-size":"auto","background-attachment":"scroll","background-type":"","background-media":"","overlay-type":"","overlay-color":"","overlay-opacity":"","overlay-gradient":""},"tablet":{"background-color":"var(--ast-global-color-5)","background-image":"","background-repeat":"repeat","background-position":"center center","background-size":"auto","background-attachment":"scroll","background-type":"","background-media":"","overlay-type":"","overlay-color":"","overlay-opacity":"","overlay-gradient":""},"mobile":{"background-color":"var(--ast-global-color-5)","background-image":"","background-repeat":"repeat","background-position":"center center","background-size":"auto","background-attachment":"scroll","background-type":"","background-media":"","overlay-type":"","overlay-color":"","overlay-opacity":"","overlay-gradient":""}},"footnotes":""},"class_list":["post-3524","page","type-page","status-publish","hentry"],"jetpack_sharing_enabled":true,"_links":{"self":[{"href":"https:\/\/www.discoveregypt.org\/de\/wp-json\/wp\/v2\/pages\/3524","targetHints":{"allow":["GET"]}}],"collection":[{"href":"https:\/\/www.discoveregypt.org\/de\/wp-json\/wp\/v2\/pages"}],"about":[{"href":"https:\/\/www.discoveregypt.org\/de\/wp-json\/wp\/v2\/types\/page"}],"author":[{"embeddable":true,"href":"https:\/\/www.discoveregypt.org\/de\/wp-json\/wp\/v2\/users\/2"}],"replies":[{"embeddable":true,"href":"https:\/\/www.discoveregypt.org\/de\/wp-json\/wp\/v2\/comments?post=3524"}],"version-history":[{"count":59,"href":"https:\/\/www.discoveregypt.org\/de\/wp-json\/wp\/v2\/pages\/3524\/revisions"}],"predecessor-version":[{"id":6856,"href":"https:\/\/www.discoveregypt.org\/de\/wp-json\/wp\/v2\/pages\/3524\/revisions\/6856"}],"wp:attachment":[{"href":"https:\/\/www.discoveregypt.org\/de\/wp-json\/wp\/v2\/media?parent=3524"}],"curies":[{"name":"wp","href":"https:\/\/api.w.org\/{rel}","templated":true}]}}