{"id":3702,"date":"2023-09-23T11:24:19","date_gmt":"2023-09-23T11:24:19","guid":{"rendered":"https:\/\/www.discoveregypt.org\/?page_id=3702"},"modified":"2026-04-07T13:35:00","modified_gmt":"2026-04-07T13:35:00","slug":"wadi-el-gemal","status":"publish","type":"page","link":"https:\/\/www.discoveregypt.org\/de\/wadi-el-gemal\/","title":{"rendered":"Wadi el Gemal"},"content":{"rendered":"<div data-elementor-type=\"wp-page\" data-elementor-id=\"3702\" class=\"elementor elementor-3702\">\n\t\t\t\t\t\t<section class=\"elementor-section elementor-top-section elementor-element elementor-element-1b0a5d33 elementor-section-boxed elementor-section-height-default elementor-section-height-default\" data-id=\"1b0a5d33\" data-element_type=\"section\" data-e-type=\"section\" data-settings=\"{&quot;background_background&quot;:&quot;classic&quot;}\">\n\t\t\t\t\t\t\t<div class=\"elementor-background-overlay\"><\/div>\n\t\t\t\t\t\t\t<div class=\"elementor-container elementor-column-gap-default\">\n\t\t\t\t\t<div class=\"elementor-column elementor-col-50 elementor-top-column elementor-element elementor-element-1f841ba\" data-id=\"1f841ba\" data-element_type=\"column\" data-e-type=\"column\">\n\t\t\t<div class=\"elementor-widget-wrap elementor-element-populated\">\n\t\t\t\t\t\t<div class=\"elementor-element elementor-element-365ba0bd elementor-widget elementor-widget-heading\" data-id=\"365ba0bd\" data-element_type=\"widget\" data-e-type=\"widget\" data-widget_type=\"heading.default\">\n\t\t\t\t<div class=\"elementor-widget-container\">\n\t\t\t\t\t<h2 class=\"elementor-heading-title elementor-size-default\">Begegnung mit wilden Kamelen <img decoding=\"async\" role=\"img\" class=\"emoji\" alt=\"\ud83d\udc2b\" src=\"https:\/\/s.w.org\/images\/core\/emoji\/15.0.3\/svg\/1f42b.svg\"><\/h2>\t\t\t\t<\/div>\n\t\t\t\t<\/div>\n\t\t\t\t<div class=\"elementor-element elementor-element-4eba0ba elementor-widget elementor-widget-text-editor\" data-id=\"4eba0ba\" data-element_type=\"widget\" data-e-type=\"widget\" data-widget_type=\"text-editor.default\">\n\t\t\t\t<div class=\"elementor-widget-container\">\n\t\t\t\t\t\t\t\t\t<ul class=\"ul1\"><li>Ausflug in den Wadi-El-Gemal-Nationalpark (\u201eTal der Kamele\u201c) s\u00fcdlich von Marsa Alam<\/li><li>Wundersch\u00f6ne Str\u00e4nde und unber\u00fchrte W\u00fcstenlandschaft liegen hier dicht beieinander<\/li><li>Besuch der Qulan-Lagune mit einem erfrischenden Bad im kristallklaren Wasser<\/li><li>Pause f\u00fcr ein k\u00f6stliches Mittagessen bei den Beduinen<\/li><li>Wildkamele sind oft in \u201eSichtweite\u201c<\/li><\/ul>\t\t\t\t\t\t\t\t<\/div>\n\t\t\t\t<\/div>\n\t\t\t\t\t<\/div>\n\t\t<\/div>\n\t\t\t\t<div class=\"elementor-column elementor-col-50 elementor-top-column elementor-element elementor-element-c7d1829\" data-id=\"c7d1829\" data-element_type=\"column\" data-e-type=\"column\" data-settings=\"{&quot;background_background&quot;:&quot;classic&quot;}\">\n\t\t\t<div class=\"elementor-widget-wrap elementor-element-populated\">\n\t\t\t\t\t<div class=\"elementor-background-overlay\"><\/div>\n\t\t\t\t\t\t<div class=\"elementor-element elementor-element-960d4ff elementor-widget elementor-widget-text-editor\" data-id=\"960d4ff\" data-element_type=\"widget\" data-e-type=\"widget\" data-widget_type=\"text-editor.default\">\n\t\t\t\t<div class=\"elementor-widget-container\">\n\t\t\t\t\t\t\t\t\t<p>Darf ich vorstellen...<\/p>\t\t\t\t\t\t\t\t<\/div>\n\t\t\t\t<\/div>\n\t\t\t\t<div class=\"elementor-element elementor-element-dee131c elementor-widget elementor-widget-image\" data-id=\"dee131c\" data-element_type=\"widget\" data-e-type=\"widget\" data-widget_type=\"image.default\">\n\t\t\t\t<div class=\"elementor-widget-container\">\n\t\t\t\t\t\t\t\t\t\t\t\t\t\t\t<img fetchpriority=\"high\" decoding=\"async\" width=\"600\" height=\"600\" src=\"https:\/\/www.discoveregypt.org\/wp-content\/uploads\/2025\/02\/Mr.-Tom-Desert-Guide.png\" class=\"attachment-full size-full wp-image-5222\" alt=\"Chatting with Mohammed\" srcset=\"https:\/\/www.discoveregypt.org\/wp-content\/uploads\/2025\/02\/Mr.-Tom-Desert-Guide.png 600w, https:\/\/www.discoveregypt.org\/wp-content\/uploads\/2025\/02\/Mr.-Tom-Desert-Guide-300x300.png 300w, https:\/\/www.discoveregypt.org\/wp-content\/uploads\/2025\/02\/Mr.-Tom-Desert-Guide-150x150.png 150w, https:\/\/www.discoveregypt.org\/wp-content\/uploads\/2025\/02\/Mr.-Tom-Desert-Guide-12x12.png 12w\" sizes=\"(max-width: 600px) 100vw, 600px\" \/>\t\t\t\t\t\t\t\t\t\t\t\t\t\t\t<\/div>\n\t\t\t\t<\/div>\n\t\t\t\t<div class=\"elementor-element elementor-element-0093cca elementor-widget elementor-widget-text-editor\" data-id=\"0093cca\" data-element_type=\"widget\" data-e-type=\"widget\" data-widget_type=\"text-editor.default\">\n\t\t\t\t<div class=\"elementor-widget-container\">\n\t\t\t\t\t\t\t\t\t<ul class=\"ul1\"><li>Mohmed Adel \u201eMr. Tom\u201c, 30 Jahre, ledig,  leidenschaftlicher Taucher<\/li><li>Empathisch, vertrauensvoll und ein geduldiger Lehrer auch f\u00fcr Tauchanf\u00e4nger<\/li><li>Lebt in El Qusier, 130 km s\u00fcdlich von Hurghada<\/li><li>Betreibt mit seinem Bruder Basem ein Strandcamp mit Beduinenzelten und Tauchbasis s\u00fcdlich von El Qusier<\/li><li>Flie\u00dfende Englisch-Kenntnisse<\/li><li>Sehr gut vernetzt in der Region Marsa Alam<\/li><\/ul>\t\t\t\t\t\t\t\t<\/div>\n\t\t\t\t<\/div>\n\t\t\t\t\t<\/div>\n\t\t<\/div>\n\t\t\t\t\t<\/div>\n\t\t<\/section>\n\t\t\t\t<section class=\"elementor-section elementor-top-section elementor-element elementor-element-05e947d elementor-section-boxed elementor-section-height-default elementor-section-height-default\" data-id=\"05e947d\" data-element_type=\"section\" data-e-type=\"section\" data-settings=\"{&quot;background_background&quot;:&quot;classic&quot;}\">\n\t\t\t\t\t\t\t<div class=\"elementor-background-overlay\"><\/div>\n\t\t\t\t\t\t\t<div class=\"elementor-container elementor-column-gap-default\">\n\t\t\t\t\t<div class=\"elementor-column elementor-col-50 elementor-top-column elementor-element elementor-element-b46641a\" data-id=\"b46641a\" data-element_type=\"column\" data-e-type=\"column\">\n\t\t\t<div class=\"elementor-widget-wrap elementor-element-populated\">\n\t\t\t\t\t\t<div class=\"elementor-element elementor-element-57dfccb elementor-widget elementor-widget-heading\" data-id=\"57dfccb\" data-element_type=\"widget\" data-e-type=\"widget\" data-widget_type=\"heading.default\">\n\t\t\t\t<div class=\"elementor-widget-container\">\n\t\t\t\t\t<h2 class=\"elementor-heading-title elementor-size-default\">Wilde Kamele und Karibik-Feeling zugleich <img decoding=\"async\" role=\"img\" class=\"emoji\" alt=\"\ud83c\udf34\" src=\"https:\/\/s.w.org\/images\/core\/emoji\/15.0.3\/svg\/1f334.svg\"><img decoding=\"async\" role=\"img\" class=\"emoji\" alt=\"\ud83d\udc2b\" src=\"https:\/\/s.w.org\/images\/core\/emoji\/15.0.3\/svg\/1f42b.svg\"><\/h2>\t\t\t\t<\/div>\n\t\t\t\t<\/div>\n\t\t\t\t<div class=\"elementor-element elementor-element-89e0633 elementor-widget elementor-widget-text-editor\" data-id=\"89e0633\" data-element_type=\"widget\" data-e-type=\"widget\" id=\"main-text\" data-widget_type=\"text-editor.default\">\n\t\t\t\t<div class=\"elementor-widget-container\">\n\t\t\t\t\t\t\t\t\t<p>W\u00e4hrend meines ersten Aufenthalts im Strandcamp von Mohammed und Basem beschloss ich, einen Tagesausflug in einen der drei Nationalparks \u00c4gyptens zu unternehmen. Ein Besuch im \u201eTal der Kamele\u201c lohnt sich besonders wegen seiner Str\u00e4nde und Lagunen.<\/p><p>Vor allem Qulan vermittelt den Besuchern ein echtes \u201eKaribik-Feeling\u201c. Und das alles in dem Wissen, dass jeden Moment ein \u201eW\u00fcstenschiff\u201c auf einen zukommen und den Weg kreuzen k\u00f6nnte.<\/p><p class=\"translation-block\">Der <a href=\"https:\/\/de.wikipedia.org\/wiki\/Wadi_al-GimalHamata\" target=\"_blank\" rel=\"noopener\">Wadi-El-Gemal-Nationalpark<\/a> erstreckt sich \u00fcber eine Fl\u00e4che von 6.200 km\u00b2. Um ihn ausgiebig zu erkunden, empfehle ich eine mehrt\u00e4gige Tour im Gel\u00e4ndewagen. F\u00fcr alle, die der Natur ganz nah kommen m\u00f6chten, ist das Campen bei den Beduinen ein ganz besonderes Erlebnis. Vor allem, wenn man wilde Kamele an ihren Wasserstellen beobachten kann.<\/p><p class=\"translation-block\">Mohmeds Familie hilft euch gerne bei der Planung dieser Touren. Gebt mir einfach <a href=\"https:\/\/www.discoveregypt.org\/de\/contact\/\" target=\"_self\">Bescheid<\/a>, wenn ich den Kontakt mit ihnen herstellen soll.<\/p>\t\t\t\t\t\t\t\t<\/div>\n\t\t\t\t<\/div>\n\t\t\t\t\t<\/div>\n\t\t<\/div>\n\t\t\t\t<div class=\"elementor-column elementor-col-50 elementor-top-column elementor-element elementor-element-f99b5c7\" data-id=\"f99b5c7\" data-element_type=\"column\" data-e-type=\"column\">\n\t\t\t<div class=\"elementor-widget-wrap elementor-element-populated\">\n\t\t\t\t\t\t<div class=\"elementor-element elementor-element-2977886 elementor-pagination-position-outside elementor-widget elementor-widget-image-carousel\" data-id=\"2977886\" data-element_type=\"widget\" data-e-type=\"widget\" data-settings=\"{&quot;slides_to_show&quot;:&quot;1&quot;,&quot;navigation&quot;:&quot;dots&quot;,&quot;autoplay&quot;:&quot;yes&quot;,&quot;pause_on_hover&quot;:&quot;yes&quot;,&quot;pause_on_interaction&quot;:&quot;yes&quot;,&quot;autoplay_speed&quot;:5000,&quot;infinite&quot;:&quot;yes&quot;,&quot;effect&quot;:&quot;slide&quot;,&quot;speed&quot;:500}\" data-widget_type=\"image-carousel.default\">\n\t\t\t\t<div class=\"elementor-widget-container\">\n\t\t\t\t\t            <div class=\"elementor-image-carousel-wrapper swiper\" role=\"region\" aria-roledescription=\"carousel\" aria-label=\"Image Carousel\" dir=\"ltr\">\n                <div class=\"elementor-image-carousel swiper-wrapper swiper-image-stretch\" aria-live=\"off\">\n\t\t\t\t\t\t\t\t\t\t<div class=\"swiper-slide\"><a data-elementor-open-lightbox=\"yes\" data-elementor-lightbox-slideshow=\"2977886\" data-elementor-lightbox-title=\"Home of the Camels\" data-elementor-lightbox-description=\"Home of the Camels\" data-e-action-hash=\"#elementor-action%3Aaction%3Dlightbox%26settings%3DeyJpZCI6MzY5OCwidXJsIjoiaHR0cHM6XC9cL3d3dy5kaXNjb3ZlcmVneXB0Lm9yZ1wvd3AtY29udGVudFwvdXBsb2Fkc1wvMjAyM1wvMDlcL0hvbWUtb2YtdGhlLUNhbWVscy5qcGciLCJzbGlkZXNob3ciOiIyOTc3ODg2In0%3D\" href=\"https:\/\/www.discoveregypt.org\/wp-content\/uploads\/2023\/09\/Home-of-the-Camels.jpg\"><figure class=\"swiper-slide-inner\"><img decoding=\"async\" class=\"swiper-slide-image\" src=\"https:\/\/www.discoveregypt.org\/wp-content\/uploads\/2023\/09\/Home-of-the-Camels.jpg\" alt=\"Home of the Camels\" \/><figcaption class=\"elementor-image-carousel-caption\">Heimat der Kamele<\/figcaption><\/figure><\/a><\/div><div class=\"swiper-slide\"><a data-elementor-open-lightbox=\"yes\" data-elementor-lightbox-slideshow=\"2977886\" data-elementor-lightbox-title=\"Entrance to Wadi el Gemal\" data-elementor-lightbox-description=\"Entrance to Wadi el Gemal\" data-e-action-hash=\"#elementor-action%3Aaction%3Dlightbox%26settings%3DeyJpZCI6MzY5NiwidXJsIjoiaHR0cHM6XC9cL3d3dy5kaXNjb3ZlcmVneXB0Lm9yZ1wvd3AtY29udGVudFwvdXBsb2Fkc1wvMjAyM1wvMDlcL0VudHJhbmNlLXRvLVdhZGktZWwtR2VtYWwuanBnIiwic2xpZGVzaG93IjoiMjk3Nzg4NiJ9\" href=\"https:\/\/www.discoveregypt.org\/wp-content\/uploads\/2023\/09\/Entrance-to-Wadi-el-Gemal.jpg\"><figure class=\"swiper-slide-inner\"><img decoding=\"async\" class=\"swiper-slide-image\" src=\"https:\/\/www.discoveregypt.org\/wp-content\/uploads\/2023\/09\/Entrance-to-Wadi-el-Gemal.jpg\" alt=\"Entrance to Wadi el Gemal\" \/><figcaption class=\"elementor-image-carousel-caption\">Am Eingang zum Wadi el Gemal<\/figcaption><\/figure><\/a><\/div><div class=\"swiper-slide\"><a data-elementor-open-lightbox=\"yes\" data-elementor-lightbox-slideshow=\"2977886\" data-elementor-lightbox-title=\"Drinking Camels\" data-elementor-lightbox-description=\"Drinking Camels\" data-e-action-hash=\"#elementor-action%3Aaction%3Dlightbox%26settings%3DeyJpZCI6MzY5NSwidXJsIjoiaHR0cHM6XC9cL3d3dy5kaXNjb3ZlcmVneXB0Lm9yZ1wvd3AtY29udGVudFwvdXBsb2Fkc1wvMjAyM1wvMDlcL0RyaW5raW5nLUNhbWVscy5qcGciLCJzbGlkZXNob3ciOiIyOTc3ODg2In0%3D\" href=\"https:\/\/www.discoveregypt.org\/wp-content\/uploads\/2023\/09\/Drinking-Camels.jpg\"><figure class=\"swiper-slide-inner\"><img decoding=\"async\" class=\"swiper-slide-image\" src=\"https:\/\/www.discoveregypt.org\/wp-content\/uploads\/2023\/09\/Drinking-Camels.jpg\" alt=\"Drinking Camels\" \/><figcaption class=\"elementor-image-carousel-caption\">Trinkende Kamele<\/figcaption><\/figure><\/a><\/div><div class=\"swiper-slide\"><a data-elementor-open-lightbox=\"yes\" data-elementor-lightbox-slideshow=\"2977886\" data-elementor-lightbox-title=\"Qulan Lagoon\" data-elementor-lightbox-description=\"Qulan Lagoon\" data-e-action-hash=\"#elementor-action%3Aaction%3Dlightbox%26settings%3DeyJpZCI6MzcwMSwidXJsIjoiaHR0cHM6XC9cL3d3dy5kaXNjb3ZlcmVneXB0Lm9yZ1wvd3AtY29udGVudFwvdXBsb2Fkc1wvMjAyM1wvMDlcL1dhZGktZWwtR2VtYWwtTGFnb29uLmpwZWciLCJzbGlkZXNob3ciOiIyOTc3ODg2In0%3D\" href=\"https:\/\/www.discoveregypt.org\/wp-content\/uploads\/2023\/09\/Wadi-el-Gemal-Lagoon.jpeg\"><figure class=\"swiper-slide-inner\"><img decoding=\"async\" class=\"swiper-slide-image\" src=\"https:\/\/www.discoveregypt.org\/wp-content\/uploads\/2023\/09\/Wadi-el-Gemal-Lagoon.jpeg\" alt=\"Qulan Lagune\" \/><figcaption class=\"elementor-image-carousel-caption\">Qulan Lagune<\/figcaption><\/figure><\/a><\/div><div class=\"swiper-slide\"><a data-elementor-open-lightbox=\"yes\" data-elementor-lightbox-slideshow=\"2977886\" data-elementor-lightbox-title=\"Fisherman in the Lagoon\" data-elementor-lightbox-description=\"Fisherman in the Lagoon\" data-e-action-hash=\"#elementor-action%3Aaction%3Dlightbox%26settings%3DeyJpZCI6MzY5NywidXJsIjoiaHR0cHM6XC9cL3d3dy5kaXNjb3ZlcmVneXB0Lm9yZ1wvd3AtY29udGVudFwvdXBsb2Fkc1wvMjAyM1wvMDlcL0Zpc2hlcm1hbi1pbi10aGUtTGFnb29uLmpwZyIsInNsaWRlc2hvdyI6IjI5Nzc4ODYifQ%3D%3D\" href=\"https:\/\/www.discoveregypt.org\/wp-content\/uploads\/2023\/09\/Fisherman-in-the-Lagoon.jpg\"><figure class=\"swiper-slide-inner\"><img decoding=\"async\" class=\"swiper-slide-image\" src=\"https:\/\/www.discoveregypt.org\/wp-content\/uploads\/2023\/09\/Fisherman-in-the-Lagoon.jpg\" alt=\"Fisherman in the Lagoon\" \/><figcaption class=\"elementor-image-carousel-caption\">Ein Fischer in der Lagune<\/figcaption><\/figure><\/a><\/div><div class=\"swiper-slide\"><a data-elementor-open-lightbox=\"yes\" data-elementor-lightbox-slideshow=\"2977886\" data-elementor-lightbox-title=\"Nice Chat with Mr. Tom\" data-elementor-lightbox-description=\"Nice Chat with Mr. Tom\" data-e-action-hash=\"#elementor-action%3Aaction%3Dlightbox%26settings%3DeyJpZCI6MzY5OSwidXJsIjoiaHR0cHM6XC9cL3d3dy5kaXNjb3ZlcmVneXB0Lm9yZ1wvd3AtY29udGVudFwvdXBsb2Fkc1wvMjAyM1wvMDlcL05pY2UtQ2hhdC13aXRoLU1yLi1Ub20uanBnIiwic2xpZGVzaG93IjoiMjk3Nzg4NiJ9\" href=\"https:\/\/www.discoveregypt.org\/wp-content\/uploads\/2023\/09\/Nice-Chat-with-Mr.-Tom.jpg\"><figure class=\"swiper-slide-inner\"><img decoding=\"async\" class=\"swiper-slide-image\" src=\"https:\/\/www.discoveregypt.org\/wp-content\/uploads\/2023\/09\/Nice-Chat-with-Mr.-Tom.jpg\" alt=\"Nice Chat with Mr. Tom\" \/><figcaption class=\"elementor-image-carousel-caption\">Nette Unterhaltung mit \u201eMr. Tom\u201c<\/figcaption><\/figure><\/a><\/div>                <\/div>\n\t\t\t\t\t\t\t\t\t                        <div class=\"swiper-pagination\"><\/div>\n\t\t\t\t\t\t\t\t\t\t\t\t\t\t            <\/div>\n\t\t\t\t\t\t\t<\/div>\n\t\t\t\t<\/div>\n\t\t\t\t<div class=\"elementor-element elementor-element-cd5a815 elementor-widget elementor-widget-heading\" data-id=\"cd5a815\" data-element_type=\"widget\" data-e-type=\"widget\" data-widget_type=\"heading.default\">\n\t\t\t\t<div class=\"elementor-widget-container\">\n\t\t\t\t\t<h2 class=\"elementor-heading-title elementor-size-default\">Weitere Touren mit Mr. Tom<\/h2>\t\t\t\t<\/div>\n\t\t\t\t<\/div>\n\t\t\t\t<div class=\"elementor-element elementor-element-890f00f elementor-widget elementor-widget-text-editor\" data-id=\"890f00f\" data-element_type=\"widget\" data-e-type=\"widget\" id=\"main-text\" data-widget_type=\"text-editor.default\">\n\t\t\t\t<div class=\"elementor-widget-container\">\n\t\t\t\t\t\t\t\t\t<p class=\"translation-block\"><a href=\"https:\/\/www.discoveregypt.org\/de\/Tauche mit Beduinen\/\" target=\"_self\">Tauchen mit Mohmed<\/a> in den sch\u00f6nsten Tauchgebieten der Marsa Alam Region<\/p>\t\t\t\t\t\t\t\t<\/div>\n\t\t\t\t<\/div>\n\t\t\t\t\t<\/div>\n\t\t<\/div>\n\t\t\t\t\t<\/div>\n\t\t<\/section>\n\t\t\t\t<\/div>","protected":false},"excerpt":{"rendered":"<p>Meet the Wild Camels Trip to Wadi El Gemal National Park (\u2018Valley of the Camels\u2019) south of Marsa Alam Beautiful beaches and unspoilt desert nature lie close together here Visit to the Qulan Lagoon including a refreshing swim in its crystal-clear water Break for a delicious lunch with the Bedouins Wild camels often in &#8216;sight&#8217; [&hellip;]<\/p>\n","protected":false},"author":2,"featured_media":0,"parent":0,"menu_order":0,"comment_status":"closed","ping_status":"closed","template":"elementor_header_footer","meta":{"site-sidebar-layout":"no-sidebar","site-content-layout":"page-builder","ast-site-content-layout":"full-width-container","site-content-style":"unboxed","site-sidebar-style":"unboxed","ast-global-header-display":"","ast-banner-title-visibility":"","ast-main-header-display":"","ast-hfb-above-header-display":"","ast-hfb-below-header-display":"","ast-hfb-mobile-header-display":"","site-post-title":"disabled","ast-breadcrumbs-content":"","ast-featured-img":"","footer-sml-layout":"","ast-disable-related-posts":"","theme-transparent-header-meta":"enabled","adv-header-id-meta":"","stick-header-meta":"","header-above-stick-meta":"","header-main-stick-meta":"","header-below-stick-meta":"","astra-migrate-meta-layouts":"set","ast-page-background-enabled":"default","ast-page-background-meta":{"desktop":{"background-color":"","background-image":"","background-repeat":"repeat","background-position":"center center","background-size":"auto","background-attachment":"scroll","background-type":"","background-media":"","overlay-type":"","overlay-color":"","overlay-opacity":"","overlay-gradient":""},"tablet":{"background-color":"","background-image":"","background-repeat":"repeat","background-position":"center center","background-size":"auto","background-attachment":"scroll","background-type":"","background-media":"","overlay-type":"","overlay-color":"","overlay-opacity":"","overlay-gradient":""},"mobile":{"background-color":"","background-image":"","background-repeat":"repeat","background-position":"center center","background-size":"auto","background-attachment":"scroll","background-type":"","background-media":"","overlay-type":"","overlay-color":"","overlay-opacity":"","overlay-gradient":""}},"ast-content-background-meta":{"desktop":{"background-color":"var(--ast-global-color-5)","background-image":"","background-repeat":"repeat","background-position":"center center","background-size":"auto","background-attachment":"scroll","background-type":"","background-media":"","overlay-type":"","overlay-color":"","overlay-opacity":"","overlay-gradient":""},"tablet":{"background-color":"var(--ast-global-color-5)","background-image":"","background-repeat":"repeat","background-position":"center center","background-size":"auto","background-attachment":"scroll","background-type":"","background-media":"","overlay-type":"","overlay-color":"","overlay-opacity":"","overlay-gradient":""},"mobile":{"background-color":"var(--ast-global-color-5)","background-image":"","background-repeat":"repeat","background-position":"center center","background-size":"auto","background-attachment":"scroll","background-type":"","background-media":"","overlay-type":"","overlay-color":"","overlay-opacity":"","overlay-gradient":""}},"footnotes":""},"class_list":["post-3702","page","type-page","status-publish","hentry"],"jetpack_sharing_enabled":true,"_links":{"self":[{"href":"https:\/\/www.discoveregypt.org\/de\/wp-json\/wp\/v2\/pages\/3702","targetHints":{"allow":["GET"]}}],"collection":[{"href":"https:\/\/www.discoveregypt.org\/de\/wp-json\/wp\/v2\/pages"}],"about":[{"href":"https:\/\/www.discoveregypt.org\/de\/wp-json\/wp\/v2\/types\/page"}],"author":[{"embeddable":true,"href":"https:\/\/www.discoveregypt.org\/de\/wp-json\/wp\/v2\/users\/2"}],"replies":[{"embeddable":true,"href":"https:\/\/www.discoveregypt.org\/de\/wp-json\/wp\/v2\/comments?post=3702"}],"version-history":[{"count":134,"href":"https:\/\/www.discoveregypt.org\/de\/wp-json\/wp\/v2\/pages\/3702\/revisions"}],"predecessor-version":[{"id":7692,"href":"https:\/\/www.discoveregypt.org\/de\/wp-json\/wp\/v2\/pages\/3702\/revisions\/7692"}],"wp:attachment":[{"href":"https:\/\/www.discoveregypt.org\/de\/wp-json\/wp\/v2\/media?parent=3702"}],"curies":[{"name":"wp","href":"https:\/\/api.w.org\/{rel}","templated":true}]}}