{"id":4991,"date":"2025-02-01T20:21:28","date_gmt":"2025-02-01T20:21:28","guid":{"rendered":"https:\/\/www.discoveregypt.org\/?page_id=4991"},"modified":"2026-04-07T12:22:30","modified_gmt":"2026-04-07T12:22:30","slug":"mini-egypt","status":"publish","type":"page","link":"https:\/\/www.discoveregypt.org\/de\/mini-egypt\/","title":{"rendered":"Mini Egypt"},"content":{"rendered":"<div data-elementor-type=\"wp-page\" data-elementor-id=\"4991\" class=\"elementor elementor-4991\">\n\t\t\t\t\t\t<section class=\"elementor-section elementor-top-section elementor-element elementor-element-1b0a5d33 elementor-section-boxed elementor-section-height-default elementor-section-height-default\" data-id=\"1b0a5d33\" data-element_type=\"section\" data-e-type=\"section\" data-settings=\"{&quot;background_background&quot;:&quot;classic&quot;}\">\n\t\t\t\t\t\t\t<div class=\"elementor-background-overlay\"><\/div>\n\t\t\t\t\t\t\t<div class=\"elementor-container elementor-column-gap-default\">\n\t\t\t\t\t<div class=\"elementor-column elementor-col-50 elementor-top-column elementor-element elementor-element-1f841ba\" data-id=\"1f841ba\" data-element_type=\"column\" data-e-type=\"column\">\n\t\t\t<div class=\"elementor-widget-wrap elementor-element-populated\">\n\t\t\t\t\t\t<div class=\"elementor-element elementor-element-365ba0bd elementor-widget elementor-widget-heading\" data-id=\"365ba0bd\" data-element_type=\"widget\" data-e-type=\"widget\" data-widget_type=\"heading.default\">\n\t\t\t\t<div class=\"elementor-widget-container\">\n\t\t\t\t\t<h1 class=\"elementor-heading-title elementor-size-default\">Pyramidentour \u2013 nur 30 Minuten von Hurghada   <img decoding=\"async\" role=\"img\" class=\"emoji\" alt=\"\ud83d\uded5\" src=\"https:\/\/s.w.org\/images\/core\/emoji\/15.0.3\/svg\/1f6d5.svg\">  <\/h1>\t\t\t\t<\/div>\n\t\t\t\t<\/div>\n\t\t\t\t<div class=\"elementor-element elementor-element-4eba0ba elementor-widget elementor-widget-text-editor\" data-id=\"4eba0ba\" data-element_type=\"widget\" data-e-type=\"widget\" data-widget_type=\"text-editor.default\">\n\t\t\t\t<div class=\"elementor-widget-container\">\n\t\t\t\t\t\t\t\t\t<ul class=\"ul1\"><li>Mein \u201eGeheimtipp\u201c (nicht nur) f\u00fcr \u00c4gypten-Neulinge<\/li><li>Miniatur-\u00c4gypten, s\u00fcdwestlich von Hurghada, mit den spektakul\u00e4rsten \u00e4gyptischen Sehensw\u00fcrdigkeiten auf ~2 Quadratkilometern<\/li><li>Gef\u00fchrte Tour mit gut ausgebildeten, offiziellen \u00e4gyptischen Fremdenf\u00fchrern<\/li><li>Fotoshootings gegen ein kleines Extra-Trinkgeld (Bakschisch) m\u00f6glich<\/li><li>Interessant, spannend und sehr informativ f\u00fcr Jung und Alt<\/li><\/ul>\t\t\t\t\t\t\t\t<\/div>\n\t\t\t\t<\/div>\n\t\t\t\t\t<\/div>\n\t\t<\/div>\n\t\t\t\t<div class=\"elementor-column elementor-col-50 elementor-top-column elementor-element elementor-element-c7d1829\" data-id=\"c7d1829\" data-element_type=\"column\" data-e-type=\"column\" data-settings=\"{&quot;background_background&quot;:&quot;classic&quot;}\">\n\t\t\t<div class=\"elementor-widget-wrap elementor-element-populated\">\n\t\t\t\t\t<div class=\"elementor-background-overlay\"><\/div>\n\t\t\t\t\t\t<div class=\"elementor-element elementor-element-960d4ff elementor-widget elementor-widget-text-editor\" data-id=\"960d4ff\" data-element_type=\"widget\" data-e-type=\"widget\" data-widget_type=\"text-editor.default\">\n\t\t\t\t<div class=\"elementor-widget-container\">\n\t\t\t\t\t\t\t\t\t<p>Darf ich vorstellen...<\/p>\t\t\t\t\t\t\t\t<\/div>\n\t\t\t\t<\/div>\n\t\t\t\t<div class=\"elementor-element elementor-element-dee131c elementor-widget elementor-widget-image\" data-id=\"dee131c\" data-element_type=\"widget\" data-e-type=\"widget\" data-widget_type=\"image.default\">\n\t\t\t\t<div class=\"elementor-widget-container\">\n\t\t\t\t\t\t\t\t\t\t\t\t\t\t\t<img fetchpriority=\"high\" decoding=\"async\" width=\"600\" height=\"600\" src=\"https:\/\/www.discoveregypt.org\/wp-content\/uploads\/2025\/03\/Shemy.png\" class=\"attachment-full size-full wp-image-6248\" alt=\"Hurghada guide Sheemy\" srcset=\"https:\/\/www.discoveregypt.org\/wp-content\/uploads\/2025\/03\/Shemy.png 600w, https:\/\/www.discoveregypt.org\/wp-content\/uploads\/2025\/03\/Shemy-300x300.png 300w, https:\/\/www.discoveregypt.org\/wp-content\/uploads\/2025\/03\/Shemy-150x150.png 150w, https:\/\/www.discoveregypt.org\/wp-content\/uploads\/2025\/03\/Shemy-12x12.png 12w\" sizes=\"(max-width: 600px) 100vw, 600px\" \/>\t\t\t\t\t\t\t\t\t\t\t\t\t\t\t<\/div>\n\t\t\t\t<\/div>\n\t\t\t\t<div class=\"elementor-element elementor-element-0093cca elementor-widget elementor-widget-text-editor\" data-id=\"0093cca\" data-element_type=\"widget\" data-e-type=\"widget\" id=\"main-text\" data-widget_type=\"text-editor.default\">\n\t\t\t\t<div class=\"elementor-widget-container\">\n\t\t\t\t\t\t\t\t\t<ul class=\"ul1\"><li>Mahmoud Sayed ... Spitzname \u201eSheemy\u201c, 46 Jahre alt<\/li><li>Geboren im S\u00fcden \u00c4gyptens, verheiratet, 3 Kinder<\/li><li>Seit 2006 offizieller Reisef\u00fchrer und Tour-Operator in ganz \u00c4gypten<\/li><li>Kleines Sprachengenie mit hervorragenden Englisch-Kenntnissen, hat u.a. englische Literatur studiert<\/li><li>Tieferes Verst\u00e4ndnis von Kundenbeziehungen<\/li><li>Organisationstalent mit ausgepr\u00e4gter interkultureller Kompetenz<\/li><\/ul>\t\t\t\t\t\t\t\t<\/div>\n\t\t\t\t<\/div>\n\t\t\t\t\t<\/div>\n\t\t<\/div>\n\t\t\t\t\t<\/div>\n\t\t<\/section>\n\t\t\t\t<section class=\"elementor-section elementor-top-section elementor-element elementor-element-05e947d elementor-section-boxed elementor-section-height-default elementor-section-height-default\" data-id=\"05e947d\" data-element_type=\"section\" data-e-type=\"section\" data-settings=\"{&quot;background_background&quot;:&quot;classic&quot;}\">\n\t\t\t\t\t\t\t<div class=\"elementor-background-overlay\"><\/div>\n\t\t\t\t\t\t\t<div class=\"elementor-container elementor-column-gap-default\">\n\t\t\t\t\t<div class=\"elementor-column elementor-col-50 elementor-top-column elementor-element elementor-element-b46641a\" data-id=\"b46641a\" data-element_type=\"column\" data-e-type=\"column\">\n\t\t\t<div class=\"elementor-widget-wrap elementor-element-populated\">\n\t\t\t\t\t\t<div class=\"elementor-element elementor-element-57dfccb elementor-widget elementor-widget-heading\" data-id=\"57dfccb\" data-element_type=\"widget\" data-e-type=\"widget\" data-widget_type=\"heading.default\">\n\t\t\t\t<div class=\"elementor-widget-container\">\n\t\t\t\t\t<h2 class=\"elementor-heading-title elementor-size-default\">Alle Attraktionen \u00c4gyptens aus der Vogelperspektive \u2063\ud83d\udd4c<\/h2>\t\t\t\t<\/div>\n\t\t\t\t<\/div>\n\t\t\t\t<div class=\"elementor-element elementor-element-89e0633 elementor-widget elementor-widget-text-editor\" data-id=\"89e0633\" data-element_type=\"widget\" data-e-type=\"widget\" id=\"main-text\" data-widget_type=\"text-editor.default\">\n\t\t\t\t<div class=\"elementor-widget-container\">\n\t\t\t\t\t\t\t\t\t<p class=\"translation-block\">Bereits 2019 war der <a href=\"https:\/\/miniegyptpark.com\/\" target=\"_blank\" rel=\"noopener\">Mini Egypt<\/a> Park f\u00fcr mich der ideale Ort, um mir einen ersten \u00dcberblick \u00fcber die wichtigsten Sehensw\u00fcrdigkeiten im \u201eLand der Pharaonen\u201c zu verschaffen.<\/p><p>Obwohl noch relativ unbekannt, bietet der Park Touristen eine fantastische Gelegenheit, sich einen sch\u00f6nen und unterhaltsamen \u00dcberblick \u00fcber die wichtigsten Sehensw\u00fcrdigkeiten \u00c4gyptens zu verschaffen, was die Entscheidung, wohin man reisen soll, erleichtert. Tats\u00e4chlich hat mich mein erster Besuch hier dazu inspiriert, alle bedeutenden Sehensw\u00fcrdigkeiten \u00c4gyptens zu besuchen. Das Einzige, was f\u00fcr 2026 noch auf meiner \u201eWunschliste\u201c steht, ist Alexandria, die Perle \u00c4gyptens an der Mittelmeerk\u00fcste.<\/p><p class=\"translation-block\">Im Dezember 2024 lud ich einen langj\u00e4hrigen Freund aus dem Milit\u00e4r, der zum ersten Mal in \u00c4gypten war, ein, mich dorthin zu begleiten. Sogar mein Reiseleiter Kimo bei den <i>echten<\/i> Pyramiden (siehe die Touren <a href=\"https:\/\/www.discoveregypt.org\/de\/giza-pyramids\/\">Giza-Pyramiden bei Tag und bei Nacht<\/a> und <a href=\"https:\/\/www.discoveregypt.org\/de\/prince-on-a-white-horse\/\">Prinz auf dem wei\u00dfen Pferd<\/a>) war von meinen Bildern begeistert, denn er rief mich sofort an, nachdem ich ihm ein paar Gr\u00fc\u00dfe geschickt hatte, und fragte: \u201eWo bist du, J\u00f6rg?\u201c <img class=\"emoji\" role=\"img\" src=\"https:\/\/s.w.org\/images\/core\/emoji\/15.0.3\/svg\/1f609.svg\" alt=\"\ud83d\ude09\"><\/p><p class=\"translation-block\">Mini Egypt ist auch f\u00fcr Kinder cool und so ein interessantes Ausflugsziel f\u00fcr Familien. Der Eintritt kostet 25\u20ac pro Erwachsenem, und Sheemy bietet diesen Ausflug ab 35\u20ac inklusive Transport an. Wenn ich ihn kontaktieren soll, nutzt bitte mein <a href=\"https:\/\/www.discoveregypt.org\/de\/contact\/\" target=\"_self\">Kontaktformular.<\/p>\t\t\t\t\t\t\t\t<\/div>\n\t\t\t\t<\/div>\n\t\t\t\t\t<\/div>\n\t\t<\/div>\n\t\t\t\t<div class=\"elementor-column elementor-col-50 elementor-top-column elementor-element elementor-element-f99b5c7\" data-id=\"f99b5c7\" data-element_type=\"column\" data-e-type=\"column\">\n\t\t\t<div class=\"elementor-widget-wrap elementor-element-populated\">\n\t\t\t\t\t\t<div class=\"elementor-element elementor-element-2977886 elementor-pagination-position-outside elementor-widget elementor-widget-image-carousel\" data-id=\"2977886\" data-element_type=\"widget\" data-e-type=\"widget\" data-settings=\"{&quot;slides_to_show&quot;:&quot;1&quot;,&quot;navigation&quot;:&quot;dots&quot;,&quot;autoplay&quot;:&quot;yes&quot;,&quot;pause_on_hover&quot;:&quot;yes&quot;,&quot;pause_on_interaction&quot;:&quot;yes&quot;,&quot;autoplay_speed&quot;:5000,&quot;infinite&quot;:&quot;yes&quot;,&quot;effect&quot;:&quot;slide&quot;,&quot;speed&quot;:500}\" data-widget_type=\"image-carousel.default\">\n\t\t\t\t<div class=\"elementor-widget-container\">\n\t\t\t\t\t            <div class=\"elementor-image-carousel-wrapper swiper\" role=\"region\" aria-roledescription=\"carousel\" aria-label=\"Image Carousel\" dir=\"ltr\">\n                <div class=\"elementor-image-carousel swiper-wrapper swiper-image-stretch\" aria-live=\"off\">\n\t\t\t\t\t\t\t\t\t\t<div class=\"swiper-slide\"><a data-elementor-open-lightbox=\"yes\" data-elementor-lightbox-slideshow=\"2977886\" data-elementor-lightbox-title=\"Andy &amp; J\u00f6rg with their guide Achmed\" data-elementor-lightbox-description=\"Andy &amp; J\u00f6rg with their guide Achmed\" data-e-action-hash=\"#elementor-action%3Aaction%3Dlightbox%26settings%3DeyJpZCI6NTEyMSwidXJsIjoiaHR0cHM6XC9cL3d3dy5kaXNjb3ZlcmVneXB0Lm9yZ1wvd3AtY29udGVudFwvdXBsb2Fkc1wvMjAyNVwvMDJcL01pbmktRWd5cHQtNS5qcGciLCJzbGlkZXNob3ciOiIyOTc3ODg2In0%3D\" href=\"https:\/\/www.discoveregypt.org\/wp-content\/uploads\/2025\/02\/Mini-Egypt-5.jpg\"><figure class=\"swiper-slide-inner\"><img decoding=\"async\" class=\"swiper-slide-image\" src=\"https:\/\/www.discoveregypt.org\/wp-content\/uploads\/2025\/02\/Mini-Egypt-5.jpg\" alt=\"Andy &amp; J\u00f6rg with their guide Achmed\" \/><figcaption class=\"elementor-image-carousel-caption\">Andy &amp; J\u00f6rg mit ihrem Reiseleiter Achmed<\/figcaption><\/figure><\/a><\/div><div class=\"swiper-slide\"><a data-elementor-open-lightbox=\"yes\" data-elementor-lightbox-slideshow=\"2977886\" data-elementor-lightbox-title=\"At \u201aRamses Hilton Hotel in Cairo\u2018\" data-elementor-lightbox-description=\"At \u201aRamses Hilton Hotel in Cairo\u2018\" data-e-action-hash=\"#elementor-action%3Aaction%3Dlightbox%26settings%3DeyJpZCI6NTExNywidXJsIjoiaHR0cHM6XC9cL3d3dy5kaXNjb3ZlcmVneXB0Lm9yZ1wvd3AtY29udGVudFwvdXBsb2Fkc1wvMjAyNVwvMDJcL01pbmktRWd5cHQtMS5qcGciLCJzbGlkZXNob3ciOiIyOTc3ODg2In0%3D\" href=\"https:\/\/www.discoveregypt.org\/wp-content\/uploads\/2025\/02\/Mini-Egypt-1.jpg\"><figure class=\"swiper-slide-inner\"><img decoding=\"async\" class=\"swiper-slide-image\" src=\"https:\/\/www.discoveregypt.org\/wp-content\/uploads\/2025\/02\/Mini-Egypt-1.jpg\" alt=\"At \u201aRamses Hilton Hotel in Cairo\u2018\" \/><figcaption class=\"elementor-image-carousel-caption\">Am \u201eRamses Hilton Hotel in Cairo\u201c<\/figcaption><\/figure><\/a><\/div><div class=\"swiper-slide\"><a data-elementor-open-lightbox=\"yes\" data-elementor-lightbox-slideshow=\"2977886\" data-elementor-lightbox-title=\"Mosque of Amr ibn al-Aas\" data-elementor-lightbox-description=\"Mosque of Amr ibn al-Aas\" data-e-action-hash=\"#elementor-action%3Aaction%3Dlightbox%26settings%3DeyJpZCI6NTExOSwidXJsIjoiaHR0cHM6XC9cL3d3dy5kaXNjb3ZlcmVneXB0Lm9yZ1wvd3AtY29udGVudFwvdXBsb2Fkc1wvMjAyNVwvMDJcL01pbmktRWd5cHQtMy5qcGciLCJzbGlkZXNob3ciOiIyOTc3ODg2In0%3D\" href=\"https:\/\/www.discoveregypt.org\/wp-content\/uploads\/2025\/02\/Mini-Egypt-3.jpg\"><figure class=\"swiper-slide-inner\"><img decoding=\"async\" class=\"swiper-slide-image\" src=\"https:\/\/www.discoveregypt.org\/wp-content\/uploads\/2025\/02\/Mini-Egypt-3.jpg\" alt=\"Mosque of Amr ibn al-Aas\" \/><figcaption class=\"elementor-image-carousel-caption\">Moschee des Amr ibn al-Aas<\/figcaption><\/figure><\/a><\/div><div class=\"swiper-slide\"><a data-elementor-open-lightbox=\"yes\" data-elementor-lightbox-slideshow=\"2977886\" data-elementor-lightbox-title=\"At the \u201aMini-Sphinx\u2018\" data-elementor-lightbox-description=\"At the \u201aMini-Sphinx\u2018\" data-e-action-hash=\"#elementor-action%3Aaction%3Dlightbox%26settings%3DeyJpZCI6NTE3MSwidXJsIjoiaHR0cHM6XC9cL3d3dy5kaXNjb3ZlcmVneXB0Lm9yZ1wvd3AtY29udGVudFwvdXBsb2Fkc1wvMjAyNVwvMDJcL01pbmktRWd5cHQtNi5qcGciLCJzbGlkZXNob3ciOiIyOTc3ODg2In0%3D\" href=\"https:\/\/www.discoveregypt.org\/wp-content\/uploads\/2025\/02\/Mini-Egypt-6.jpg\"><figure class=\"swiper-slide-inner\"><img decoding=\"async\" class=\"swiper-slide-image\" src=\"https:\/\/www.discoveregypt.org\/wp-content\/uploads\/2025\/02\/Mini-Egypt-6.jpg\" alt=\"At the \u201aMini-Sphinx\u2018\" \/><figcaption class=\"elementor-image-carousel-caption\">Bei der \u201eMini-Sphinx\u201c<\/figcaption><\/figure><\/a><\/div><div class=\"swiper-slide\"><a data-elementor-open-lightbox=\"yes\" data-elementor-lightbox-slideshow=\"2977886\" data-elementor-lightbox-title=\"Muhammad Ali Pasha Mosque\" data-elementor-lightbox-description=\"Muhammad Ali Pasha Mosque\" data-e-action-hash=\"#elementor-action%3Aaction%3Dlightbox%26settings%3DeyJpZCI6NTEyMCwidXJsIjoiaHR0cHM6XC9cL3d3dy5kaXNjb3ZlcmVneXB0Lm9yZ1wvd3AtY29udGVudFwvdXBsb2Fkc1wvMjAyNVwvMDJcL01pbmktRWd5cHQtNC5qcGciLCJzbGlkZXNob3ciOiIyOTc3ODg2In0%3D\" href=\"https:\/\/www.discoveregypt.org\/wp-content\/uploads\/2025\/02\/Mini-Egypt-4.jpg\"><figure class=\"swiper-slide-inner\"><img decoding=\"async\" class=\"swiper-slide-image\" src=\"https:\/\/www.discoveregypt.org\/wp-content\/uploads\/2025\/02\/Mini-Egypt-4.jpg\" alt=\"Muhammad Ali Pasha Mosque\" \/><figcaption class=\"elementor-image-carousel-caption\">Muhammad Ali Pasha Mosque<\/figcaption><\/figure><\/a><\/div><div class=\"swiper-slide\"><a data-elementor-open-lightbox=\"yes\" data-elementor-lightbox-slideshow=\"2977886\" data-elementor-lightbox-title=\"\u201aYoung boys\u2018 at a \u201amini mosque\u2018\" data-elementor-lightbox-description=\"\u201aYoung boys\u2018 at a \u201amini mosque\u2018\" data-e-action-hash=\"#elementor-action%3Aaction%3Dlightbox%26settings%3DeyJpZCI6NTExOCwidXJsIjoiaHR0cHM6XC9cL3d3dy5kaXNjb3ZlcmVneXB0Lm9yZ1wvd3AtY29udGVudFwvdXBsb2Fkc1wvMjAyNVwvMDJcL01pbmktRWd5cHQtMi5qcGciLCJzbGlkZXNob3ciOiIyOTc3ODg2In0%3D\" href=\"https:\/\/www.discoveregypt.org\/wp-content\/uploads\/2025\/02\/Mini-Egypt-2.jpg\"><figure class=\"swiper-slide-inner\"><img decoding=\"async\" class=\"swiper-slide-image\" src=\"https:\/\/www.discoveregypt.org\/wp-content\/uploads\/2025\/02\/Mini-Egypt-2.jpg\" alt=\"\u201aYoung boys\u2018 at a \u201amini mosque\u2018\" \/><figcaption class=\"elementor-image-carousel-caption\">\u201eJunge M\u00e4nner\u201c an einer \u201eMini-Moschee\u201c<\/figcaption><\/figure><\/a><\/div>                <\/div>\n\t\t\t\t\t\t\t\t\t                        <div class=\"swiper-pagination\"><\/div>\n\t\t\t\t\t\t\t\t\t\t\t\t\t\t            <\/div>\n\t\t\t\t\t\t\t<\/div>\n\t\t\t\t<\/div>\n\t\t\t\t<div class=\"elementor-element elementor-element-83aa254 elementor-widget elementor-widget-heading\" data-id=\"83aa254\" data-element_type=\"widget\" data-e-type=\"widget\" data-widget_type=\"heading.default\">\n\t\t\t\t<div class=\"elementor-widget-container\">\n\t\t\t\t\t<h2 class=\"elementor-heading-title elementor-size-default\">Weitere Touren mit Sheemy<\/h2>\t\t\t\t<\/div>\n\t\t\t\t<\/div>\n\t\t\t\t<div class=\"elementor-element elementor-element-a860c6a elementor-widget elementor-widget-text-editor\" data-id=\"a860c6a\" data-element_type=\"widget\" data-e-type=\"widget\" id=\"main-text\" data-widget_type=\"text-editor.default\">\n\t\t\t\t<div class=\"elementor-widget-container\">\n\t\t\t\t\t\t\t\t\t<p><a href=\"https:\/\/www.discoveregypt.org\/de\/spider-cars\/\">Erlebe die W\u00fcste auf einem Quad oder Spider Car<\/a><\/p>\t\t\t\t\t\t\t\t<\/div>\n\t\t\t\t<\/div>\n\t\t\t\t\t<\/div>\n\t\t<\/div>\n\t\t\t\t\t<\/div>\n\t\t<\/section>\n\t\t\t\t<\/div>","protected":false},"excerpt":{"rendered":"<p>Pyramid sightseeing &#8211; only 30 minutes from Hurghada My \u2018insider tip\u2019 (not only) for those coming to Egypt for the first time Mini(ature) Egypt located southwest of Hurghada with many of the spectacular Egyptian sights on ~2 square kilometers Guided tour with well-trained official Egyptian tour guides Photo shoots available for a small extra tip [&hellip;]<\/p>\n","protected":false},"author":2,"featured_media":0,"parent":0,"menu_order":0,"comment_status":"closed","ping_status":"closed","template":"elementor_header_footer","meta":{"site-sidebar-layout":"no-sidebar","site-content-layout":"page-builder","ast-site-content-layout":"full-width-container","site-content-style":"unboxed","site-sidebar-style":"unboxed","ast-global-header-display":"","ast-banner-title-visibility":"","ast-main-header-display":"","ast-hfb-above-header-display":"","ast-hfb-below-header-display":"","ast-hfb-mobile-header-display":"","site-post-title":"disabled","ast-breadcrumbs-content":"","ast-featured-img":"","footer-sml-layout":"","ast-disable-related-posts":"","theme-transparent-header-meta":"enabled","adv-header-id-meta":"","stick-header-meta":"","header-above-stick-meta":"","header-main-stick-meta":"","header-below-stick-meta":"","astra-migrate-meta-layouts":"set","ast-page-background-enabled":"default","ast-page-background-meta":{"desktop":{"background-color":"","background-image":"","background-repeat":"repeat","background-position":"center center","background-size":"auto","background-attachment":"scroll","background-type":"","background-media":"","overlay-type":"","overlay-color":"","overlay-opacity":"","overlay-gradient":""},"tablet":{"background-color":"","background-image":"","background-repeat":"repeat","background-position":"center center","background-size":"auto","background-attachment":"scroll","background-type":"","background-media":"","overlay-type":"","overlay-color":"","overlay-opacity":"","overlay-gradient":""},"mobile":{"background-color":"","background-image":"","background-repeat":"repeat","background-position":"center center","background-size":"auto","background-attachment":"scroll","background-type":"","background-media":"","overlay-type":"","overlay-color":"","overlay-opacity":"","overlay-gradient":""}},"ast-content-background-meta":{"desktop":{"background-color":"var(--ast-global-color-5)","background-image":"","background-repeat":"repeat","background-position":"center center","background-size":"auto","background-attachment":"scroll","background-type":"","background-media":"","overlay-type":"","overlay-color":"","overlay-opacity":"","overlay-gradient":""},"tablet":{"background-color":"var(--ast-global-color-5)","background-image":"","background-repeat":"repeat","background-position":"center center","background-size":"auto","background-attachment":"scroll","background-type":"","background-media":"","overlay-type":"","overlay-color":"","overlay-opacity":"","overlay-gradient":""},"mobile":{"background-color":"var(--ast-global-color-5)","background-image":"","background-repeat":"repeat","background-position":"center center","background-size":"auto","background-attachment":"scroll","background-type":"","background-media":"","overlay-type":"","overlay-color":"","overlay-opacity":"","overlay-gradient":""}},"footnotes":""},"class_list":["post-4991","page","type-page","status-publish","hentry"],"jetpack_sharing_enabled":true,"_links":{"self":[{"href":"https:\/\/www.discoveregypt.org\/de\/wp-json\/wp\/v2\/pages\/4991","targetHints":{"allow":["GET"]}}],"collection":[{"href":"https:\/\/www.discoveregypt.org\/de\/wp-json\/wp\/v2\/pages"}],"about":[{"href":"https:\/\/www.discoveregypt.org\/de\/wp-json\/wp\/v2\/types\/page"}],"author":[{"embeddable":true,"href":"https:\/\/www.discoveregypt.org\/de\/wp-json\/wp\/v2\/users\/2"}],"replies":[{"embeddable":true,"href":"https:\/\/www.discoveregypt.org\/de\/wp-json\/wp\/v2\/comments?post=4991"}],"version-history":[{"count":100,"href":"https:\/\/www.discoveregypt.org\/de\/wp-json\/wp\/v2\/pages\/4991\/revisions"}],"predecessor-version":[{"id":7675,"href":"https:\/\/www.discoveregypt.org\/de\/wp-json\/wp\/v2\/pages\/4991\/revisions\/7675"}],"wp:attachment":[{"href":"https:\/\/www.discoveregypt.org\/de\/wp-json\/wp\/v2\/media?parent=4991"}],"curies":[{"name":"wp","href":"https:\/\/api.w.org\/{rel}","templated":true}]}}