{"id":510,"date":"2023-08-10T09:40:59","date_gmt":"2023-08-10T09:40:59","guid":{"rendered":"https:\/\/www.discoveregypt.org\/?page_id=510"},"modified":"2025-04-19T12:57:10","modified_gmt":"2025-04-19T12:57:10","slug":"legal","status":"publish","type":"page","link":"https:\/\/www.discoveregypt.org\/de\/legal\/","title":{"rendered":"Legal Notice"},"content":{"rendered":"<div data-elementor-type=\"wp-page\" data-elementor-id=\"510\" class=\"elementor elementor-510\">\n\t\t\t\t\t\t<section class=\"elementor-section elementor-top-section elementor-element elementor-element-5131a13e elementor-section-boxed elementor-section-height-default elementor-section-height-default\" data-id=\"5131a13e\" data-element_type=\"section\" data-e-type=\"section\" data-settings=\"{&quot;background_background&quot;:&quot;classic&quot;}\">\n\t\t\t\t\t\t<div class=\"elementor-container elementor-column-gap-default\">\n\t\t\t\t\t<div class=\"elementor-column elementor-col-100 elementor-top-column elementor-element elementor-element-1053ca7a\" data-id=\"1053ca7a\" data-element_type=\"column\" data-e-type=\"column\">\n\t\t\t<div class=\"elementor-widget-wrap elementor-element-populated\">\n\t\t\t\t\t\t<div class=\"elementor-element elementor-element-3d99e122 elementor-widget elementor-widget-heading\" data-id=\"3d99e122\" data-element_type=\"widget\" data-e-type=\"widget\" data-widget_type=\"heading.default\">\n\t\t\t\t<div class=\"elementor-widget-container\">\n\t\t\t\t\t<h1 class=\"elementor-heading-title elementor-size-default\">Impressum<\/h1>\t\t\t\t<\/div>\n\t\t\t\t<\/div>\n\t\t\t\t\t<\/div>\n\t\t<\/div>\n\t\t\t\t\t<\/div>\n\t\t<\/section>\n\t\t\t\t<section class=\"elementor-section elementor-top-section elementor-element elementor-element-40177ae0 elementor-section-boxed elementor-section-height-default elementor-section-height-default\" data-id=\"40177ae0\" data-element_type=\"section\" data-e-type=\"section\" data-settings=\"{&quot;background_background&quot;:&quot;classic&quot;}\">\n\t\t\t\t\t\t<div class=\"elementor-container elementor-column-gap-default\">\n\t\t\t\t\t<div class=\"elementor-column elementor-col-100 elementor-top-column elementor-element elementor-element-48096891\" data-id=\"48096891\" data-element_type=\"column\" data-e-type=\"column\">\n\t\t\t<div class=\"elementor-widget-wrap elementor-element-populated\">\n\t\t\t\t\t\t<div class=\"elementor-element elementor-element-44ce5982 elementor-widget__width-initial elementor-widget elementor-widget-text-editor\" data-id=\"44ce5982\" data-element_type=\"widget\" data-e-type=\"widget\" id=\"main-text\" data-widget_type=\"text-editor.default\">\n\t\t\t\t<div class=\"elementor-widget-container\">\n\t\t\t\t\t\t\t\t\t<div data-id=\"c9c869d\" data-element_type=\"widget\" data-widget_type=\"heading.default\"><h2>Allgemeine Informationspflichten nach \u00a76 Teledienstgesetz (TDG)<\/h2><p>Verantwortlich f\u00fcr diese Website ist<\/p><div>J\u00f6rg Michael van Bracht<\/div><div>Br\u00fchler Weg 59<\/div><div>D-40667 Meerbusch<\/div><div>+49 (0) 177 958 5219<br \/>vanbrachtjoerg@gmail.com<\/div><div>\u00a0<\/div><p>Gem\u00e4\u00df \u00a719 Absatz 1 UStG (Kleinunternehmerregelung) wird keine Umsatzsteuer berechnet und daher auch keine Umsatzsteuernummer hier angegeben.<\/p><h2>1 \u2013 Inhalt des Online-Angebotes<\/h2><p>Der Autor selbst und die Informationszubringer sind stets bem\u00fcht, qualitativ hochwertige Informationen zur Verf\u00fcgung zu stellen. Trotzdem \u00fcbernimmt der Autor keinerlei Gew\u00e4hr f\u00fcr die Aktualit\u00e4t, Korrektheit, Vollst\u00e4ndigkeit oder Qualit\u00e4t der bereitgestellten Informationen.<\/p><p>Haftungsanspr\u00fcche gegen den Autor, die sich auf Sch\u00e4den materieller oder ideeller Art beziehen, welche durch die Nutzung oder Nichtnutzung der dargebotenen Informationen bzw. durch die Nutzung fehlerhafter oder unvollst\u00e4ndiger Informationen verursacht wurden, sind grunds\u00e4tzlich ausgeschlossen, sofern seitens des Autors kein nachweislich vors\u00e4tzliches oder grob fahrl\u00e4ssiges Verschulden vorliegt.<\/p><p>Alle Angebote sind freibleibend und unverbindlich.<\/p><p>Der Autor beh\u00e4lt es sich ausdr\u00fccklich vor, Teile der Seiten oder das gesamte Angebot ohne gesonderte Ank\u00fcndigung zu ver\u00e4ndern, zu erg\u00e4nzen, zu l\u00f6schen, oder die Ver\u00f6ffentlichung zeitweise oder endg\u00fcltig einzustellen.<\/p><h2>2 \u2013 Markenrechte<\/h2><p>Diese Website enth\u00e4lt Hinweise und Referenzen auf Produkt- und Firmennamen anderer Firmen. Die verwendeten Begriffe sind Warenzeichen und\/oder eingetragene Warenzeichen der entsprechenden Firmen.<\/p><h2>3 \u2013 Urheberrechte<\/h2><p>The content of this website is protected by copyright. J\u00f6rg Michael van Bracht grants the visitor the right to save and reproduce the text provided on this website in whole or in part. For copyright reasons, the storage and reproduction of images or graphics from this website is not permitted without written permission.<\/p><p>Der Autor ist bestrebt, die Urheberrechte der verwendeten Grafiken, Bilder und Texte zu beachten und ausschlie\u00dflich solche Grafiken, Bilder und Texte zu nutzen, die er entweder erworben hat, selbst erstellt hat oder bei denen es sich um lizenzfreie Grafiken, Bilder und Texte handelt.<\/p><h2>4 \u2013 Serverprotokollierung<\/h2><p>Alle Zugriffe auf diese Website werden \u2013 wie allgemein \u00fcblich \u2013 mitprotokolliert. Unsere Protokolle beinhalten jeweils Datum und Zeit, die Bezeichnung der angeforderten Seite (URL), die Bezeichnung des Rechners (IP-Adresse), von dem aus die Seite abgerufen wird und, wenn diese Daten \u00fcbertragen werden, den Namen und die Versionsnummer des verwendeten Browsers.<\/p><p class=\"translation-block\">Detaillierte Informationen zur Speicherung und Nutzung personenbezogener Daten und Informationen finden Sie in der <a href=\"https:\/\/www.discoveregypt.org\/de\/privacy\/\" target=\"_self\">Datenschutzerkl\u00e4rung<\/a> auf dieser Website.<\/p><h2>5 \u2013 Datenschutz<\/h2><p>As part of the dialogue functions on this website &#8211; only in the event that a message is sent to J\u00f6rg Michael van Bracht &#8211; the following personal data is transmitted: first name, last name, email address and (optional) telephone number. J\u00f6rg Michael van Bracht will under no circumstances sell or rent personal data to third parties.<\/p><p class=\"translation-block\">Detaillierte Informationen zur Speicherung und Nutzung personenbezogener Daten und Informationen finden Sie in der <a href=\"https:\/\/www.discoveregypt.org\/de\/privacy\/\" target=\"_self\">Datenschutzerkl\u00e4rung<\/a> auf dieser Website.<\/p><h2>6 \u2013 Verweise und Links<\/h2><p>Sofern auf Verweisziele (\u201cLinks\u201d) direkt oder indirekt verwiesen wird, die au\u00dferhalb des Verantwortungsbereiches des Autors liegen, haftet dieser nur dann, wenn er von den Inhalten Kenntnis hat und es ihm technisch m\u00f6glich und zumutbar w\u00e4re, die Nutzung im Falle rechtswidriger Inhalte zu verhindern.<\/p><p>F\u00fcr dar\u00fcber hinausgehende Inhalte und insbesondere f\u00fcr Sch\u00e4den, die aus der Nutzung oder Nichtnutzung solcherart dargebotener Informationen entstehen, haftet allein der Anbieter dieser Seiten, nicht derjenige, der \u00fcber Links auf die jeweilige Ver\u00f6ffentlichung lediglich verweist.<\/p><h2>7 \u2013 Haftungsausschlu\u00df<\/h2><p>Great care was taken in compiling the information contained on this website. However, J\u00f6rg Michael van Bracht cannot guarantee the correctness of this information. Information contained is subject to change without notice. J\u00f6rg Michael van Bracht does not enter into any obligations.<\/p><p>In no event can J\u00f6rg Michael van Bracht be held responsible for any damages of any kind arising from the use or in connection with the use of the information provided here, whether direct or indirect damages, consequential damages or special damages including loss of profits, or damages arising from the loss of data.<\/p><p>Dieser Haftungsausschluss ist als Teil des Internetangebotes zu betrachten, von dem aus auf diese Seite verwiesen wurde. Sofern Teile oder einzelne Formulierungen dieses Textes der geltenden Rechtslage nicht, nicht mehr oder nicht vollst\u00e4ndig entsprechen sollten, bleiben die \u00fcbrigen Teile des Dokumentes in ihrem Inhalt und in ihrer G\u00fcltigkeit davon unber\u00fchrt.<\/p><\/div>\t\t\t\t\t\t\t\t<\/div>\n\t\t\t\t<\/div>\n\t\t\t\t\t<\/div>\n\t\t<\/div>\n\t\t\t\t\t<\/div>\n\t\t<\/section>\n\t\t\t\t<\/div>","protected":false},"excerpt":{"rendered":"<p>Legal Information General information according to \u00a76 Teleservices Act (TDG) Responsible for this website is J\u00f6rg Michael van BrachtBr\u00fchler Weg 59D-40667 Meerbusch+49 (0) 177 958 5219vanbrachtjoerg@gmail.com\u00a0 According to \u00a719 paragraph 1 UStG (small business regulation), no sales tax is charged and therefore no sales tax number is provided here. 1 \u2013 Content of the online [&hellip;]<\/p>\n","protected":false},"author":2,"featured_media":0,"parent":0,"menu_order":0,"comment_status":"closed","ping_status":"closed","template":"","meta":{"site-sidebar-layout":"no-sidebar","site-content-layout":"page-builder","ast-site-content-layout":"full-width-container","site-content-style":"unboxed","site-sidebar-style":"unboxed","ast-global-header-display":"","ast-banner-title-visibility":"","ast-main-header-display":"","ast-hfb-above-header-display":"","ast-hfb-below-header-display":"","ast-hfb-mobile-header-display":"","site-post-title":"disabled","ast-breadcrumbs-content":"","ast-featured-img":"","footer-sml-layout":"","ast-disable-related-posts":"","theme-transparent-header-meta":"enabled","adv-header-id-meta":"","stick-header-meta":"","header-above-stick-meta":"","header-main-stick-meta":"","header-below-stick-meta":"","astra-migrate-meta-layouts":"set","ast-page-background-enabled":"default","ast-page-background-meta":{"desktop":{"background-color":"","background-image":"","background-repeat":"repeat","background-position":"center center","background-size":"auto","background-attachment":"scroll","background-type":"","background-media":"","overlay-type":"","overlay-color":"","overlay-opacity":"","overlay-gradient":""},"tablet":{"background-color":"","background-image":"","background-repeat":"repeat","background-position":"center center","background-size":"auto","background-attachment":"scroll","background-type":"","background-media":"","overlay-type":"","overlay-color":"","overlay-opacity":"","overlay-gradient":""},"mobile":{"background-color":"","background-image":"","background-repeat":"repeat","background-position":"center center","background-size":"auto","background-attachment":"scroll","background-type":"","background-media":"","overlay-type":"","overlay-color":"","overlay-opacity":"","overlay-gradient":""}},"ast-content-background-meta":{"desktop":{"background-color":"var(--ast-global-color-5)","background-image":"","background-repeat":"repeat","background-position":"center center","background-size":"auto","background-attachment":"scroll","background-type":"","background-media":"","overlay-type":"","overlay-color":"","overlay-opacity":"","overlay-gradient":""},"tablet":{"background-color":"var(--ast-global-color-5)","background-image":"","background-repeat":"repeat","background-position":"center center","background-size":"auto","background-attachment":"scroll","background-type":"","background-media":"","overlay-type":"","overlay-color":"","overlay-opacity":"","overlay-gradient":""},"mobile":{"background-color":"var(--ast-global-color-5)","background-image":"","background-repeat":"repeat","background-position":"center center","background-size":"auto","background-attachment":"scroll","background-type":"","background-media":"","overlay-type":"","overlay-color":"","overlay-opacity":"","overlay-gradient":""}},"footnotes":""},"class_list":["post-510","page","type-page","status-publish","hentry"],"jetpack_sharing_enabled":true,"_links":{"self":[{"href":"https:\/\/www.discoveregypt.org\/de\/wp-json\/wp\/v2\/pages\/510","targetHints":{"allow":["GET"]}}],"collection":[{"href":"https:\/\/www.discoveregypt.org\/de\/wp-json\/wp\/v2\/pages"}],"about":[{"href":"https:\/\/www.discoveregypt.org\/de\/wp-json\/wp\/v2\/types\/page"}],"author":[{"embeddable":true,"href":"https:\/\/www.discoveregypt.org\/de\/wp-json\/wp\/v2\/users\/2"}],"replies":[{"embeddable":true,"href":"https:\/\/www.discoveregypt.org\/de\/wp-json\/wp\/v2\/comments?post=510"}],"version-history":[{"count":131,"href":"https:\/\/www.discoveregypt.org\/de\/wp-json\/wp\/v2\/pages\/510\/revisions"}],"predecessor-version":[{"id":6560,"href":"https:\/\/www.discoveregypt.org\/de\/wp-json\/wp\/v2\/pages\/510\/revisions\/6560"}],"wp:attachment":[{"href":"https:\/\/www.discoveregypt.org\/de\/wp-json\/wp\/v2\/media?parent=510"}],"curies":[{"name":"wp","href":"https:\/\/api.w.org\/{rel}","templated":true}]}}