{"id":5624,"date":"2025-02-05T02:02:15","date_gmt":"2025-02-05T02:02:15","guid":{"rendered":"https:\/\/www.discoveregypt.org\/?page_id=5624"},"modified":"2026-04-08T18:32:15","modified_gmt":"2026-04-08T18:32:15","slug":"spider-cars","status":"publish","type":"page","link":"https:\/\/www.discoveregypt.org\/de\/spider-cars\/","title":{"rendered":"Spider Cars"},"content":{"rendered":"<div data-elementor-type=\"wp-page\" data-elementor-id=\"5624\" class=\"elementor elementor-5624\">\n\t\t\t\t\t\t<section class=\"elementor-section elementor-top-section elementor-element elementor-element-1b0a5d33 elementor-section-boxed elementor-section-height-default elementor-section-height-default\" data-id=\"1b0a5d33\" data-element_type=\"section\" data-e-type=\"section\" data-settings=\"{&quot;background_background&quot;:&quot;classic&quot;}\">\n\t\t\t\t\t\t\t<div class=\"elementor-background-overlay\"><\/div>\n\t\t\t\t\t\t\t<div class=\"elementor-container elementor-column-gap-default\">\n\t\t\t\t\t<div class=\"elementor-column elementor-col-50 elementor-top-column elementor-element elementor-element-1f841ba\" data-id=\"1f841ba\" data-element_type=\"column\" data-e-type=\"column\">\n\t\t\t<div class=\"elementor-widget-wrap elementor-element-populated\">\n\t\t\t\t\t\t<div class=\"elementor-element elementor-element-365ba0bd elementor-widget elementor-widget-heading\" data-id=\"365ba0bd\" data-element_type=\"widget\" data-e-type=\"widget\" data-widget_type=\"heading.default\">\n\t\t\t\t<div class=\"elementor-widget-container\">\n\t\t\t\t\t<h1 class=\"elementor-heading-title elementor-size-default\">\u00c4gyptische Spritztouren <img decoding=\"async\" role=\"img\" class=\"emoji\" alt=\"\ud83c\udf35\" src=\"https:\/\/s.w.org\/images\/core\/emoji\/15.0.3\/svg\/1f335.svg\"><\/h1>\t\t\t\t<\/div>\n\t\t\t\t<\/div>\n\t\t\t\t<div class=\"elementor-element elementor-element-4eba0ba elementor-widget elementor-widget-text-editor\" data-id=\"4eba0ba\" data-element_type=\"widget\" data-e-type=\"widget\" data-widget_type=\"text-editor.default\">\n\t\t\t\t<div class=\"elementor-widget-container\">\n\t\t\t\t\t\t\t\t\t<ul class=\"ul1\"><li>Super aufregende Quad- und Spider-Car Safaris westlich von Hurghada<\/li><li>2-st\u00fcndige Fahrt in einem f\u00fcr die W\u00fcste konzipierten Gel\u00e4ndewagen<\/li><li>Geeignet f\u00fcr alle ab 16 Jahren, unter 190 cm gro\u00df und ohne k\u00f6rperliche Einschr\u00e4nkungen<\/li><li>Kein F\u00fchrerschein erforderlich, aber etwas Fahrerfahrung notwendig<\/li><li>Kann auch als 20-min\u00fctige Fahrt in Kombination mit einer Quad- und Jeeptour zu einem Beduinendorf gebucht werden<\/li><\/ul>\t\t\t\t\t\t\t\t<\/div>\n\t\t\t\t<\/div>\n\t\t\t\t\t<\/div>\n\t\t<\/div>\n\t\t\t\t<div class=\"elementor-column elementor-col-50 elementor-top-column elementor-element elementor-element-c7d1829\" data-id=\"c7d1829\" data-element_type=\"column\" data-e-type=\"column\" data-settings=\"{&quot;background_background&quot;:&quot;classic&quot;}\">\n\t\t\t<div class=\"elementor-widget-wrap elementor-element-populated\">\n\t\t\t\t\t<div class=\"elementor-background-overlay\"><\/div>\n\t\t\t\t\t\t<div class=\"elementor-element elementor-element-960d4ff elementor-widget elementor-widget-text-editor\" data-id=\"960d4ff\" data-element_type=\"widget\" data-e-type=\"widget\" data-widget_type=\"text-editor.default\">\n\t\t\t\t<div class=\"elementor-widget-container\">\n\t\t\t\t\t\t\t\t\t<p>Darf ich vorstellen...<\/p>\t\t\t\t\t\t\t\t<\/div>\n\t\t\t\t<\/div>\n\t\t\t\t<div class=\"elementor-element elementor-element-dee131c elementor-widget elementor-widget-image\" data-id=\"dee131c\" data-element_type=\"widget\" data-e-type=\"widget\" data-widget_type=\"image.default\">\n\t\t\t\t<div class=\"elementor-widget-container\">\n\t\t\t\t\t\t\t\t\t\t\t\t\t\t\t<img fetchpriority=\"high\" decoding=\"async\" width=\"600\" height=\"600\" src=\"https:\/\/www.discoveregypt.org\/wp-content\/uploads\/2025\/03\/Shemy.png\" class=\"attachment-full size-full wp-image-6248\" alt=\"Hurghada guide Sheemy\" srcset=\"https:\/\/www.discoveregypt.org\/wp-content\/uploads\/2025\/03\/Shemy.png 600w, https:\/\/www.discoveregypt.org\/wp-content\/uploads\/2025\/03\/Shemy-300x300.png 300w, https:\/\/www.discoveregypt.org\/wp-content\/uploads\/2025\/03\/Shemy-150x150.png 150w, https:\/\/www.discoveregypt.org\/wp-content\/uploads\/2025\/03\/Shemy-12x12.png 12w\" sizes=\"(max-width: 600px) 100vw, 600px\" \/>\t\t\t\t\t\t\t\t\t\t\t\t\t\t\t<\/div>\n\t\t\t\t<\/div>\n\t\t\t\t<div class=\"elementor-element elementor-element-0093cca elementor-widget elementor-widget-text-editor\" data-id=\"0093cca\" data-element_type=\"widget\" data-e-type=\"widget\" id=\"main-text\" data-widget_type=\"text-editor.default\">\n\t\t\t\t<div class=\"elementor-widget-container\">\n\t\t\t\t\t\t\t\t\t<ul class=\"ul1\"><li>Mahmoud Sayed, Spitzname \u201eSheemy\u201c, 45 Jahre alt<\/li><li>Geboren im S\u00fcden \u00c4gyptens, verheiratet, 3 Kinder<\/li><li>Seit 2006 offizieller Reisef\u00fchrer und Tour-Operator in ganz \u00c4gypten<\/li><li>Kleines Sprachengenie mit hervorragenden Englisch-Kenntnissen, hat u.a. englische Literatur studiert<\/li><li>Tieferes Verst\u00e4ndnis von Kundenbeziehungen<\/li><li>Organisationstalent mit ausgepr\u00e4gter interkultureller Kompetenz<\/li><\/ul>\t\t\t\t\t\t\t\t<\/div>\n\t\t\t\t<\/div>\n\t\t\t\t\t<\/div>\n\t\t<\/div>\n\t\t\t\t\t<\/div>\n\t\t<\/section>\n\t\t\t\t<section class=\"elementor-section elementor-top-section elementor-element elementor-element-05e947d elementor-section-boxed elementor-section-height-default elementor-section-height-default\" data-id=\"05e947d\" data-element_type=\"section\" data-e-type=\"section\" data-settings=\"{&quot;background_background&quot;:&quot;classic&quot;}\">\n\t\t\t\t\t\t\t<div class=\"elementor-background-overlay\"><\/div>\n\t\t\t\t\t\t\t<div class=\"elementor-container elementor-column-gap-default\">\n\t\t\t\t\t<div class=\"elementor-column elementor-col-50 elementor-top-column elementor-element elementor-element-b46641a\" data-id=\"b46641a\" data-element_type=\"column\" data-e-type=\"column\">\n\t\t\t<div class=\"elementor-widget-wrap elementor-element-populated\">\n\t\t\t\t\t\t<div class=\"elementor-element elementor-element-57dfccb elementor-widget elementor-widget-heading\" data-id=\"57dfccb\" data-element_type=\"widget\" data-e-type=\"widget\" data-widget_type=\"heading.default\">\n\t\t\t\t<div class=\"elementor-widget-container\">\n\t\t\t\t\t<h2 class=\"elementor-heading-title elementor-size-default\">Etwas f\u00fcr junggebliebene gro\u00dfe Jungs und M\u00e4dchen  <img decoding=\"async\" role=\"img\" class=\"emoji\" alt=\"\ud83c\udfce\ufe0f\" src=\"https:\/\/s.w.org\/images\/core\/emoji\/15.0.3\/svg\/1f3ce.svg\"><\/h2>\t\t\t\t<\/div>\n\t\t\t\t<\/div>\n\t\t\t\t<div class=\"elementor-element elementor-element-89e0633 elementor-widget elementor-widget-text-editor\" data-id=\"89e0633\" data-element_type=\"widget\" data-e-type=\"widget\" id=\"main-text\" data-widget_type=\"text-editor.default\">\n\t\t\t\t<div class=\"elementor-widget-container\">\n\t\t\t\t\t\t\t\t\t<p class=\"translation-block\">Als ich diese Tour unternahm, musste ich sofort an Captain Picard denken, als dieser im Star-Trek-Film \u201eNemesis\u201c zusammen mit Data und Worf in einem <a href=\"https:\/\/www.youtube.com\/watch?v=GX-SYhzfaf0&amp;t=30\" target=\"_self\">Arco Car<\/a> unterwegs war.<\/p><p class=\"translation-block\">Ich hatte riesigen Spa\u00df!!! Um einen Eindruck davon zu bekommen, schaut euch das <a href=\"https:\/\/www.discoveregypt.org\/wp-content\/uploads\/2025\/02\/IMG_7395.mov\" target=\"_blank\" rel=\"noopener\">Video<\/a> auf der rechten Seite an. Die zweist\u00fcndige, 25 Kilometer lange Fahrt durch die W\u00fcste zu einem Beduinendorf war unglaublich und die rund 100 \u20ac definitiv wert.<\/p><p>Im Dezember 2024 habe ich diese Tour mit einem Freund unternommen, diesmal eine Kombination aus Spider Car, Quad und Jeep-Tour. Besonders spannend fanden wir die n\u00e4chtliche R\u00fcckfahrt zum Camp. Der ortskundige, einheimische Guide brachte uns (auch) mit Hilfe von GPS sicher zum Ausgangspunkt der Tour zur\u00fcck. Ohne ihn h\u00e4tten wir die Nacht in der W\u00fcste verbracht.<\/p><p>Die Kombination ist als Tagestour f\u00fcr \u201ePauschaltouristen\u201c konzipiert, inklusive Mittag- oder Abendessen im Camp und einer Tanzeinlage. Noch exklusiver und etwas f\u00fcr \u201eechte\u201c Abenteurer und Actionliebhaber ist die teurere 3-st\u00fcndige Tour mit schnelleren Spider-Cars.<\/p><p>Beide Touren inklusive Hoteltransfers k\u00f6nnen \u00fcber Sheemy gebucht werden. F\u00fcr den Kontakt zu ihm, nutzt bitte mein Kontaktformular <a href=\"https:\/\/www.discoveregypt.org\/de\/contact\/\" target=\"_blank\" rel=\"noopener\">hier<\/a>.<\/p>\t\t\t\t\t\t\t\t<\/div>\n\t\t\t\t<\/div>\n\t\t\t\t<div class=\"elementor-element elementor-element-a561312 elementor-widget elementor-widget-heading\" data-id=\"a561312\" data-element_type=\"widget\" data-e-type=\"widget\" data-widget_type=\"heading.default\">\n\t\t\t\t<div class=\"elementor-widget-container\">\n\t\t\t\t\t<h2 class=\"elementor-heading-title elementor-size-default\">Weitere Touren mit Sheemy<\/h2>\t\t\t\t<\/div>\n\t\t\t\t<\/div>\n\t\t\t\t<div class=\"elementor-element elementor-element-ebb345c elementor-widget elementor-widget-text-editor\" data-id=\"ebb345c\" data-element_type=\"widget\" data-e-type=\"widget\" id=\"main-text\" data-widget_type=\"text-editor.default\">\n\t\t\t\t<div class=\"elementor-widget-container\">\n\t\t\t\t\t\t\t\t\t<p><a href=\"https:\/\/www.discoveregypt.org\/de\/mini-egypt\/\">Erkunde das Land der Pharaonen in Mini Egypt<\/a><\/p>\t\t\t\t\t\t\t\t<\/div>\n\t\t\t\t<\/div>\n\t\t\t\t\t<\/div>\n\t\t<\/div>\n\t\t\t\t<div class=\"elementor-column elementor-col-50 elementor-top-column elementor-element elementor-element-f99b5c7\" data-id=\"f99b5c7\" data-element_type=\"column\" data-e-type=\"column\">\n\t\t\t<div class=\"elementor-widget-wrap elementor-element-populated\">\n\t\t\t\t\t\t<div class=\"elementor-element elementor-element-2977886 elementor-pagination-position-outside elementor-widget elementor-widget-image-carousel\" data-id=\"2977886\" data-element_type=\"widget\" data-e-type=\"widget\" data-settings=\"{&quot;slides_to_show&quot;:&quot;1&quot;,&quot;navigation&quot;:&quot;dots&quot;,&quot;autoplay&quot;:&quot;yes&quot;,&quot;pause_on_hover&quot;:&quot;yes&quot;,&quot;pause_on_interaction&quot;:&quot;yes&quot;,&quot;autoplay_speed&quot;:5000,&quot;infinite&quot;:&quot;yes&quot;,&quot;effect&quot;:&quot;slide&quot;,&quot;speed&quot;:500}\" data-widget_type=\"image-carousel.default\">\n\t\t\t\t<div class=\"elementor-widget-container\">\n\t\t\t\t\t            <div class=\"elementor-image-carousel-wrapper swiper\" role=\"region\" aria-roledescription=\"carousel\" aria-label=\"Image Carousel\" dir=\"ltr\">\n                <div class=\"elementor-image-carousel swiper-wrapper swiper-image-stretch\" aria-live=\"off\">\n\t\t\t\t\t\t\t\t\t\t<div class=\"swiper-slide\"><a data-elementor-open-lightbox=\"yes\" data-elementor-lightbox-slideshow=\"2977886\" data-elementor-lightbox-title=\"Starting Point\" data-elementor-lightbox-description=\"Starting Point\" data-e-action-hash=\"#elementor-action%3Aaction%3Dlightbox%26settings%3DeyJpZCI6NTY4NiwidXJsIjoiaHR0cHM6XC9cL3d3dy5kaXNjb3ZlcmVneXB0Lm9yZ1wvd3AtY29udGVudFwvdXBsb2Fkc1wvMjAyNVwvMDJcL1NwaWRlci1DYXJzLVRvdXItU3RhcnRpbmctUG9pbnQuanBnIiwic2xpZGVzaG93IjoiMjk3Nzg4NiJ9\" href=\"https:\/\/www.discoveregypt.org\/wp-content\/uploads\/2025\/02\/Spider-Cars-Tour-Starting-Point.jpg\"><figure class=\"swiper-slide-inner\"><img decoding=\"async\" class=\"swiper-slide-image\" src=\"https:\/\/www.discoveregypt.org\/wp-content\/uploads\/2025\/02\/Spider-Cars-Tour-Starting-Point.jpg\" alt=\"Starting Point\" \/><figcaption class=\"elementor-image-carousel-caption\">Start im Beduinendorf<\/figcaption><\/figure><\/a><\/div><div class=\"swiper-slide\"><a data-elementor-open-lightbox=\"yes\" data-elementor-lightbox-slideshow=\"2977886\" data-elementor-lightbox-title=\"Out in the Desert\" data-elementor-lightbox-description=\"Out in the Desert\" data-e-action-hash=\"#elementor-action%3Aaction%3Dlightbox%26settings%3DeyJpZCI6NTY4NSwidXJsIjoiaHR0cHM6XC9cL3d3dy5kaXNjb3ZlcmVneXB0Lm9yZ1wvd3AtY29udGVudFwvdXBsb2Fkc1wvMjAyNVwvMDJcL1NwaWRlci1DYXJzLVRvdXItT3V0LWluLXRoZS1EZXNlcnQuanBnIiwic2xpZGVzaG93IjoiMjk3Nzg4NiJ9\" href=\"https:\/\/www.discoveregypt.org\/wp-content\/uploads\/2025\/02\/Spider-Cars-Tour-Out-in-the-Desert.jpg\"><figure class=\"swiper-slide-inner\"><img decoding=\"async\" class=\"swiper-slide-image\" src=\"https:\/\/www.discoveregypt.org\/wp-content\/uploads\/2025\/02\/Spider-Cars-Tour-Out-in-the-Desert.jpg\" alt=\"Out in the Desert\" \/><figcaption class=\"elementor-image-carousel-caption\">Drau\u00dfen in der W\u00fcste<\/figcaption><\/figure><\/a><\/div><div class=\"swiper-slide\"><a data-elementor-open-lightbox=\"yes\" data-elementor-lightbox-slideshow=\"2977886\" data-elementor-lightbox-title=\"J\u00f6rg at the Steering Wheel\" data-elementor-lightbox-description=\"J\u00f6rg at the Steering Wheel\" data-e-action-hash=\"#elementor-action%3Aaction%3Dlightbox%26settings%3DeyJpZCI6NTY4MSwidXJsIjoiaHR0cHM6XC9cL3d3dy5kaXNjb3ZlcmVneXB0Lm9yZ1wvd3AtY29udGVudFwvdXBsb2Fkc1wvMjAyNVwvMDJcL1NwaWRlci1DYXJzLVRvdXItQXQtdGhlLVN0ZWVyaW5nLVdoZWVsLmpwZyIsInNsaWRlc2hvdyI6IjI5Nzc4ODYifQ%3D%3D\" href=\"https:\/\/www.discoveregypt.org\/wp-content\/uploads\/2025\/02\/Spider-Cars-Tour-At-the-Steering-Wheel.jpg\"><figure class=\"swiper-slide-inner\"><img decoding=\"async\" class=\"swiper-slide-image\" src=\"https:\/\/www.discoveregypt.org\/wp-content\/uploads\/2025\/02\/Spider-Cars-Tour-At-the-Steering-Wheel.jpg\" alt=\"J\u00f6rg at the Steering Wheel\" \/><figcaption class=\"elementor-image-carousel-caption\">J\u00f6rg am Steuer<\/figcaption><\/figure><\/a><\/div><div class=\"swiper-slide\"><a data-elementor-open-lightbox=\"yes\" data-elementor-lightbox-slideshow=\"2977886\" data-elementor-lightbox-title=\"Happy J\u00f6rg &amp; Klaudia\" data-elementor-lightbox-description=\"Happy J\u00f6rg &amp; Klaudia\" data-e-action-hash=\"#elementor-action%3Aaction%3Dlightbox%26settings%3DeyJpZCI6NTY4MywidXJsIjoiaHR0cHM6XC9cL3d3dy5kaXNjb3ZlcmVneXB0Lm9yZ1wvd3AtY29udGVudFwvdXBsb2Fkc1wvMjAyNVwvMDJcL1NwaWRlci1DYXJzLVRvdXItSGFwcHktSm9yZy1LbGF1ZGlhLXNjYWxlZC5qcGciLCJzbGlkZXNob3ciOiIyOTc3ODg2In0%3D\" href=\"https:\/\/www.discoveregypt.org\/wp-content\/uploads\/2025\/02\/Spider-Cars-Tour-Happy-Jorg-Klaudia-scaled.jpg\"><figure class=\"swiper-slide-inner\"><img decoding=\"async\" class=\"swiper-slide-image\" src=\"https:\/\/www.discoveregypt.org\/wp-content\/uploads\/2025\/02\/Spider-Cars-Tour-Happy-Jorg-Klaudia-scaled.jpg\" alt=\"Happy J\u00f6rg &amp; Klaudia\" \/><figcaption class=\"elementor-image-carousel-caption\">Happy J\u00f6rg &amp; Klaudia<\/figcaption><\/figure><\/a><\/div><div class=\"swiper-slide\"><a data-elementor-open-lightbox=\"yes\" data-elementor-lightbox-slideshow=\"2977886\" data-elementor-lightbox-title=\"Excited \u201aBig Boy\u2018\" data-elementor-lightbox-description=\"Excited \u201aBig Boy\u2018\" data-e-action-hash=\"#elementor-action%3Aaction%3Dlightbox%26settings%3DeyJpZCI6NTY3OCwidXJsIjoiaHR0cHM6XC9cL3d3dy5kaXNjb3ZlcmVneXB0Lm9yZ1wvd3AtY29udGVudFwvdXBsb2Fkc1wvMjAyNVwvMDJcL0J1Z2d5LVRvdXItRXhjaXRlZC1Kb3JnLmpwZyIsInNsaWRlc2hvdyI6IjI5Nzc4ODYifQ%3D%3D\" href=\"https:\/\/www.discoveregypt.org\/wp-content\/uploads\/2025\/02\/Buggy-Tour-Excited-Jorg.jpg\"><figure class=\"swiper-slide-inner\"><img decoding=\"async\" class=\"swiper-slide-image\" src=\"https:\/\/www.discoveregypt.org\/wp-content\/uploads\/2025\/02\/Buggy-Tour-Excited-Jorg.jpg\" alt=\"Excited \u201aBig Boy\u2018\" \/><figcaption class=\"elementor-image-carousel-caption\">Begeisterter \u201eBig Boy\u201c<\/figcaption><\/figure><\/a><\/div><div class=\"swiper-slide\"><a data-elementor-open-lightbox=\"yes\" data-elementor-lightbox-slideshow=\"2977886\" data-elementor-lightbox-title=\"Push it, Baby!\" data-elementor-lightbox-description=\"Push it, Baby!\" data-e-action-hash=\"#elementor-action%3Aaction%3Dlightbox%26settings%3DeyJpZCI6NTY3OSwidXJsIjoiaHR0cHM6XC9cL3d3dy5kaXNjb3ZlcmVneXB0Lm9yZ1wvd3AtY29udGVudFwvdXBsb2Fkc1wvMjAyNVwvMDJcL0J1Z2d5LVRvdXItUHVzaC1pdC1CYWJ5LmpwZyIsInNsaWRlc2hvdyI6IjI5Nzc4ODYifQ%3D%3D\" href=\"https:\/\/www.discoveregypt.org\/wp-content\/uploads\/2025\/02\/Buggy-Tour-Push-it-Baby.jpg\"><figure class=\"swiper-slide-inner\"><img decoding=\"async\" class=\"swiper-slide-image\" src=\"https:\/\/www.discoveregypt.org\/wp-content\/uploads\/2025\/02\/Buggy-Tour-Push-it-Baby.jpg\" alt=\"Push it, Baby!\" \/><figcaption class=\"elementor-image-carousel-caption\">Push it, Baby!<\/figcaption><\/figure><\/a><\/div><div class=\"swiper-slide\"><a data-elementor-open-lightbox=\"yes\" data-elementor-lightbox-slideshow=\"2977886\" data-elementor-lightbox-title=\"Into the Sunset\" data-elementor-lightbox-description=\"Into the Sunset\" data-e-action-hash=\"#elementor-action%3Aaction%3Dlightbox%26settings%3DeyJpZCI6NTY4NCwidXJsIjoiaHR0cHM6XC9cL3d3dy5kaXNjb3ZlcmVneXB0Lm9yZ1wvd3AtY29udGVudFwvdXBsb2Fkc1wvMjAyNVwvMDJcL1NwaWRlci1DYXJzLVRvdXItSW50by10aGUtU3Vuc2V0LXNjYWxlZC5qcGciLCJzbGlkZXNob3ciOiIyOTc3ODg2In0%3D\" href=\"https:\/\/www.discoveregypt.org\/wp-content\/uploads\/2025\/02\/Spider-Cars-Tour-Into-the-Sunset-scaled.jpg\"><figure class=\"swiper-slide-inner\"><img decoding=\"async\" class=\"swiper-slide-image\" src=\"https:\/\/www.discoveregypt.org\/wp-content\/uploads\/2025\/02\/Spider-Cars-Tour-Into-the-Sunset-scaled.jpg\" alt=\"Into the Sunset\" \/><figcaption class=\"elementor-image-carousel-caption\">In den Sonnenuntergang<\/figcaption><\/figure><\/a><\/div>                <\/div>\n\t\t\t\t\t\t\t\t\t                        <div class=\"swiper-pagination\"><\/div>\n\t\t\t\t\t\t\t\t\t\t\t\t\t\t            <\/div>\n\t\t\t\t\t\t\t<\/div>\n\t\t\t\t<\/div>\n\t\t\t\t<div class=\"elementor-element elementor-element-1162f8b elementor-widget__width-initial elementor-widget elementor-widget-video\" data-id=\"1162f8b\" data-element_type=\"widget\" data-e-type=\"widget\" data-settings=\"{&quot;video_type&quot;:&quot;hosted&quot;,&quot;controls&quot;:&quot;yes&quot;}\" data-widget_type=\"video.default\">\n\t\t\t\t<div class=\"elementor-widget-container\">\n\t\t\t\t\t\t\t<div class=\"e-hosted-video elementor-wrapper elementor-open-inline\">\n\t\t\t\t\t<video class=\"elementor-video\" src=\"https:\/\/www.discoveregypt.org\/wp-content\/uploads\/2026\/04\/Spider-Car-Video.mov\" controls=\"\" preload=\"metadata\" controlslist=\"nodownload\"><\/video>\n\t\t\t\t<\/div>\n\t\t\t\t\t\t<\/div>\n\t\t\t\t<\/div>\n\t\t\t\t\t<\/div>\n\t\t<\/div>\n\t\t\t\t\t<\/div>\n\t\t<\/section>\n\t\t\t\t<\/div>","protected":false},"excerpt":{"rendered":"<p>Egyptian joyrides Super-exciting Quad &amp; Spider Car Safari west of Hurghada 2-hour ride in an off-road vehicle designed for the desert Suitable for everyone aged 16 and over, under 190 cm tall and without physical limitations No licence required, but some driving experience essential Can also be booked as a 20-minute trip in combination with [&hellip;]<\/p>\n","protected":false},"author":2,"featured_media":0,"parent":0,"menu_order":0,"comment_status":"closed","ping_status":"closed","template":"elementor_header_footer","meta":{"site-sidebar-layout":"no-sidebar","site-content-layout":"page-builder","ast-site-content-layout":"full-width-container","site-content-style":"unboxed","site-sidebar-style":"unboxed","ast-global-header-display":"","ast-banner-title-visibility":"","ast-main-header-display":"","ast-hfb-above-header-display":"","ast-hfb-below-header-display":"","ast-hfb-mobile-header-display":"","site-post-title":"disabled","ast-breadcrumbs-content":"","ast-featured-img":"","footer-sml-layout":"","ast-disable-related-posts":"","theme-transparent-header-meta":"enabled","adv-header-id-meta":"","stick-header-meta":"","header-above-stick-meta":"","header-main-stick-meta":"","header-below-stick-meta":"","astra-migrate-meta-layouts":"set","ast-page-background-enabled":"default","ast-page-background-meta":{"desktop":{"background-color":"","background-image":"","background-repeat":"repeat","background-position":"center center","background-size":"auto","background-attachment":"scroll","background-type":"","background-media":"","overlay-type":"","overlay-color":"","overlay-opacity":"","overlay-gradient":""},"tablet":{"background-color":"","background-image":"","background-repeat":"repeat","background-position":"center center","background-size":"auto","background-attachment":"scroll","background-type":"","background-media":"","overlay-type":"","overlay-color":"","overlay-opacity":"","overlay-gradient":""},"mobile":{"background-color":"","background-image":"","background-repeat":"repeat","background-position":"center center","background-size":"auto","background-attachment":"scroll","background-type":"","background-media":"","overlay-type":"","overlay-color":"","overlay-opacity":"","overlay-gradient":""}},"ast-content-background-meta":{"desktop":{"background-color":"var(--ast-global-color-5)","background-image":"","background-repeat":"repeat","background-position":"center center","background-size":"auto","background-attachment":"scroll","background-type":"","background-media":"","overlay-type":"","overlay-color":"","overlay-opacity":"","overlay-gradient":""},"tablet":{"background-color":"var(--ast-global-color-5)","background-image":"","background-repeat":"repeat","background-position":"center center","background-size":"auto","background-attachment":"scroll","background-type":"","background-media":"","overlay-type":"","overlay-color":"","overlay-opacity":"","overlay-gradient":""},"mobile":{"background-color":"var(--ast-global-color-5)","background-image":"","background-repeat":"repeat","background-position":"center center","background-size":"auto","background-attachment":"scroll","background-type":"","background-media":"","overlay-type":"","overlay-color":"","overlay-opacity":"","overlay-gradient":""}},"footnotes":""},"class_list":["post-5624","page","type-page","status-publish","hentry"],"jetpack_sharing_enabled":true,"_links":{"self":[{"href":"https:\/\/www.discoveregypt.org\/de\/wp-json\/wp\/v2\/pages\/5624","targetHints":{"allow":["GET"]}}],"collection":[{"href":"https:\/\/www.discoveregypt.org\/de\/wp-json\/wp\/v2\/pages"}],"about":[{"href":"https:\/\/www.discoveregypt.org\/de\/wp-json\/wp\/v2\/types\/page"}],"author":[{"embeddable":true,"href":"https:\/\/www.discoveregypt.org\/de\/wp-json\/wp\/v2\/users\/2"}],"replies":[{"embeddable":true,"href":"https:\/\/www.discoveregypt.org\/de\/wp-json\/wp\/v2\/comments?post=5624"}],"version-history":[{"count":103,"href":"https:\/\/www.discoveregypt.org\/de\/wp-json\/wp\/v2\/pages\/5624\/revisions"}],"predecessor-version":[{"id":7695,"href":"https:\/\/www.discoveregypt.org\/de\/wp-json\/wp\/v2\/pages\/5624\/revisions\/7695"}],"wp:attachment":[{"href":"https:\/\/www.discoveregypt.org\/de\/wp-json\/wp\/v2\/media?parent=5624"}],"curies":[{"name":"wp","href":"https:\/\/api.w.org\/{rel}","templated":true}]}}