{"id":5861,"date":"2025-02-16T15:21:40","date_gmt":"2025-02-16T15:21:40","guid":{"rendered":"https:\/\/www.discoveregypt.org\/?page_id=5861"},"modified":"2026-04-14T20:15:15","modified_gmt":"2026-04-14T20:15:15","slug":"grand-egyptian-museum","status":"publish","type":"page","link":"https:\/\/www.discoveregypt.org\/de\/grand-egyptian-museum\/","title":{"rendered":"Grand Egyptian Museum"},"content":{"rendered":"<div data-elementor-type=\"wp-page\" data-elementor-id=\"5861\" class=\"elementor elementor-5861\">\n\t\t\t\t\t\t<section class=\"elementor-section elementor-top-section elementor-element elementor-element-1b0a5d33 elementor-section-boxed elementor-section-height-default elementor-section-height-default\" data-id=\"1b0a5d33\" data-element_type=\"section\" data-e-type=\"section\" data-settings=\"{&quot;background_background&quot;:&quot;classic&quot;}\">\n\t\t\t\t\t\t\t<div class=\"elementor-background-overlay\"><\/div>\n\t\t\t\t\t\t\t<div class=\"elementor-container elementor-column-gap-default\">\n\t\t\t\t\t<div class=\"elementor-column elementor-col-50 elementor-top-column elementor-element elementor-element-1f841ba\" data-id=\"1f841ba\" data-element_type=\"column\" data-e-type=\"column\">\n\t\t\t<div class=\"elementor-widget-wrap elementor-element-populated\">\n\t\t\t\t\t\t<div class=\"elementor-element elementor-element-365ba0bd elementor-widget elementor-widget-heading\" data-id=\"365ba0bd\" data-element_type=\"widget\" data-e-type=\"widget\" data-widget_type=\"heading.default\">\n\t\t\t\t<div class=\"elementor-widget-container\">\n\t\t\t\t\t<h1 class=\"elementor-heading-title elementor-size-default\">Das Grand Egyptian Museum <img decoding=\"async\" role=\"img\" class=\"emoji\" alt=\"\ud83c\udfdb\ufe0f\" src=\"https:\/\/s.w.org\/images\/core\/emoji\/15.0.3\/svg\/1f3db.svg\"><\/h1>\t\t\t\t<\/div>\n\t\t\t\t<\/div>\n\t\t\t\t<div class=\"elementor-element elementor-element-4eba0ba elementor-widget elementor-widget-text-editor\" data-id=\"4eba0ba\" data-element_type=\"widget\" data-e-type=\"widget\" data-widget_type=\"text-editor.default\">\n\t\t\t\t<div class=\"elementor-widget-container\">\n\t\t\t\t\t\t\t\t\t<ul class=\"ul1\"><li>Toure durch das GEM, einen von au\u00dfen wie von innen beeindruckenden Geb\u00e4udekomplex<\/li><li>Nimm eine erste \"Lehrstunde\" im Lesen von Hieroglyphen<\/li><li>Begleitet Mariam oder eine\/n ihrer Kolleg\/innen bei einer ihrer vorbildlichen Live-Pr\u00e4sentationen<\/li><li>Genie\u00dft den Anblick der Pyramiden von Gizeh in der Ferne, sowohl von innerhalb als auch au\u00dferhalb des Museums<\/li><li>Studiere die Artefakte \u00c4gyptens in einer ganz besonderen Pr\u00e4sentation\u00a0<\/li><\/ul>\t\t\t\t\t\t\t\t<\/div>\n\t\t\t\t<\/div>\n\t\t\t\t\t<\/div>\n\t\t<\/div>\n\t\t\t\t<div class=\"elementor-column elementor-col-50 elementor-top-column elementor-element elementor-element-c7d1829\" data-id=\"c7d1829\" data-element_type=\"column\" data-e-type=\"column\" data-settings=\"{&quot;background_background&quot;:&quot;classic&quot;}\">\n\t\t\t<div class=\"elementor-widget-wrap elementor-element-populated\">\n\t\t\t\t\t<div class=\"elementor-background-overlay\"><\/div>\n\t\t\t\t\t\t<div class=\"elementor-element elementor-element-960d4ff elementor-widget elementor-widget-text-editor\" data-id=\"960d4ff\" data-element_type=\"widget\" data-e-type=\"widget\" data-widget_type=\"text-editor.default\">\n\t\t\t\t<div class=\"elementor-widget-container\">\n\t\t\t\t\t\t\t\t\t<p>Darf ich vorstellen...<\/p>\t\t\t\t\t\t\t\t<\/div>\n\t\t\t\t<\/div>\n\t\t\t\t<div class=\"elementor-element elementor-element-dee131c elementor-widget elementor-widget-image\" data-id=\"dee131c\" data-element_type=\"widget\" data-e-type=\"widget\" data-widget_type=\"image.default\">\n\t\t\t\t<div class=\"elementor-widget-container\">\n\t\t\t\t\t\t\t\t\t\t\t\t\t\t\t<img fetchpriority=\"high\" decoding=\"async\" width=\"600\" height=\"600\" src=\"https:\/\/www.discoveregypt.org\/wp-content\/uploads\/2023\/11\/Miriam.png\" class=\"attachment-full size-full wp-image-4477\" alt=\"Miriam at Grand Egyptian Museum\" srcset=\"https:\/\/www.discoveregypt.org\/wp-content\/uploads\/2023\/11\/Miriam.png 600w, https:\/\/www.discoveregypt.org\/wp-content\/uploads\/2023\/11\/Miriam-300x300.png 300w, https:\/\/www.discoveregypt.org\/wp-content\/uploads\/2023\/11\/Miriam-150x150.png 150w, https:\/\/www.discoveregypt.org\/wp-content\/uploads\/2023\/11\/Miriam-12x12.png 12w\" sizes=\"(max-width: 600px) 100vw, 600px\" \/>\t\t\t\t\t\t\t\t\t\t\t\t\t\t\t<\/div>\n\t\t\t\t<\/div>\n\t\t\t\t<div class=\"elementor-element elementor-element-0093cca elementor-widget elementor-widget-text-editor\" data-id=\"0093cca\" data-element_type=\"widget\" data-e-type=\"widget\" id=\"main-text\" data-widget_type=\"text-editor.default\">\n\t\t\t\t<div class=\"elementor-widget-container\">\n\t\t\t\t\t\t\t\t\t<ul class=\"ul1\"><li>Mariam Mohamed, 28 years<\/li><li>Auch die \u201eSekhmet von \u00c4gypten\u201c genannt<\/li><li>Offizielle \u00e4gyptische Reiseleiterin mit Herz und Leidenschaft\u00a0<\/li><li>Exzellente Englisch- und Hebr\u00e4isch-Kenntnisse<\/li><li>Liebt Meditation, Natur und die Farbe gr\u00fcn<\/li><li>Mag den Umgang mit Menschen und die Musik von George Michael<\/li><\/ul>\t\t\t\t\t\t\t\t<\/div>\n\t\t\t\t<\/div>\n\t\t\t\t\t<\/div>\n\t\t<\/div>\n\t\t\t\t\t<\/div>\n\t\t<\/section>\n\t\t\t\t<section class=\"elementor-section elementor-top-section elementor-element elementor-element-05e947d elementor-section-boxed elementor-section-height-default elementor-section-height-default\" data-id=\"05e947d\" data-element_type=\"section\" data-e-type=\"section\" data-settings=\"{&quot;background_background&quot;:&quot;classic&quot;}\">\n\t\t\t\t\t\t\t<div class=\"elementor-background-overlay\"><\/div>\n\t\t\t\t\t\t\t<div class=\"elementor-container elementor-column-gap-default\">\n\t\t\t\t\t<div class=\"elementor-column elementor-col-50 elementor-top-column elementor-element elementor-element-b46641a\" data-id=\"b46641a\" data-element_type=\"column\" data-e-type=\"column\">\n\t\t\t<div class=\"elementor-widget-wrap elementor-element-populated\">\n\t\t\t\t\t\t<div class=\"elementor-element elementor-element-57dfccb elementor-widget elementor-widget-heading\" data-id=\"57dfccb\" data-element_type=\"widget\" data-e-type=\"widget\" data-widget_type=\"heading.default\">\n\t\t\t\t<div class=\"elementor-widget-container\">\n\t\t\t\t\t<h2 class=\"elementor-heading-title elementor-size-default\">Unvergessliche Highlights mit einem zauberhaften L\u00e4cheln <img decoding=\"async\" role=\"img\" class=\"emoji\" alt=\"\ud83d\udcdc\" src=\"https:\/\/s.w.org\/images\/core\/emoji\/15.0.3\/svg\/1f4dc.svg\"><\/h2>\t\t\t\t<\/div>\n\t\t\t\t<\/div>\n\t\t\t\t<div class=\"elementor-element elementor-element-89e0633 elementor-widget elementor-widget-text-editor\" data-id=\"89e0633\" data-element_type=\"widget\" data-e-type=\"widget\" id=\"main-text\" data-widget_type=\"text-editor.default\">\n\t\t\t\t<div class=\"elementor-widget-container\">\n\t\t\t\t\t\t\t\t\t<p>Eher zuf\u00e4llig konnte ich bei meinem Besuch in Giza im Jahr 2023 den riesigen Geb\u00e4udekomplex des brandneunen Grand Egyptian Museum besichtigen. Nach seiner Teiler\u00f6ffnung im Oktober 2024 fand die gro\u00dfe offizielle Er\u00f6ffnung im November 2025 statt. Seitdem ist das Museum in seiner Gesamtheit den Besuchern zug\u00e4nglich.<\/p><p>Die beeindruckende Architektur des weltweit gr\u00f6\u00dften Museums f\u00fcr Zivilisationskultur mit seinen 12 Galerien wird euch sicherlich ebenso faszinieren wie mich. Besondere Aufmerksamkeit solltet ihr der Tutanchamun-Galerie widmen.<\/p><p>Der Eintritt kostet aktuell 1200 \u00e4gyptische Pfund (~ 24\u20ac).<\/p><p>Eine F\u00fchrung mit Mariam oder ihren Kollegen\/innen kostet ein paar Pfund mehr. Diese sind es aber f\u00fcr diese kompetente und charmante F\u00fchrung absolut wert.<\/p><p class=\"translation-block\">F\u00fcr weitere Informationen zum Museum empfehle ich euch, die <a href=\"https:\/\/grandegyptianmuseum.org\/\" target=\"_blank\" rel=\"noopener\">offizielle Website des GEM<\/a> zu besuchen, oder George direkt \u00fcber <a href=\"https:\/\/www.discoveregypt.org\/de\/contact\/\" target=\"_self\">mich<\/a> zu kontaktieren.<\/p>\t\t\t\t\t\t\t\t<\/div>\n\t\t\t\t<\/div>\n\t\t\t\t<div class=\"elementor-element elementor-element-382a225 elementor-widget elementor-widget-heading\" data-id=\"382a225\" data-element_type=\"widget\" data-e-type=\"widget\" data-widget_type=\"heading.default\">\n\t\t\t\t<div class=\"elementor-widget-container\">\n\t\t\t\t\t<h2 class=\"elementor-heading-title elementor-size-default\">Weitere Touren in der Umgebung mit George<\/h2>\t\t\t\t<\/div>\n\t\t\t\t<\/div>\n\t\t\t\t<div class=\"elementor-element elementor-element-cba9442 elementor-widget elementor-widget-text-editor\" data-id=\"cba9442\" data-element_type=\"widget\" data-e-type=\"widget\" id=\"main-text\" data-widget_type=\"text-editor.default\">\n\t\t\t\t<div class=\"elementor-widget-container\">\n\t\t\t\t\t\t\t\t\t<p><a href=\"https:\/\/www.discoveregypt.org\/de\/walk-like-an-egyptian\/\">Walk like an Egyptian<\/a><\/p><p><a href=\"https:\/\/www.discoveregypt.org\/de\/coptic-quarter\/\">Schlendere durch das Koptische Viertel<\/a><\/p>\t\t\t\t\t\t\t\t<\/div>\n\t\t\t\t<\/div>\n\t\t\t\t\t<\/div>\n\t\t<\/div>\n\t\t\t\t<div class=\"elementor-column elementor-col-50 elementor-top-column elementor-element elementor-element-f99b5c7\" data-id=\"f99b5c7\" data-element_type=\"column\" data-e-type=\"column\">\n\t\t\t<div class=\"elementor-widget-wrap elementor-element-populated\">\n\t\t\t\t\t\t<div class=\"elementor-element elementor-element-2977886 elementor-pagination-position-outside elementor-widget elementor-widget-image-carousel\" data-id=\"2977886\" data-element_type=\"widget\" data-e-type=\"widget\" data-settings=\"{&quot;slides_to_show&quot;:&quot;1&quot;,&quot;navigation&quot;:&quot;dots&quot;,&quot;autoplay&quot;:&quot;yes&quot;,&quot;pause_on_hover&quot;:&quot;yes&quot;,&quot;pause_on_interaction&quot;:&quot;yes&quot;,&quot;autoplay_speed&quot;:5000,&quot;infinite&quot;:&quot;yes&quot;,&quot;effect&quot;:&quot;slide&quot;,&quot;speed&quot;:500}\" data-widget_type=\"image-carousel.default\">\n\t\t\t\t<div class=\"elementor-widget-container\">\n\t\t\t\t\t            <div class=\"elementor-image-carousel-wrapper swiper\" role=\"region\" aria-roledescription=\"carousel\" aria-label=\"Image Carousel\" dir=\"ltr\">\n                <div class=\"elementor-image-carousel swiper-wrapper swiper-image-stretch\" aria-live=\"off\">\n\t\t\t\t\t\t\t\t\t\t<div class=\"swiper-slide\"><a data-elementor-open-lightbox=\"yes\" data-elementor-lightbox-slideshow=\"2977886\" data-elementor-lightbox-title=\"GEM main entrance\" data-elementor-lightbox-description=\"GEM main entrance\" data-e-action-hash=\"#elementor-action%3Aaction%3Dlightbox%26settings%3DeyJpZCI6NTg4MiwidXJsIjoiaHR0cHM6XC9cL3d3dy5kaXNjb3ZlcmVneXB0Lm9yZ1wvd3AtY29udGVudFwvdXBsb2Fkc1wvMjAyNVwvMDJcL0dFTS0xLXNjYWxlZC5qcGciLCJzbGlkZXNob3ciOiIyOTc3ODg2In0%3D\" href=\"https:\/\/www.discoveregypt.org\/wp-content\/uploads\/2025\/02\/GEM-1-scaled.jpg\"><figure class=\"swiper-slide-inner\"><img decoding=\"async\" class=\"swiper-slide-image\" src=\"https:\/\/www.discoveregypt.org\/wp-content\/uploads\/2025\/02\/GEM-1-scaled.jpg\" alt=\"GEM main entrance\" \/><figcaption class=\"elementor-image-carousel-caption\">Haupteingang des GEM<\/figcaption><\/figure><\/a><\/div><div class=\"swiper-slide\"><a data-elementor-open-lightbox=\"yes\" data-elementor-lightbox-slideshow=\"2977886\" data-elementor-lightbox-title=\"The magnificent entry hall of the GEM\" data-elementor-lightbox-description=\"The magnificent entry hall of the GEM\" data-e-action-hash=\"#elementor-action%3Aaction%3Dlightbox%26settings%3DeyJpZCI6NTg4NCwidXJsIjoiaHR0cHM6XC9cL3d3dy5kaXNjb3ZlcmVneXB0Lm9yZ1wvd3AtY29udGVudFwvdXBsb2Fkc1wvMjAyNVwvMDJcL0dFTS0zLmpwZyIsInNsaWRlc2hvdyI6IjI5Nzc4ODYifQ%3D%3D\" href=\"https:\/\/www.discoveregypt.org\/wp-content\/uploads\/2025\/02\/GEM-3.jpg\"><figure class=\"swiper-slide-inner\"><img decoding=\"async\" class=\"swiper-slide-image\" src=\"https:\/\/www.discoveregypt.org\/wp-content\/uploads\/2025\/02\/GEM-3.jpg\" alt=\"The magnificent entry hall of the GEM\" \/><figcaption class=\"elementor-image-carousel-caption\">Die pr\u00e4chtige Eingangshalle des GEM<\/figcaption><\/figure><\/a><\/div><div class=\"swiper-slide\"><a data-elementor-open-lightbox=\"yes\" data-elementor-lightbox-slideshow=\"2977886\" data-elementor-lightbox-title=\"GEM impressions\" data-elementor-lightbox-description=\"GEM impressions\" data-e-action-hash=\"#elementor-action%3Aaction%3Dlightbox%26settings%3DeyJpZCI6Nzk1OSwidXJsIjoiaHR0cHM6XC9cL3d3dy5kaXNjb3ZlcmVneXB0Lm9yZ1wvd3AtY29udGVudFwvdXBsb2Fkc1wvMjAyNlwvMDRcL0dFTS1pbXByZXNzaW9ucy1zY2FsZWQuanBnIiwic2xpZGVzaG93IjoiMjk3Nzg4NiJ9\" href=\"https:\/\/www.discoveregypt.org\/wp-content\/uploads\/2026\/04\/GEM-impressions-scaled.jpg\"><figure class=\"swiper-slide-inner\"><img decoding=\"async\" class=\"swiper-slide-image\" src=\"https:\/\/www.discoveregypt.org\/wp-content\/uploads\/2026\/04\/GEM-impressions-scaled.jpg\" alt=\"GEM impressions\" \/><figcaption class=\"elementor-image-carousel-caption\">GEM-Impressionen<\/figcaption><\/figure><\/a><\/div><div class=\"swiper-slide\"><a data-elementor-open-lightbox=\"yes\" data-elementor-lightbox-slideshow=\"2977886\" data-elementor-lightbox-title=\"Royal golden coffin of Tutankhamun\" data-elementor-lightbox-description=\"Royal golden coffin of Tutankhamun\" data-e-action-hash=\"#elementor-action%3Aaction%3Dlightbox%26settings%3DeyJpZCI6Nzk2MiwidXJsIjoiaHR0cHM6XC9cL3d3dy5kaXNjb3ZlcmVneXB0Lm9yZ1wvd3AtY29udGVudFwvdXBsb2Fkc1wvMjAyNlwvMDRcL1JveWFsLWdvbGRlbi1jb2ZmaW4tb2YtVHV0YW5raGFtdW4tc2NhbGVkLmpwZyIsInNsaWRlc2hvdyI6IjI5Nzc4ODYifQ%3D%3D\" href=\"https:\/\/www.discoveregypt.org\/wp-content\/uploads\/2026\/04\/Royal-golden-coffin-of-Tutankhamun-scaled.jpg\"><figure class=\"swiper-slide-inner\"><img decoding=\"async\" class=\"swiper-slide-image\" src=\"https:\/\/www.discoveregypt.org\/wp-content\/uploads\/2026\/04\/Royal-golden-coffin-of-Tutankhamun-scaled.jpg\" alt=\"Royal golden coffin of Tutankhamun\" \/><figcaption class=\"elementor-image-carousel-caption\">Der k\u00f6nigliche goldene Sarg von Tutanchamun<\/figcaption><\/figure><\/a><\/div><div class=\"swiper-slide\"><a data-elementor-open-lightbox=\"yes\" data-elementor-lightbox-slideshow=\"2977886\" data-elementor-lightbox-title=\"One of Tutanakhmun\u2019s sarcophagi\" data-elementor-lightbox-description=\"One of Tutanakhmun\u2019s sarcophagi\" data-e-action-hash=\"#elementor-action%3Aaction%3Dlightbox%26settings%3DeyJpZCI6Nzk2MCwidXJsIjoiaHR0cHM6XC9cL3d3dy5kaXNjb3ZlcmVneXB0Lm9yZ1wvd3AtY29udGVudFwvdXBsb2Fkc1wvMjAyNlwvMDRcL09uZS1vZi1UdXRhbmFraG11bnMtc2FyY29waGFnaS1zY2FsZWQuanBnIiwic2xpZGVzaG93IjoiMjk3Nzg4NiJ9\" href=\"https:\/\/www.discoveregypt.org\/wp-content\/uploads\/2026\/04\/One-of-Tutanakhmuns-sarcophagi-scaled.jpg\"><figure class=\"swiper-slide-inner\"><img decoding=\"async\" class=\"swiper-slide-image\" src=\"https:\/\/www.discoveregypt.org\/wp-content\/uploads\/2026\/04\/One-of-Tutanakhmuns-sarcophagi-scaled.jpg\" alt=\"One of Tutanakhmun\u2019s sarcophagi\" \/><figcaption class=\"elementor-image-carousel-caption\">Einer von Tutanchamuns Sarkophagen<\/figcaption><\/figure><\/a><\/div><div class=\"swiper-slide\"><a data-elementor-open-lightbox=\"yes\" data-elementor-lightbox-slideshow=\"2977886\" data-elementor-lightbox-title=\"The famous mask of Tutankhamun\" data-elementor-lightbox-description=\"The famous mask of Tutankhamun\" data-e-action-hash=\"#elementor-action%3Aaction%3Dlightbox%26settings%3DeyJpZCI6Nzk2NCwidXJsIjoiaHR0cHM6XC9cL3d3dy5kaXNjb3ZlcmVneXB0Lm9yZ1wvd3AtY29udGVudFwvdXBsb2Fkc1wvMjAyNlwvMDRcL1RoZS1mYW1vdXMtbWFzay1vZi1UdXRhbmtoYW11bi5qcGciLCJzbGlkZXNob3ciOiIyOTc3ODg2In0%3D\" href=\"https:\/\/www.discoveregypt.org\/wp-content\/uploads\/2026\/04\/The-famous-mask-of-Tutankhamun.jpg\"><figure class=\"swiper-slide-inner\"><img decoding=\"async\" class=\"swiper-slide-image\" src=\"https:\/\/www.discoveregypt.org\/wp-content\/uploads\/2026\/04\/The-famous-mask-of-Tutankhamun.jpg\" alt=\"The famous mask of Tutankhamun\" \/><figcaption class=\"elementor-image-carousel-caption\">Die ber\u00fchmte Maske von Tutanchamun<\/figcaption><\/figure><\/a><\/div><div class=\"swiper-slide\"><a data-elementor-open-lightbox=\"yes\" data-elementor-lightbox-slideshow=\"2977886\" data-elementor-lightbox-title=\"Statues of Amenemhat I and III\" data-elementor-lightbox-description=\"Statues of Amenemhat I and III\" data-e-action-hash=\"#elementor-action%3Aaction%3Dlightbox%26settings%3DeyJpZCI6Nzk2MywidXJsIjoiaHR0cHM6XC9cL3d3dy5kaXNjb3ZlcmVneXB0Lm9yZ1wvd3AtY29udGVudFwvdXBsb2Fkc1wvMjAyNlwvMDRcL1N0YXR1ZXMtb2YtQW1lbmVtaGF0LUktYW5kLUlJSS5qcGciLCJzbGlkZXNob3ciOiIyOTc3ODg2In0%3D\" href=\"https:\/\/www.discoveregypt.org\/wp-content\/uploads\/2026\/04\/Statues-of-Amenemhat-I-and-III.jpg\"><figure class=\"swiper-slide-inner\"><img decoding=\"async\" class=\"swiper-slide-image\" src=\"https:\/\/www.discoveregypt.org\/wp-content\/uploads\/2026\/04\/Statues-of-Amenemhat-I-and-III.jpg\" alt=\"Statues of Amenemhat I and III\" \/><figcaption class=\"elementor-image-carousel-caption\">Statuen von Amenemhat I. und III.<\/figcaption><\/figure><\/a><\/div><div class=\"swiper-slide\"><a data-elementor-open-lightbox=\"yes\" data-elementor-lightbox-slideshow=\"2977886\" data-elementor-lightbox-title=\"Studying some hieroglyphs\" data-elementor-lightbox-description=\"Studying some hieroglyphs\" data-e-action-hash=\"#elementor-action%3Aaction%3Dlightbox%26settings%3DeyJpZCI6NTg4NSwidXJsIjoiaHR0cHM6XC9cL3d3dy5kaXNjb3ZlcmVneXB0Lm9yZ1wvd3AtY29udGVudFwvdXBsb2Fkc1wvMjAyNVwvMDJcL0dFTS00LmpwZyIsInNsaWRlc2hvdyI6IjI5Nzc4ODYifQ%3D%3D\" href=\"https:\/\/www.discoveregypt.org\/wp-content\/uploads\/2025\/02\/GEM-4.jpg\"><figure class=\"swiper-slide-inner\"><img decoding=\"async\" class=\"swiper-slide-image\" src=\"https:\/\/www.discoveregypt.org\/wp-content\/uploads\/2025\/02\/GEM-4.jpg\" alt=\"Studying some hieroglyphs\" \/><figcaption class=\"elementor-image-carousel-caption\">Ein paar Hieroglyphen lernen<\/figcaption><\/figure><\/a><\/div><div class=\"swiper-slide\"><a data-elementor-open-lightbox=\"yes\" data-elementor-lightbox-slideshow=\"2977886\" data-elementor-lightbox-title=\"Giza pyramids in a distance\" data-elementor-lightbox-description=\"Giza pyramids in a distance\" data-e-action-hash=\"#elementor-action%3Aaction%3Dlightbox%26settings%3DeyJpZCI6NTg4NiwidXJsIjoiaHR0cHM6XC9cL3d3dy5kaXNjb3ZlcmVneXB0Lm9yZ1wvd3AtY29udGVudFwvdXBsb2Fkc1wvMjAyNVwvMDJcL0dFTS01LXNjYWxlZC5qcGciLCJzbGlkZXNob3ciOiIyOTc3ODg2In0%3D\" href=\"https:\/\/www.discoveregypt.org\/wp-content\/uploads\/2025\/02\/GEM-5-scaled.jpg\"><figure class=\"swiper-slide-inner\"><img decoding=\"async\" class=\"swiper-slide-image\" src=\"https:\/\/www.discoveregypt.org\/wp-content\/uploads\/2025\/02\/GEM-5-scaled.jpg\" alt=\"Giza pyramids in a distance\" \/><figcaption class=\"elementor-image-carousel-caption\">Ausblick auf die Pyramiden von Gizeh<\/figcaption><\/figure><\/a><\/div><div class=\"swiper-slide\"><a data-elementor-open-lightbox=\"yes\" data-elementor-lightbox-slideshow=\"2977886\" data-elementor-lightbox-title=\"Little pyramids at the GEM\" data-elementor-lightbox-description=\"Little pyramids at the GEM\" data-e-action-hash=\"#elementor-action%3Aaction%3Dlightbox%26settings%3DeyJpZCI6NTg4MywidXJsIjoiaHR0cHM6XC9cL3d3dy5kaXNjb3ZlcmVneXB0Lm9yZ1wvd3AtY29udGVudFwvdXBsb2Fkc1wvMjAyNVwvMDJcL0dFTS0yLXNjYWxlZC5qcGciLCJzbGlkZXNob3ciOiIyOTc3ODg2In0%3D\" href=\"https:\/\/www.discoveregypt.org\/wp-content\/uploads\/2025\/02\/GEM-2-scaled.jpg\"><figure class=\"swiper-slide-inner\"><img decoding=\"async\" class=\"swiper-slide-image\" src=\"https:\/\/www.discoveregypt.org\/wp-content\/uploads\/2025\/02\/GEM-2-scaled.jpg\" alt=\"Little pyramids at the GEM\" \/><figcaption class=\"elementor-image-carousel-caption\">Kleine Pyramiden am GEM<\/figcaption><\/figure><\/a><\/div>                <\/div>\n\t\t\t\t\t\t\t\t\t                        <div class=\"swiper-pagination\"><\/div>\n\t\t\t\t\t\t\t\t\t\t\t\t\t\t            <\/div>\n\t\t\t\t\t\t\t<\/div>\n\t\t\t\t<\/div>\n\t\t\t\t<div class=\"elementor-element elementor-element-e9cfd6b elementor-widget__width-initial elementor-widget elementor-widget-video\" data-id=\"e9cfd6b\" data-element_type=\"widget\" data-e-type=\"widget\" data-settings=\"{&quot;video_type&quot;:&quot;hosted&quot;,&quot;controls&quot;:&quot;yes&quot;}\" data-widget_type=\"video.default\">\n\t\t\t\t<div class=\"elementor-widget-container\">\n\t\t\t\t\t\t\t<div class=\"e-hosted-video elementor-wrapper elementor-open-inline\">\n\t\t\t\t\t<video class=\"elementor-video\" src=\"https:\/\/www.discoveregypt.org\/wp-content\/uploads\/2026\/04\/GEM-entrance-hall.mp4\" controls=\"\" preload=\"metadata\" controlslist=\"nodownload\"><\/video>\n\t\t\t\t<\/div>\n\t\t\t\t\t\t<\/div>\n\t\t\t\t<\/div>\n\t\t\t\t<div class=\"elementor-element elementor-element-16961c0 elementor-widget elementor-widget-text-editor\" data-id=\"16961c0\" data-element_type=\"widget\" data-e-type=\"widget\" data-widget_type=\"text-editor.default\">\n\t\t\t\t<div class=\"elementor-widget-container\">\n\t\t\t\t\t\t\t\t\t<p style=\"text-align: center;\">Eingangshalle des GEM<\/p>\t\t\t\t\t\t\t\t<\/div>\n\t\t\t\t<\/div>\n\t\t\t\t\t<\/div>\n\t\t<\/div>\n\t\t\t\t\t<\/div>\n\t\t<\/section>\n\t\t\t\t<\/div>","protected":false},"excerpt":{"rendered":"<p>The Grand Egyptian Museum Get a tour of the GEM, a truly impressive building complex both from the outside and the inside Take a first \u2018lesson\u2019 in reading hieroglyphs Join Mariam or one of her colleagues for their outstanding live presentations Enjoy the spikes of the Giza pyramids in a distance both from inside and [&hellip;]<\/p>\n","protected":false},"author":2,"featured_media":0,"parent":0,"menu_order":0,"comment_status":"closed","ping_status":"closed","template":"elementor_header_footer","meta":{"site-sidebar-layout":"no-sidebar","site-content-layout":"page-builder","ast-site-content-layout":"full-width-container","site-content-style":"unboxed","site-sidebar-style":"unboxed","ast-global-header-display":"","ast-banner-title-visibility":"","ast-main-header-display":"","ast-hfb-above-header-display":"","ast-hfb-below-header-display":"","ast-hfb-mobile-header-display":"","site-post-title":"disabled","ast-breadcrumbs-content":"","ast-featured-img":"","footer-sml-layout":"","ast-disable-related-posts":"","theme-transparent-header-meta":"enabled","adv-header-id-meta":"","stick-header-meta":"","header-above-stick-meta":"","header-main-stick-meta":"","header-below-stick-meta":"","astra-migrate-meta-layouts":"set","ast-page-background-enabled":"default","ast-page-background-meta":{"desktop":{"background-color":"","background-image":"","background-repeat":"repeat","background-position":"center center","background-size":"auto","background-attachment":"scroll","background-type":"","background-media":"","overlay-type":"","overlay-color":"","overlay-opacity":"","overlay-gradient":""},"tablet":{"background-color":"","background-image":"","background-repeat":"repeat","background-position":"center center","background-size":"auto","background-attachment":"scroll","background-type":"","background-media":"","overlay-type":"","overlay-color":"","overlay-opacity":"","overlay-gradient":""},"mobile":{"background-color":"","background-image":"","background-repeat":"repeat","background-position":"center center","background-size":"auto","background-attachment":"scroll","background-type":"","background-media":"","overlay-type":"","overlay-color":"","overlay-opacity":"","overlay-gradient":""}},"ast-content-background-meta":{"desktop":{"background-color":"var(--ast-global-color-5)","background-image":"","background-repeat":"repeat","background-position":"center center","background-size":"auto","background-attachment":"scroll","background-type":"","background-media":"","overlay-type":"","overlay-color":"","overlay-opacity":"","overlay-gradient":""},"tablet":{"background-color":"var(--ast-global-color-5)","background-image":"","background-repeat":"repeat","background-position":"center center","background-size":"auto","background-attachment":"scroll","background-type":"","background-media":"","overlay-type":"","overlay-color":"","overlay-opacity":"","overlay-gradient":""},"mobile":{"background-color":"var(--ast-global-color-5)","background-image":"","background-repeat":"repeat","background-position":"center center","background-size":"auto","background-attachment":"scroll","background-type":"","background-media":"","overlay-type":"","overlay-color":"","overlay-opacity":"","overlay-gradient":""}},"footnotes":""},"class_list":["post-5861","page","type-page","status-publish","hentry"],"jetpack_sharing_enabled":true,"_links":{"self":[{"href":"https:\/\/www.discoveregypt.org\/de\/wp-json\/wp\/v2\/pages\/5861","targetHints":{"allow":["GET"]}}],"collection":[{"href":"https:\/\/www.discoveregypt.org\/de\/wp-json\/wp\/v2\/pages"}],"about":[{"href":"https:\/\/www.discoveregypt.org\/de\/wp-json\/wp\/v2\/types\/page"}],"author":[{"embeddable":true,"href":"https:\/\/www.discoveregypt.org\/de\/wp-json\/wp\/v2\/users\/2"}],"replies":[{"embeddable":true,"href":"https:\/\/www.discoveregypt.org\/de\/wp-json\/wp\/v2\/comments?post=5861"}],"version-history":[{"count":151,"href":"https:\/\/www.discoveregypt.org\/de\/wp-json\/wp\/v2\/pages\/5861\/revisions"}],"predecessor-version":[{"id":7970,"href":"https:\/\/www.discoveregypt.org\/de\/wp-json\/wp\/v2\/pages\/5861\/revisions\/7970"}],"wp:attachment":[{"href":"https:\/\/www.discoveregypt.org\/de\/wp-json\/wp\/v2\/media?parent=5861"}],"curies":[{"name":"wp","href":"https:\/\/api.w.org\/{rel}","templated":true}]}}