{"id":6303,"date":"2025-03-31T11:23:29","date_gmt":"2025-03-31T11:23:29","guid":{"rendered":"https:\/\/www.discoveregypt.org\/?page_id=6303"},"modified":"2026-04-07T07:03:06","modified_gmt":"2026-04-07T07:03:06","slug":"mediterranean-lifestyle-in-dahab","status":"publish","type":"page","link":"https:\/\/www.discoveregypt.org\/de\/mediterranean-lifestyle-in-dahab\/","title":{"rendered":"Mediterranean Lifestyle in Dahab"},"content":{"rendered":"<div data-elementor-type=\"wp-page\" data-elementor-id=\"6303\" class=\"elementor elementor-6303\">\n\t\t\t\t\t\t<section class=\"elementor-section elementor-top-section elementor-element elementor-element-1b0a5d33 elementor-section-boxed elementor-section-height-default elementor-section-height-default\" data-id=\"1b0a5d33\" data-element_type=\"section\" data-e-type=\"section\" data-settings=\"{&quot;background_background&quot;:&quot;classic&quot;}\">\n\t\t\t\t\t\t\t<div class=\"elementor-background-overlay\"><\/div>\n\t\t\t\t\t\t\t<div class=\"elementor-container elementor-column-gap-default\">\n\t\t\t\t\t<div class=\"elementor-column elementor-col-50 elementor-top-column elementor-element elementor-element-1f841ba\" data-id=\"1f841ba\" data-element_type=\"column\" data-e-type=\"column\">\n\t\t\t<div class=\"elementor-widget-wrap elementor-element-populated\">\n\t\t\t\t\t\t<div class=\"elementor-element elementor-element-365ba0bd elementor-widget elementor-widget-heading\" data-id=\"365ba0bd\" data-element_type=\"widget\" data-e-type=\"widget\" data-widget_type=\"heading.default\">\n\t\t\t\t<div class=\"elementor-widget-container\">\n\t\t\t\t\t<h1 class=\"elementor-heading-title elementor-size-default\">Mediterranes Feeling am Roten Meer <img decoding=\"async\" role=\"img\" class=\"emoji\" alt=\"\ud83c\udf34\" src=\"https:\/\/s.w.org\/images\/core\/emoji\/15.0.3\/svg\/1f334.svg\"><\/h1>\t\t\t\t<\/div>\n\t\t\t\t<\/div>\n\t\t\t\t<div class=\"elementor-element elementor-element-4eba0ba elementor-widget elementor-widget-text-editor\" data-id=\"4eba0ba\" data-element_type=\"widget\" data-e-type=\"widget\" data-widget_type=\"text-editor.default\">\n\t\t\t\t<div class=\"elementor-widget-container\">\n\t\t\t\t\t\t\t\t\t<ul class=\"ul1\"><li>Ideal auf der Sinai-Halbinsel gelegen sowohl f\u00fcr Landratten wie auch Tauchbegeisterte<\/li><li>Strand-Promenade mit sch\u00f6nen \u201eRelax\u201c-Pl\u00e4tzchen und vielen Restaurants und Shops<\/li><li class=\"translation-block\">Sauber, ruhig, nicht zu gro\u00df und doch vielf\u00e4ltig f\u00fcr alle Besucher und G\u00e4ste<\/li><li>Hub f\u00fcr Sinai-Touren und zur Felsenstadt Petra in Jordanien<\/li><li>Angenehme \u201euntypisch \u00e4gyptische\u201c Atmosph\u00e4re zum Bummeln und Shoppen<\/li><li class=\"translation-block\">Ideal f\u00fcr Individualtouristen und digitale Nomaden ohne gro\u00dfe Luxusanspr\u00fcche<\/li><\/ul>\t\t\t\t\t\t\t\t<\/div>\n\t\t\t\t<\/div>\n\t\t\t\t\t<\/div>\n\t\t<\/div>\n\t\t\t\t<div class=\"elementor-column elementor-col-50 elementor-top-column elementor-element elementor-element-c7d1829\" data-id=\"c7d1829\" data-element_type=\"column\" data-e-type=\"column\" data-settings=\"{&quot;background_background&quot;:&quot;classic&quot;}\">\n\t\t\t<div class=\"elementor-widget-wrap elementor-element-populated\">\n\t\t\t\t\t<div class=\"elementor-background-overlay\"><\/div>\n\t\t\t\t\t\t<div class=\"elementor-element elementor-element-960d4ff elementor-widget elementor-widget-text-editor\" data-id=\"960d4ff\" data-element_type=\"widget\" data-e-type=\"widget\" data-widget_type=\"text-editor.default\">\n\t\t\t\t<div class=\"elementor-widget-container\">\n\t\t\t\t\t\t\t\t\t<p>Darf ich vorstellen...<\/p>\t\t\t\t\t\t\t\t<\/div>\n\t\t\t\t<\/div>\n\t\t\t\t<div class=\"elementor-element elementor-element-dee131c elementor-widget elementor-widget-image\" data-id=\"dee131c\" data-element_type=\"widget\" data-e-type=\"widget\" data-widget_type=\"image.default\">\n\t\t\t\t<div class=\"elementor-widget-container\">\n\t\t\t\t\t\t\t\t\t\t\t\t\t\t\t<img fetchpriority=\"high\" decoding=\"async\" width=\"600\" height=\"600\" src=\"https:\/\/www.discoveregypt.org\/wp-content\/uploads\/2025\/04\/Rehab.png\" class=\"attachment-full size-full wp-image-6373\" alt=\"With Rehab in Dahab\" srcset=\"https:\/\/www.discoveregypt.org\/wp-content\/uploads\/2025\/04\/Rehab.png 600w, https:\/\/www.discoveregypt.org\/wp-content\/uploads\/2025\/04\/Rehab-300x300.png 300w, https:\/\/www.discoveregypt.org\/wp-content\/uploads\/2025\/04\/Rehab-150x150.png 150w, https:\/\/www.discoveregypt.org\/wp-content\/uploads\/2025\/04\/Rehab-12x12.png 12w\" sizes=\"(max-width: 600px) 100vw, 600px\" \/>\t\t\t\t\t\t\t\t\t\t\t\t\t\t\t<\/div>\n\t\t\t\t<\/div>\n\t\t\t\t<div class=\"elementor-element elementor-element-0093cca elementor-widget elementor-widget-text-editor\" data-id=\"0093cca\" data-element_type=\"widget\" data-e-type=\"widget\" id=\"main-text\" data-widget_type=\"text-editor.default\">\n\t\t\t\t<div class=\"elementor-widget-container\">\n\t\t\t\t\t\t\t\t\t<ul class=\"ul1\"><li>Rehab Younis, 38 Jahre, Mutter von zwei Kindern<\/li><li>Liebevoll \u201eMrs. Boss\u201c genannt<\/li><li>F\u00fcr mich eine der besten Tourorganisator\/innen in Dahab<\/li><li>Erf\u00fcllt auch Sonderw\u00fcnsche Ihrer Kund\/innen und G\u00e4ste<\/li><li>Spricht flie\u00dfend Englisch und ist jederzeit  erreichbar &amp; freundlich<\/li><li>Hervorragend in Dahab und auf dem Sinai vernetzt<\/li><\/ul>\t\t\t\t\t\t\t\t<\/div>\n\t\t\t\t<\/div>\n\t\t\t\t\t<\/div>\n\t\t<\/div>\n\t\t\t\t\t<\/div>\n\t\t<\/section>\n\t\t\t\t<section class=\"elementor-section elementor-top-section elementor-element elementor-element-05e947d elementor-section-boxed elementor-section-height-default elementor-section-height-default\" data-id=\"05e947d\" data-element_type=\"section\" data-e-type=\"section\" data-settings=\"{&quot;background_background&quot;:&quot;classic&quot;}\">\n\t\t\t\t\t\t\t<div class=\"elementor-background-overlay\"><\/div>\n\t\t\t\t\t\t\t<div class=\"elementor-container elementor-column-gap-default\">\n\t\t\t\t\t<div class=\"elementor-column elementor-col-50 elementor-top-column elementor-element elementor-element-b46641a\" data-id=\"b46641a\" data-element_type=\"column\" data-e-type=\"column\">\n\t\t\t<div class=\"elementor-widget-wrap elementor-element-populated\">\n\t\t\t\t\t\t<div class=\"elementor-element elementor-element-57dfccb elementor-widget elementor-widget-heading\" data-id=\"57dfccb\" data-element_type=\"widget\" data-e-type=\"widget\" data-widget_type=\"heading.default\">\n\t\t\t\t<div class=\"elementor-widget-container\">\n\t\t\t\t\t<h2 class=\"elementor-heading-title elementor-size-default\">Dahab - locker, farbenfroh und mit orientalischem Flair <img decoding=\"async\" role=\"img\" class=\"emoji\" alt=\"\ud83c\udfd6\ufe0f\" src=\"https:\/\/s.w.org\/images\/core\/emoji\/15.0.3\/svg\/1f3d6.svg\"><\/h2>\t\t\t\t<\/div>\n\t\t\t\t<\/div>\n\t\t\t\t<div class=\"elementor-element elementor-element-89e0633 elementor-widget elementor-widget-text-editor\" data-id=\"89e0633\" data-element_type=\"widget\" data-e-type=\"widget\" id=\"main-text\" data-widget_type=\"text-editor.default\">\n\t\t\t\t<div class=\"elementor-widget-container\">\n\t\t\t\t\t\t\t\t\t<p>Anfang 2023 bin ich erstmals auf den Sinai gereist.  Mein \u00e4gyptischer Freund Walid empfahl mir Dahab als Ausgangspunkt f\u00fcr meine Sinai-Erkundungen.<\/p><p>Vom ersten Moment an wurde ich von einer herzlichen und einladenden Atmosph\u00e4re empfangen.<\/p><p>Als Unterkunft w\u00e4hlte ich das 'Mirage Village', ein ruhiger Ort am n\u00f6rdlichen Ende der lebendigen Strandpromenade. Dieses 2-3* Hotel mit Tauchbasis kann ich allen empfehlen, die nicht den Fokus auf Luxus haben. Den Hotel-Slogan 'It's not a hotel, if feels like home' habe ich immer so erlebt.<\/p><p class=\"translation-block\">Dahab ist aufgrund seiner zentralen Lage auf dem Sinai ein idealer Ausgangspunkt, um diese faszinierende W\u00fcstenhalbinsel zu entdecken. Dieses \u00d6rtchen bietet alles, was sich ein Individualtourist w\u00fcnscht. Es besticht mit einem Mix aus \u00e4gyptischen und mediterranem Flair am Roten Meer. Mehr zu diesem Ort als Alternative zu Sharm El Sheik findet ihr <a href=\"https:\/\/de.wikipedia.org\/wiki\/Dahab\" target=\"_self\">hier<\/a>.<\/p><p>F\u00fcr die Organisation und Buchung von allen beschriebenen Sinai-Touren (Aufstieg zum Mount Sinai mit Besuch des Klosters St. Catherine, Schwimmen im Wadi el Wesh Wash, und White &amp; Red Canyon) kann ich euch Rehab empfehlen, die ich im Mirage Village kennen- und als Tour Operator sch\u00e4tzen gelernt habe. Sie organisiert  Touren auf bzw. unter Wasser und bucht Hotels in jedem Standard und mit entsprechendem Komfort.<\/p><p class=\"translation-block\">Gerne stelle ich \u00fcber das <a href=\"https:\/\/www.discoveregypt.org\/de\/contact\/\" target=\"_self\">Kontaktformular<\/a> den Kontakt zu Rehab f\u00fcr euch her.<\/p>\t\t\t\t\t\t\t\t<\/div>\n\t\t\t\t<\/div>\n\t\t\t\t\t<\/div>\n\t\t<\/div>\n\t\t\t\t<div class=\"elementor-column elementor-col-50 elementor-top-column elementor-element elementor-element-f99b5c7\" data-id=\"f99b5c7\" data-element_type=\"column\" data-e-type=\"column\">\n\t\t\t<div class=\"elementor-widget-wrap elementor-element-populated\">\n\t\t\t\t\t\t<div class=\"elementor-element elementor-element-2977886 elementor-pagination-position-outside elementor-widget elementor-widget-image-carousel\" data-id=\"2977886\" data-element_type=\"widget\" data-e-type=\"widget\" data-settings=\"{&quot;slides_to_show&quot;:&quot;1&quot;,&quot;navigation&quot;:&quot;dots&quot;,&quot;autoplay&quot;:&quot;yes&quot;,&quot;pause_on_hover&quot;:&quot;yes&quot;,&quot;pause_on_interaction&quot;:&quot;yes&quot;,&quot;autoplay_speed&quot;:5000,&quot;infinite&quot;:&quot;yes&quot;,&quot;effect&quot;:&quot;slide&quot;,&quot;speed&quot;:500}\" data-widget_type=\"image-carousel.default\">\n\t\t\t\t<div class=\"elementor-widget-container\">\n\t\t\t\t\t            <div class=\"elementor-image-carousel-wrapper swiper\" role=\"region\" aria-roledescription=\"carousel\" aria-label=\"Image Carousel\" dir=\"ltr\">\n                <div class=\"elementor-image-carousel swiper-wrapper swiper-image-stretch\" aria-live=\"off\">\n\t\t\t\t\t\t\t\t\t\t<div class=\"swiper-slide\"><a data-elementor-open-lightbox=\"yes\" data-elementor-lightbox-slideshow=\"2977886\" data-elementor-lightbox-title=\"A color-full village\" data-elementor-lightbox-description=\"A color-full village\" data-e-action-hash=\"#elementor-action%3Aaction%3Dlightbox%26settings%3DeyJpZCI6NjM0NiwidXJsIjoiaHR0cHM6XC9cL3d3dy5kaXNjb3ZlcmVneXB0Lm9yZ1wvd3AtY29udGVudFwvdXBsb2Fkc1wvMjAyNVwvMDNcLzIwMjMwMjA2XzEwMTk0OS5qcGciLCJzbGlkZXNob3ciOiIyOTc3ODg2In0%3D\" href=\"https:\/\/www.discoveregypt.org\/wp-content\/uploads\/2025\/03\/20230206_101949.jpg\"><figure class=\"swiper-slide-inner\"><img decoding=\"async\" class=\"swiper-slide-image\" src=\"https:\/\/www.discoveregypt.org\/wp-content\/uploads\/2025\/03\/20230206_101949.jpg\" alt=\"A color-full village\" \/><figcaption class=\"elementor-image-carousel-caption\">Ein farben-frohes Dorf<\/figcaption><\/figure><\/a><\/div><div class=\"swiper-slide\"><a data-elementor-open-lightbox=\"yes\" data-elementor-lightbox-slideshow=\"2977886\" data-elementor-lightbox-title=\"Dahab promenade\" data-elementor-lightbox-description=\"Dahab promenade\" data-e-action-hash=\"#elementor-action%3Aaction%3Dlightbox%26settings%3DeyJpZCI6NjM1MiwidXJsIjoiaHR0cHM6XC9cL3d3dy5kaXNjb3ZlcmVneXB0Lm9yZ1wvd3AtY29udGVudFwvdXBsb2Fkc1wvMjAyNVwvMDNcL0RhaGFiUHJvbWVuYWRlLXNjYWxlZC5qcGciLCJzbGlkZXNob3ciOiIyOTc3ODg2In0%3D\" href=\"https:\/\/www.discoveregypt.org\/wp-content\/uploads\/2025\/03\/DahabPromenade-scaled.jpg\"><figure class=\"swiper-slide-inner\"><img decoding=\"async\" class=\"swiper-slide-image\" src=\"https:\/\/www.discoveregypt.org\/wp-content\/uploads\/2025\/03\/DahabPromenade-scaled.jpg\" alt=\"Dahab promenade\" \/><figcaption class=\"elementor-image-carousel-caption\">Dahab-Promenade<\/figcaption><\/figure><\/a><\/div><div class=\"swiper-slide\"><a data-elementor-open-lightbox=\"yes\" data-elementor-lightbox-slideshow=\"2977886\" data-elementor-lightbox-title=\"Beautiful street shop\" data-elementor-lightbox-description=\"Beautiful street shop\" data-e-action-hash=\"#elementor-action%3Aaction%3Dlightbox%26settings%3DeyJpZCI6NjM1NSwidXJsIjoiaHR0cHM6XC9cL3d3dy5kaXNjb3ZlcmVneXB0Lm9yZ1wvd3AtY29udGVudFwvdXBsb2Fkc1wvMjAyNVwvMDNcL1N0cmFzc2Vuc2hvcDEtc2NhbGVkLmpwZyIsInNsaWRlc2hvdyI6IjI5Nzc4ODYifQ%3D%3D\" href=\"https:\/\/www.discoveregypt.org\/wp-content\/uploads\/2025\/03\/Strassenshop1-scaled.jpg\"><figure class=\"swiper-slide-inner\"><img decoding=\"async\" class=\"swiper-slide-image\" src=\"https:\/\/www.discoveregypt.org\/wp-content\/uploads\/2025\/03\/Strassenshop1-scaled.jpg\" alt=\"Beautiful street shop\" \/><figcaption class=\"elementor-image-carousel-caption\">Sch\u00f6ner Stra\u00dfenladen<\/figcaption><\/figure><\/a><\/div><div class=\"swiper-slide\"><a data-elementor-open-lightbox=\"yes\" data-elementor-lightbox-slideshow=\"2977886\" data-elementor-lightbox-title=\"&quot;Hanging around&quot; at Dahab promenade\" data-elementor-lightbox-description=\"&quot;Hanging around&quot; at Dahab promenade\" data-e-action-hash=\"#elementor-action%3Aaction%3Dlightbox%26settings%3DeyJpZCI6NjM0OSwidXJsIjoiaHR0cHM6XC9cL3d3dy5kaXNjb3ZlcmVneXB0Lm9yZ1wvd3AtY29udGVudFwvdXBsb2Fkc1wvMjAyNVwvMDNcLzIwMjMxMDA3XzE1MTY0MC1zY2FsZWQuanBnIiwic2xpZGVzaG93IjoiMjk3Nzg4NiJ9\" href=\"https:\/\/www.discoveregypt.org\/wp-content\/uploads\/2025\/03\/20231007_151640-scaled.jpg\"><figure class=\"swiper-slide-inner\"><img decoding=\"async\" class=\"swiper-slide-image\" src=\"https:\/\/www.discoveregypt.org\/wp-content\/uploads\/2025\/03\/20231007_151640-scaled.jpg\" alt=\"&quot;Hanging around&quot; at Dahab promenade\" \/><figcaption class=\"elementor-image-carousel-caption\">\"Abh\u00e4ngen\" auf der Promenade<\/figcaption><\/figure><\/a><\/div><div class=\"swiper-slide\"><a data-elementor-open-lightbox=\"yes\" data-elementor-lightbox-slideshow=\"2977886\" data-elementor-lightbox-title=\"Diver&#039;s paradise\" data-elementor-lightbox-description=\"Diver&#039;s paradise\" data-e-action-hash=\"#elementor-action%3Aaction%3Dlightbox%26settings%3DeyJpZCI6NjM0NywidXJsIjoiaHR0cHM6XC9cL3d3dy5kaXNjb3ZlcmVneXB0Lm9yZ1wvd3AtY29udGVudFwvdXBsb2Fkc1wvMjAyNVwvMDNcLzIwMjMwMjA2XzEwNTA1Ni5qcGciLCJzbGlkZXNob3ciOiIyOTc3ODg2In0%3D\" href=\"https:\/\/www.discoveregypt.org\/wp-content\/uploads\/2025\/03\/20230206_105056.jpg\"><figure class=\"swiper-slide-inner\"><img decoding=\"async\" class=\"swiper-slide-image\" src=\"https:\/\/www.discoveregypt.org\/wp-content\/uploads\/2025\/03\/20230206_105056.jpg\" alt=\"Diver&#039;s paradise\" \/><figcaption class=\"elementor-image-carousel-caption\">Paradies f\u00fcr Taucher<\/figcaption><\/figure><\/a><\/div><div class=\"swiper-slide\"><a data-elementor-open-lightbox=\"yes\" data-elementor-lightbox-slideshow=\"2977886\" data-elementor-lightbox-title=\"Dahab impressions\" data-elementor-lightbox-description=\"Dahab impressions\" data-e-action-hash=\"#elementor-action%3Aaction%3Dlightbox%26settings%3DeyJpZCI6NjM0OCwidXJsIjoiaHR0cHM6XC9cL3d3dy5kaXNjb3ZlcmVneXB0Lm9yZ1wvd3AtY29udGVudFwvdXBsb2Fkc1wvMjAyNVwvMDNcLzIwMjMxMDA3XzEyMjYzMy1zY2FsZWQuanBnIiwic2xpZGVzaG93IjoiMjk3Nzg4NiJ9\" href=\"https:\/\/www.discoveregypt.org\/wp-content\/uploads\/2025\/03\/20231007_122633-scaled.jpg\"><figure class=\"swiper-slide-inner\"><img decoding=\"async\" class=\"swiper-slide-image\" src=\"https:\/\/www.discoveregypt.org\/wp-content\/uploads\/2025\/03\/20231007_122633-scaled.jpg\" alt=\"Dahab impressions\" \/><figcaption class=\"elementor-image-carousel-caption\">Dahab-Eindr\u00fccke<\/figcaption><\/figure><\/a><\/div><div class=\"swiper-slide\"><a data-elementor-open-lightbox=\"yes\" data-elementor-lightbox-slideshow=\"2977886\" data-elementor-lightbox-title=\"View across the Gulf of Akaba\" data-elementor-lightbox-description=\"View across the Gulf of Akaba\" data-e-action-hash=\"#elementor-action%3Aaction%3Dlightbox%26settings%3DeyJpZCI6NjM0NSwidXJsIjoiaHR0cHM6XC9cL3d3dy5kaXNjb3ZlcmVneXB0Lm9yZ1wvd3AtY29udGVudFwvdXBsb2Fkc1wvMjAyNVwvMDNcLzIwMjMwMjA1XzEwMzkyNi5qcGciLCJzbGlkZXNob3ciOiIyOTc3ODg2In0%3D\" href=\"https:\/\/www.discoveregypt.org\/wp-content\/uploads\/2025\/03\/20230205_103926.jpg\"><figure class=\"swiper-slide-inner\"><img decoding=\"async\" class=\"swiper-slide-image\" src=\"https:\/\/www.discoveregypt.org\/wp-content\/uploads\/2025\/03\/20230205_103926.jpg\" alt=\"View across the Gulf of Akaba\" \/><figcaption class=\"elementor-image-carousel-caption\">Blick \u00fcber den Golf von Akaba<\/figcaption><\/figure><\/a><\/div><div class=\"swiper-slide\"><a data-elementor-open-lightbox=\"yes\" data-elementor-lightbox-slideshow=\"2977886\" data-elementor-lightbox-title=\"Entrance to Dahab Square Mall\" data-elementor-lightbox-description=\"Entrance to Dahab Square Mall\" data-e-action-hash=\"#elementor-action%3Aaction%3Dlightbox%26settings%3DeyJpZCI6NjM2MiwidXJsIjoiaHR0cHM6XC9cL3d3dy5kaXNjb3ZlcmVneXB0Lm9yZ1wvd3AtY29udGVudFwvdXBsb2Fkc1wvMjAyNVwvMDRcL0lNRy0yMDIzMDIwNC1XQTAwMTcuanBnIiwic2xpZGVzaG93IjoiMjk3Nzg4NiJ9\" href=\"https:\/\/www.discoveregypt.org\/wp-content\/uploads\/2025\/04\/IMG-20230204-WA0017.jpg\"><figure class=\"swiper-slide-inner\"><img decoding=\"async\" class=\"swiper-slide-image\" src=\"https:\/\/www.discoveregypt.org\/wp-content\/uploads\/2025\/04\/IMG-20230204-WA0017.jpg\" alt=\"Entrance to Dahab Square Mall\" \/><figcaption class=\"elementor-image-carousel-caption\">Einfahrt zur Dahab Square Mall<\/figcaption><\/figure><\/a><\/div><div class=\"swiper-slide\"><a data-elementor-open-lightbox=\"yes\" data-elementor-lightbox-slideshow=\"2977886\" data-elementor-lightbox-title=\"Typical lamp shop\" data-elementor-lightbox-description=\"Typical lamp shop\" data-e-action-hash=\"#elementor-action%3Aaction%3Dlightbox%26settings%3DeyJpZCI6NjM1MSwidXJsIjoiaHR0cHM6XC9cL3d3dy5kaXNjb3ZlcmVneXB0Lm9yZ1wvd3AtY29udGVudFwvdXBsb2Fkc1wvMjAyNVwvMDNcL0Fub3RoZXJsYW1wc2luRGFoYWItc2NhbGVkLmpwZyIsInNsaWRlc2hvdyI6IjI5Nzc4ODYifQ%3D%3D\" href=\"https:\/\/www.discoveregypt.org\/wp-content\/uploads\/2025\/03\/AnotherlampsinDahab-scaled.jpg\"><figure class=\"swiper-slide-inner\"><img decoding=\"async\" class=\"swiper-slide-image\" src=\"https:\/\/www.discoveregypt.org\/wp-content\/uploads\/2025\/03\/AnotherlampsinDahab-scaled.jpg\" alt=\"Typical lamp shop\" \/><figcaption class=\"elementor-image-carousel-caption\">Typischer Lampenladen<\/figcaption><\/figure><\/a><\/div><div class=\"swiper-slide\"><a data-elementor-open-lightbox=\"yes\" data-elementor-lightbox-slideshow=\"2977886\" data-elementor-lightbox-title=\"Lamps&#039;R&#039;Us\" data-elementor-lightbox-description=\"Lamps&#039;R&#039;Us\" data-e-action-hash=\"#elementor-action%3Aaction%3Dlightbox%26settings%3DeyJpZCI6NjM1NCwidXJsIjoiaHR0cHM6XC9cL3d3dy5kaXNjb3ZlcmVneXB0Lm9yZ1wvd3AtY29udGVudFwvdXBsb2Fkc1wvMjAyNVwvMDNcL0xhbXBzaW5EYWhhYi1zY2FsZWQuanBnIiwic2xpZGVzaG93IjoiMjk3Nzg4NiJ9\" href=\"https:\/\/www.discoveregypt.org\/wp-content\/uploads\/2025\/03\/LampsinDahab-scaled.jpg\"><figure class=\"swiper-slide-inner\"><img decoding=\"async\" class=\"swiper-slide-image\" src=\"https:\/\/www.discoveregypt.org\/wp-content\/uploads\/2025\/03\/LampsinDahab-scaled.jpg\" alt=\"Lamps&#039;R&#039;Us\" \/><figcaption class=\"elementor-image-carousel-caption\">Lamps'R'Us<\/figcaption><\/figure><\/a><\/div><div class=\"swiper-slide\"><a data-elementor-open-lightbox=\"yes\" data-elementor-lightbox-slideshow=\"2977886\" data-elementor-lightbox-title=\"Inviting...\" data-elementor-lightbox-description=\"Inviting...\" data-e-action-hash=\"#elementor-action%3Aaction%3Dlightbox%26settings%3DeyJpZCI6NjM1MCwidXJsIjoiaHR0cHM6XC9cL3d3dy5kaXNjb3ZlcmVneXB0Lm9yZ1wvd3AtY29udGVudFwvdXBsb2Fkc1wvMjAyNVwvMDNcL0FsQ2Fwb25lUmVzdGF1cmFudGluRGFoYWItc2NhbGVkLmpwZyIsInNsaWRlc2hvdyI6IjI5Nzc4ODYifQ%3D%3D\" href=\"https:\/\/www.discoveregypt.org\/wp-content\/uploads\/2025\/03\/AlCaponeRestaurantinDahab-scaled.jpg\"><figure class=\"swiper-slide-inner\"><img decoding=\"async\" class=\"swiper-slide-image\" src=\"https:\/\/www.discoveregypt.org\/wp-content\/uploads\/2025\/03\/AlCaponeRestaurantinDahab-scaled.jpg\" alt=\"Inviting...\" \/><figcaption class=\"elementor-image-carousel-caption\">Einladend...<\/figcaption><\/figure><\/a><\/div>                <\/div>\n\t\t\t\t\t\t\t\t\t                        <div class=\"swiper-pagination\"><\/div>\n\t\t\t\t\t\t\t\t\t\t\t\t\t\t            <\/div>\n\t\t\t\t\t\t\t<\/div>\n\t\t\t\t<\/div>\n\t\t\t\t<div class=\"elementor-element elementor-element-382a225 elementor-widget elementor-widget-heading\" data-id=\"382a225\" data-element_type=\"widget\" data-e-type=\"widget\" data-widget_type=\"heading.default\">\n\t\t\t\t<div class=\"elementor-widget-container\">\n\t\t\t\t\t<h2 class=\"elementor-heading-title elementor-size-default\">Touren von und mit Rehab<\/h2>\t\t\t\t<\/div>\n\t\t\t\t<\/div>\n\t\t\t\t<div class=\"elementor-element elementor-element-6f292dc elementor-widget elementor-widget-text-editor\" data-id=\"6f292dc\" data-element_type=\"widget\" data-e-type=\"widget\" id=\"main-text\" data-widget_type=\"text-editor.default\">\n\t\t\t\t<div class=\"elementor-widget-container\">\n\t\t\t\t\t\t\t\t\t<p><a href=\"https:\/\/www.discoveregypt.org\/de\/wadi-el-weshwash\/\">Schwimmen im Wadi El Wesh Wash<\/a><\/p><p><a href=\"https:\/\/www.discoveregypt.org\/de\/magical-moses-mountain\/\">Besteigung des Mount Sinai mit Besuch des Katharinenklosters<\/a><\/p><p><a href=\"https:\/\/www.discoveregypt.org\/de\/red-white-canyon\/\">Abenteuergef\u00fchle im White &amp; Red Canyon<\/a><\/p>\t\t\t\t\t\t\t\t<\/div>\n\t\t\t\t<\/div>\n\t\t\t\t\t<\/div>\n\t\t<\/div>\n\t\t\t\t\t<\/div>\n\t\t<\/section>\n\t\t\t\t<\/div>","protected":false},"excerpt":{"rendered":"<p>Mediterranean Feeling at the Red Sea Ideally located on the Sinai peninsular for landlubbers and divers alike Beach promenade with lovely relaxing spots and many restaurants and shops Clean, quiet, not too big, yet diverse enough for all visitorsand guests Hub for many Sinai tours and the rock city of Petra in Jordan Pleasant \u2018untypically [&hellip;]<\/p>\n","protected":false},"author":2,"featured_media":0,"parent":0,"menu_order":0,"comment_status":"closed","ping_status":"closed","template":"elementor_header_footer","meta":{"site-sidebar-layout":"no-sidebar","site-content-layout":"page-builder","ast-site-content-layout":"full-width-container","site-content-style":"unboxed","site-sidebar-style":"unboxed","ast-global-header-display":"","ast-banner-title-visibility":"","ast-main-header-display":"","ast-hfb-above-header-display":"","ast-hfb-below-header-display":"","ast-hfb-mobile-header-display":"","site-post-title":"disabled","ast-breadcrumbs-content":"","ast-featured-img":"","footer-sml-layout":"","ast-disable-related-posts":"","theme-transparent-header-meta":"enabled","adv-header-id-meta":"","stick-header-meta":"","header-above-stick-meta":"","header-main-stick-meta":"","header-below-stick-meta":"","astra-migrate-meta-layouts":"set","ast-page-background-enabled":"default","ast-page-background-meta":{"desktop":{"background-color":"","background-image":"","background-repeat":"repeat","background-position":"center center","background-size":"auto","background-attachment":"scroll","background-type":"","background-media":"","overlay-type":"","overlay-color":"","overlay-opacity":"","overlay-gradient":""},"tablet":{"background-color":"","background-image":"","background-repeat":"repeat","background-position":"center center","background-size":"auto","background-attachment":"scroll","background-type":"","background-media":"","overlay-type":"","overlay-color":"","overlay-opacity":"","overlay-gradient":""},"mobile":{"background-color":"","background-image":"","background-repeat":"repeat","background-position":"center center","background-size":"auto","background-attachment":"scroll","background-type":"","background-media":"","overlay-type":"","overlay-color":"","overlay-opacity":"","overlay-gradient":""}},"ast-content-background-meta":{"desktop":{"background-color":"var(--ast-global-color-5)","background-image":"","background-repeat":"repeat","background-position":"center center","background-size":"auto","background-attachment":"scroll","background-type":"","background-media":"","overlay-type":"","overlay-color":"","overlay-opacity":"","overlay-gradient":""},"tablet":{"background-color":"var(--ast-global-color-5)","background-image":"","background-repeat":"repeat","background-position":"center center","background-size":"auto","background-attachment":"scroll","background-type":"","background-media":"","overlay-type":"","overlay-color":"","overlay-opacity":"","overlay-gradient":""},"mobile":{"background-color":"var(--ast-global-color-5)","background-image":"","background-repeat":"repeat","background-position":"center center","background-size":"auto","background-attachment":"scroll","background-type":"","background-media":"","overlay-type":"","overlay-color":"","overlay-opacity":"","overlay-gradient":""}},"footnotes":""},"class_list":["post-6303","page","type-page","status-publish","hentry"],"jetpack_sharing_enabled":true,"_links":{"self":[{"href":"https:\/\/www.discoveregypt.org\/de\/wp-json\/wp\/v2\/pages\/6303","targetHints":{"allow":["GET"]}}],"collection":[{"href":"https:\/\/www.discoveregypt.org\/de\/wp-json\/wp\/v2\/pages"}],"about":[{"href":"https:\/\/www.discoveregypt.org\/de\/wp-json\/wp\/v2\/types\/page"}],"author":[{"embeddable":true,"href":"https:\/\/www.discoveregypt.org\/de\/wp-json\/wp\/v2\/users\/2"}],"replies":[{"embeddable":true,"href":"https:\/\/www.discoveregypt.org\/de\/wp-json\/wp\/v2\/comments?post=6303"}],"version-history":[{"count":79,"href":"https:\/\/www.discoveregypt.org\/de\/wp-json\/wp\/v2\/pages\/6303\/revisions"}],"predecessor-version":[{"id":7581,"href":"https:\/\/www.discoveregypt.org\/de\/wp-json\/wp\/v2\/pages\/6303\/revisions\/7581"}],"wp:attachment":[{"href":"https:\/\/www.discoveregypt.org\/de\/wp-json\/wp\/v2\/media?parent=6303"}],"curies":[{"name":"wp","href":"https:\/\/api.w.org\/{rel}","templated":true}]}}